{"id":9114,"date":"2022-07-01T22:30:07","date_gmt":"2022-07-01T20:30:07","guid":{"rendered":"https:\/\/br.tereos.com\/?page_id=9114"},"modified":"2025-08-27T15:41:15","modified_gmt":"2025-08-27T13:41:15","slug":"sustentabilidade","status":"publish","type":"page","link":"https:\/\/br.tereos.com\/pt-pt\/sustentabilidade\/","title":{"rendered":"Sustentabilidade"},"content":{"rendered":"","protected":false},"excerpt":{"rendered":"","protected":false},"author":278,"featured_media":9106,"parent":0,"menu_order":0,"comment_status":"closed","ping_status":"closed","template":"page-editorial.php","meta":{"_acf_changed":false,"footnotes":""},"class_list":["post-9114","page","type-page","status-publish","has-post-thumbnail","hentry"],"acf":{"is_story":false,"is_testimonial":false,"cover_mode":"hero","cover_image":9106,"cover_video_clone":{"cover_mode":"hero","cover_image":9106},"subtitle":"","subtitle_clone":{"subtitle":""},"headline":"Para a Tereos, o desenvolvimento sustent\u00e1vel aliado \u00e0 estrat\u00e9gia de neg\u00f3cio da companhia \u00e9 um compromisso essencial para o futuro da sociedade.\u00a0","headline_clone":{"headline":"Para a Tereos, o desenvolvimento sustent\u00e1vel aliado \u00e0 estrat\u00e9gia de neg\u00f3cio da companhia \u00e9 um compromisso essencial para o futuro da sociedade.\u00a0"},"has_anchors":false,"sections":[{"acf_fc_layout":"featured_pages","anchor_title":"","rows":[{"items":[{"title":"Nossos pilares ESG","image":9138,"page":{"ID":11325,"post_author":"278","post_date":"2025-08-27 15:33:55","post_date_gmt":"2025-08-27 13:33:55","post_content":"","post_title":"Pilares de Sustentabilidade","post_excerpt":"","post_status":"publish","comment_status":"closed","ping_status":"closed","post_password":"","post_name":"pilares-sustentabilidade","to_ping":"","pinged":"","post_modified":"2025-08-27 15:33:55","post_modified_gmt":"2025-08-27 13:33:55","post_content_filtered":"","post_parent":9114,"guid":"https:\/\/br.tereos.com\/?page_id=11325","menu_order":0,"post_type":"page","post_mime_type":"","comment_count":"0","filter":"raw"}},{"title":"Nossas not\u00edcias","image":9139,"page":{"ID":9347,"post_author":"4","post_date":"2022-09-20 13:57:27","post_date_gmt":"2022-09-20 11:57:27","post_content":"","post_title":"Not\u00edcias","post_excerpt":"","post_status":"publish","comment_status":"closed","ping_status":"closed","post_password":"","post_name":"noticias-de-esg","to_ping":"","pinged":"","post_modified":"2022-12-29 02:26:01","post_modified_gmt":"2022-12-29 01:26:01","post_content_filtered":"","post_parent":0,"guid":"https:\/\/br.tereos.com\/?page_id=9347","menu_order":0,"post_type":"page","post_mime_type":"","comment_count":"0","filter":"raw"}},{"title":"Relat\u00f3rio de Sustentabilidade","image":9140,"page":{"ID":11069,"post_author":"278","post_date":"2025-08-25 02:34:14","post_date_gmt":"2025-08-25 00:34:14","post_content":"","post_title":"","post_excerpt":"","post_status":"publish","comment_status":"closed","ping_status":"closed","post_password":"","post_name":"relatorio-de-sustentabilidade-24-25","to_ping":"","pinged":"","post_modified":"2025-09-16 17:43:45","post_modified_gmt":"2025-09-16 20:43:45","post_content_filtered":"","post_parent":9114,"guid":"https:\/\/br.tereos.com\/?page_id=11069","menu_order":0,"post_type":"page","post_mime_type":"","comment_count":"0","filter":"raw"}}]}]},{"acf_fc_layout":"rich_text","anchor_title":"","text":"<p>Somos comprometidos com pr\u00e1ticas agr\u00edcolas sustent\u00e1veis e realizamos o aproveitamento m\u00e1ximo das mat\u00e9rias-primas agr\u00edcolas, em um modelo virtuoso de economia circular, gerando valor por meio do campo e oferecendo solu\u00e7\u00f5es sustent\u00e1veis \u00e0s necessidades do dia a dia.<\/p>\n<p>Nossa agenda de sustentabilidade baseia-se em pilares globais da Tereos (Sustain\u20192030), adequados a nossa realidade local atrav\u00e9s dos nossos 8 temas materiais, apoiados nos Objetivos de Desenvolvimento Sustent\u00e1vel (ODS) da Organiza\u00e7\u00e3o das Na\u00e7\u00f5es Unidas (ONU).<\/p>\n<p>Tamb\u00e9m contamos com importantes certifica\u00e7\u00f5es de mercado, com altos padr\u00f5es de qualidade em todo o processo produtivo, o que comprova que aliamos pr\u00e1ticas agr\u00edcolas de alta performance com respeito ao meio ambiente e seguran\u00e7a em todas as nossas unidades.<\/p>\n"},{"acf_fc_layout":"rich_text","anchor_title":"","text":"<h4 style=\"text-align: center\"><a href=\"https:\/\/br.tereos.com\/pt-pt\/desenvolvimento-sustentavel\/acoes-responsaveis-por-toda-a-cadeia-de-valor\/\"><strong>Veja aqui<\/strong><\/a> como atuamos de forma respons\u00e1vel em toda a<br \/>\nnossa cadeia de valor.<\/h4>\n"}],"flexible_editorial_clone":{"has_anchors":false,"sections":[{"acf_fc_layout":"featured_pages","anchor_title":"","rows":[{"items":[{"title":"Nossos pilares ESG","image":9138,"page":{"ID":11325,"post_author":"278","post_date":"2025-08-27 15:33:55","post_date_gmt":"2025-08-27 13:33:55","post_content":"","post_title":"Pilares de Sustentabilidade","post_excerpt":"","post_status":"publish","comment_status":"closed","ping_status":"closed","post_password":"","post_name":"pilares-sustentabilidade","to_ping":"","pinged":"","post_modified":"2025-08-27 15:33:55","post_modified_gmt":"2025-08-27 13:33:55","post_content_filtered":"","post_parent":9114,"guid":"https:\/\/br.tereos.com\/?page_id=11325","menu_order":0,"post_type":"page","post_mime_type":"","comment_count":"0","filter":"raw"}},{"title":"Nossas not\u00edcias","image":9139,"page":{"ID":9347,"post_author":"4","post_date":"2022-09-20 13:57:27","post_date_gmt":"2022-09-20 11:57:27","post_content":"","post_title":"Not\u00edcias","post_excerpt":"","post_status":"publish","comment_status":"closed","ping_status":"closed","post_password":"","post_name":"noticias-de-esg","to_ping":"","pinged":"","post_modified":"2022-12-29 02:26:01","post_modified_gmt":"2022-12-29 01:26:01","post_content_filtered":"","post_parent":0,"guid":"https:\/\/br.tereos.com\/?page_id=9347","menu_order":0,"post_type":"page","post_mime_type":"","comment_count":"0","filter":"raw"}},{"title":"Relat\u00f3rio de Sustentabilidade","image":9140,"page":{"ID":11069,"post_author":"278","post_date":"2025-08-25 02:34:14","post_date_gmt":"2025-08-25 00:34:14","post_content":"","post_title":"","post_excerpt":"","post_status":"publish","comment_status":"closed","ping_status":"closed","post_password":"","post_name":"relatorio-de-sustentabilidade-24-25","to_ping":"","pinged":"","post_modified":"2025-09-16 17:43:45","post_modified_gmt":"2025-09-16 20:43:45","post_content_filtered":"","post_parent":9114,"guid":"https:\/\/br.tereos.com\/?page_id=11069","menu_order":0,"post_type":"page","post_mime_type":"","comment_count":"0","filter":"raw"}}]}]},{"acf_fc_layout":"rich_text","anchor_title":"","text":"<p>Somos comprometidos com pr\u00e1ticas agr\u00edcolas sustent\u00e1veis e realizamos o aproveitamento m\u00e1ximo das mat\u00e9rias-primas agr\u00edcolas, em um modelo virtuoso de economia circular, gerando valor por meio do campo e oferecendo solu\u00e7\u00f5es sustent\u00e1veis \u00e0s necessidades do dia a dia.<\/p>\n<p>Nossa agenda de sustentabilidade baseia-se em pilares globais da Tereos (Sustain\u20192030), adequados a nossa realidade local atrav\u00e9s dos nossos 8 temas materiais, apoiados nos Objetivos de Desenvolvimento Sustent\u00e1vel (ODS) da Organiza\u00e7\u00e3o das Na\u00e7\u00f5es Unidas (ONU).<\/p>\n<p>Tamb\u00e9m contamos com importantes certifica\u00e7\u00f5es de mercado, com altos padr\u00f5es de qualidade em todo o processo produtivo, o que comprova que aliamos pr\u00e1ticas agr\u00edcolas de alta performance com respeito ao meio ambiente e seguran\u00e7a em todas as nossas unidades.<\/p>\n"},{"acf_fc_layout":"rich_text","anchor_title":"","text":"<h4 style=\"text-align: center\"><a href=\"https:\/\/br.tereos.com\/pt-pt\/desenvolvimento-sustentavel\/acoes-responsaveis-por-toda-a-cadeia-de-valor\/\"><strong>Veja aqui<\/strong><\/a> como atuamos de forma respons\u00e1vel em toda a<br \/>\nnossa cadeia de valor.<\/h4>\n"}]}},"yoast_head":"<!-- This site is optimized with the Yoast SEO plugin v23.7 - https:\/\/yoast.com\/wordpress\/plugins\/seo\/ -->\n<title>Sustentabilidade - Brasil<\/title>\n<meta name=\"robots\" content=\"index, follow, max-snippet:-1, max-image-preview:large, max-video-preview:-1\" \/>\n<link rel=\"canonical\" href=\"https:\/\/br.tereos.com\/pt-pt\/sustentabilidade\/\" \/>\n<meta property=\"og:locale\" content=\"pt_PT\" \/>\n<meta property=\"og:type\" content=\"article\" \/>\n<meta property=\"og:title\" content=\"Sustentabilidade - Brasil\" \/>\n<meta property=\"og:url\" content=\"https:\/\/br.tereos.com\/pt-pt\/sustentabilidade\/\" \/>\n<meta property=\"og:site_name\" content=\"Brasil\" \/>\n<meta property=\"article:modified_time\" content=\"2025-08-27T13:41:15+00:00\" \/>\n<meta property=\"og:image\" content=\"https:\/\/www.tereos.com\/app\/uploads\/sites\/7\/2022\/07\/imagem4.jpg\" \/>\n\t<meta property=\"og:image:width\" content=\"2372\" \/>\n\t<meta property=\"og:image:height\" content=\"926\" \/>\n\t<meta property=\"og:image:type\" content=\"image\/jpeg\" \/>\n<meta name=\"twitter:card\" content=\"summary_large_image\" \/>\n<meta name=\"twitter:label1\" content=\"Est. reading time\" \/>\n\t<meta name=\"twitter:data1\" content=\"1 minute\" \/>\n<script type=\"application\/ld+json\" class=\"yoast-schema-graph\">{\"@context\":\"https:\/\/schema.org\",\"@graph\":[{\"@type\":\"WebPage\",\"@id\":\"https:\/\/br.tereos.com\/pt-pt\/sustentabilidade\/\",\"url\":\"https:\/\/br.tereos.com\/pt-pt\/sustentabilidade\/\",\"name\":\"Sustentabilidade - Brasil\",\"isPartOf\":{\"@id\":\"https:\/\/br.tereos.com\/pt-pt\/#website\"},\"primaryImageOfPage\":{\"@id\":\"https:\/\/br.tereos.com\/pt-pt\/sustentabilidade\/#primaryimage\"},\"image\":{\"@id\":\"https:\/\/br.tereos.com\/pt-pt\/sustentabilidade\/#primaryimage\"},\"thumbnailUrl\":\"https:\/\/www.tereos.com\/app\/uploads\/sites\/7\/2022\/07\/imagem4.jpg\",\"datePublished\":\"2022-07-01T20:30:07+00:00\",\"dateModified\":\"2025-08-27T13:41:15+00:00\",\"breadcrumb\":{\"@id\":\"https:\/\/br.tereos.com\/pt-pt\/sustentabilidade\/#breadcrumb\"},\"inLanguage\":\"pt-PT\",\"potentialAction\":[{\"@type\":\"ReadAction\",\"target\":[\"https:\/\/br.tereos.com\/pt-pt\/sustentabilidade\/\"]}]},{\"@type\":\"ImageObject\",\"inLanguage\":\"pt-PT\",\"@id\":\"https:\/\/br.tereos.com\/pt-pt\/sustentabilidade\/#primaryimage\",\"url\":\"https:\/\/www.tereos.com\/app\/uploads\/sites\/7\/2022\/07\/imagem4.jpg\",\"contentUrl\":\"https:\/\/www.tereos.com\/app\/uploads\/sites\/7\/2022\/07\/imagem4.jpg\",\"width\":2372,\"height\":926},{\"@type\":\"BreadcrumbList\",\"@id\":\"https:\/\/br.tereos.com\/pt-pt\/sustentabilidade\/#breadcrumb\",\"itemListElement\":[{\"@type\":\"ListItem\",\"position\":1,\"name\":\"Home\",\"item\":\"https:\/\/br.tereos.com\/pt-pt\/\"},{\"@type\":\"ListItem\",\"position\":2,\"name\":\"Sustentabilidade\"}]},{\"@type\":\"WebSite\",\"@id\":\"https:\/\/br.tereos.com\/pt-pt\/#website\",\"url\":\"https:\/\/br.tereos.com\/pt-pt\/\",\"name\":\"Brasil\",\"description\":\"Un site utilisant WordPress\",\"potentialAction\":[{\"@type\":\"SearchAction\",\"target\":{\"@type\":\"EntryPoint\",\"urlTemplate\":\"https:\/\/br.tereos.com\/pt-pt\/?s={search_term_string}\"},\"query-input\":{\"@type\":\"PropertyValueSpecification\",\"valueRequired\":true,\"valueName\":\"search_term_string\"}}],\"inLanguage\":\"pt-PT\"}]}<\/script>\n<!-- \/ Yoast SEO plugin. -->","yoast_head_json":{"title":"Sustentabilidade - Brasil","robots":{"index":"index","follow":"follow","max-snippet":"max-snippet:-1","max-image-preview":"max-image-preview:large","max-video-preview":"max-video-preview:-1"},"canonical":"https:\/\/br.tereos.com\/pt-pt\/sustentabilidade\/","og_locale":"pt_PT","og_type":"article","og_title":"Sustentabilidade - Brasil","og_url":"https:\/\/br.tereos.com\/pt-pt\/sustentabilidade\/","og_site_name":"Brasil","article_modified_time":"2025-08-27T13:41:15+00:00","og_image":[{"width":2372,"height":926,"url":"https:\/\/www.tereos.com\/app\/uploads\/sites\/7\/2022\/07\/imagem4.jpg","type":"image\/jpeg"}],"twitter_card":"summary_large_image","twitter_misc":{"Est. reading time":"1 minute"},"schema":{"@context":"https:\/\/schema.org","@graph":[{"@type":"WebPage","@id":"https:\/\/br.tereos.com\/pt-pt\/sustentabilidade\/","url":"https:\/\/br.tereos.com\/pt-pt\/sustentabilidade\/","name":"Sustentabilidade - Brasil","isPartOf":{"@id":"https:\/\/br.tereos.com\/pt-pt\/#website"},"primaryImageOfPage":{"@id":"https:\/\/br.tereos.com\/pt-pt\/sustentabilidade\/#primaryimage"},"image":{"@id":"https:\/\/br.tereos.com\/pt-pt\/sustentabilidade\/#primaryimage"},"thumbnailUrl":"https:\/\/www.tereos.com\/app\/uploads\/sites\/7\/2022\/07\/imagem4.jpg","datePublished":"2022-07-01T20:30:07+00:00","dateModified":"2025-08-27T13:41:15+00:00","breadcrumb":{"@id":"https:\/\/br.tereos.com\/pt-pt\/sustentabilidade\/#breadcrumb"},"inLanguage":"pt-PT","potentialAction":[{"@type":"ReadAction","target":["https:\/\/br.tereos.com\/pt-pt\/sustentabilidade\/"]}]},{"@type":"ImageObject","inLanguage":"pt-PT","@id":"https:\/\/br.tereos.com\/pt-pt\/sustentabilidade\/#primaryimage","url":"https:\/\/www.tereos.com\/app\/uploads\/sites\/7\/2022\/07\/imagem4.jpg","contentUrl":"https:\/\/www.tereos.com\/app\/uploads\/sites\/7\/2022\/07\/imagem4.jpg","width":2372,"height":926},{"@type":"BreadcrumbList","@id":"https:\/\/br.tereos.com\/pt-pt\/sustentabilidade\/#breadcrumb","itemListElement":[{"@type":"ListItem","position":1,"name":"Home","item":"https:\/\/br.tereos.com\/pt-pt\/"},{"@type":"ListItem","position":2,"name":"Sustentabilidade"}]},{"@type":"WebSite","@id":"https:\/\/br.tereos.com\/pt-pt\/#website","url":"https:\/\/br.tereos.com\/pt-pt\/","name":"Brasil","description":"Un site utilisant WordPress","potentialAction":[{"@type":"SearchAction","target":{"@type":"EntryPoint","urlTemplate":"https:\/\/br.tereos.com\/pt-pt\/?s={search_term_string}"},"query-input":{"@type":"PropertyValueSpecification","valueRequired":true,"valueName":"search_term_string"}}],"inLanguage":"pt-PT"}]}},"_links":{"self":[{"href":"https:\/\/br.tereos.com\/pt-pt\/wp-json\/wp\/v2\/pages\/9114"}],"collection":[{"href":"https:\/\/br.tereos.com\/pt-pt\/wp-json\/wp\/v2\/pages"}],"about":[{"href":"https:\/\/br.tereos.com\/pt-pt\/wp-json\/wp\/v2\/types\/page"}],"author":[{"embeddable":true,"href":"https:\/\/br.tereos.com\/pt-pt\/wp-json\/wp\/v2\/users\/278"}],"replies":[{"embeddable":true,"href":"https:\/\/br.tereos.com\/pt-pt\/wp-json\/wp\/v2\/comments?post=9114"}],"version-history":[{"count":4,"href":"https:\/\/br.tereos.com\/pt-pt\/wp-json\/wp\/v2\/pages\/9114\/revisions"}],"predecessor-version":[{"id":11335,"href":"https:\/\/br.tereos.com\/pt-pt\/wp-json\/wp\/v2\/pages\/9114\/revisions\/11335"}],"wp:featuredmedia":[{"embeddable":true,"href":"https:\/\/br.tereos.com\/pt-pt\/wp-json\/wp\/v2\/media\/9106"}],"wp:attachment":[{"href":"https:\/\/br.tereos.com\/pt-pt\/wp-json\/wp\/v2\/media?parent=9114"}],"curies":[{"name":"wp","href":"https:\/\/api.w.org\/{rel}","templated":true}]}}