{"id":8385,"date":"2021-09-21T10:07:31","date_gmt":"2021-09-21T08:07:31","guid":{"rendered":"https:\/\/br.tereos.com\/?page_id=8385"},"modified":"2021-09-21T10:13:56","modified_gmt":"2021-09-21T08:13:56","slug":"politica-relativa-a-utilizacao-de-cookies-e-outros-rastreadores","status":"publish","type":"page","link":"https:\/\/br.tereos.com\/pt-pt\/politica-relativa-a-utilizacao-de-cookies-e-outros-rastreadores\/","title":{"rendered":"POL\u00cdTICA RELATIVA \u00c0 UTILIZA\u00c7\u00c3O DE COOKIES E OUTROS RASTREADORES"},"content":{"rendered":"<p>Para melhorar a sua experi\u00eancia de navega\u00e7\u00e3o em nossos <i>websites<\/i>, a Tereos no Brasil (Tereos A\u00e7\u00facar e Energia Brasil S.A., Tereos Amido e Ado\u00e7antes do Brasil S.A., Tereos Internacional S.A., Tereos Commodities do Brasil S.A., Usina Vertente S.A e suas controladas), doravante denominada \u201cTereos\u201d, utiliza <i>cookies<\/i> e outros dispositivos.<\/p>\n<p>Ao acessar um dos <i>websites <\/i>da Tereos, voc\u00ea poder\u00e1 escolher os <i>cookies<\/i> que pretende aceitar ou recusar.<\/p>\n<h2><b>Defini\u00e7\u00e3o de cookies<\/b><\/h2>\n<p>Os <i>cookies<\/i> s\u00e3o pequenos arquivos ou informa\u00e7\u00f5es que podem ser armazenados em seus dispositivos quando voc\u00ea navega na <i>internet<\/i>. Os<i> cookies<\/i> s\u00e3o registrados pelos <i>websites<\/i> que voc\u00ea acessa e podem ser acessados pelas empresas que tratam os seus dados pessoais para atender as finalidades pretendidas na navega\u00e7\u00e3o. A Tereos apenas tem acesso aos <i>cookie<\/i>s dos seus pr\u00f3prios <i>websites<\/i>, isto \u00e9, n\u00e3o consulta os <i>cookies<\/i> de outras empresas.<\/p>\n<h2><b>Que tipos de cookies e durante quanto tempo s\u00e3o utilizados pela Tereos<\/b><\/h2>\n<table class=\"table\" border=\"1\">\n<tbody>\n<tr>\n<td style=\"width: 176px;\">\n<div><b><span lang=\"PT-BR\">Categorias<\/span><\/b><\/div>\n<\/td>\n<td style=\"width: 217px;\" width=\"196\"><strong>Descri\u00e7\u00e3o\/Objetivo<\/strong><\/td>\n<td style=\"width: 225px;\">\n<div><b><span lang=\"PT-BR\">Cookies<\/span><\/b><\/div>\n<\/td>\n<\/tr>\n<tr>\n<td style=\"width: 176px;\" width=\"172\">Cookies essenciais<\/td>\n<td style=\"width: 217px;\" width=\"196\">Estes <em>cookies<\/em> s\u00e3o necess\u00e1rios para o bom funcionamento do website.<\/td>\n<td style=\"width: 225px;\" width=\"238\"><strong>SESS:<\/strong> <em>Cookie<\/em> da sess\u00e3o, necess\u00e1rio para a conex\u00e3o e navega\u00e7\u00e3o no website.<\/td>\n<\/tr>\n<tr>\n<td style=\"width: 176px;\" width=\"172\">Cookies funcionais<\/td>\n<td style=\"width: 217px;\" width=\"196\">Estes <em>cookies<\/em> s\u00e3o utilizados pela Tereos para dar acesso a determinadas funcionalidades do website.<\/td>\n<td style=\"width: 225px;\" width=\"238\"><strong>sso_login_running: <\/strong><em>Cookie<\/em> associado \u00e0 autentica\u00e7\u00e3o \u00fanica da Tereos (que lhe permite conectar-se \u00e0 Internet sem indicar a palavra-passe e o nome de utilizador).<\/td>\n<\/tr>\n<tr>\n<td style=\"width: 176px;\" width=\"172\">Cookies de an\u00e1lise<\/td>\n<td style=\"width: 217px;\" width=\"196\">Estes <em>cookies<\/em> permitem \u00e0 Tereos analisar como utilizar a Internet para melhorar a sua qualidade e a sua navega\u00e7\u00e3o.<\/td>\n<td style=\"width: 225px;\" width=\"238\"><strong>ga: <\/strong>O <em>cookie<\/em> de <em>tracking<\/em> Google Analytics permite uma an\u00e1lise dos dados a longo prazo.<\/p>\n<p><strong>gid:\u00a0<\/strong>O <em>cookie<\/em> de<em> tracking<\/em> Google Analytics permite uma an\u00e1lise dos dados em tempo real.<\/td>\n<\/tr>\n<\/tbody>\n<\/table>\n<p>&nbsp;<\/p>\n<h2><b>Est\u00e3o \u00e0 sua disposi\u00e7\u00e3o outros meios para se opor aos cookies<\/b><\/h2>\n<p>Voc\u00ea poder\u00e1 ou n\u00e3o aceitar os <i>cookies<\/i>, com exce\u00e7\u00e3o dos <i>cookies<\/i> estritamente necess\u00e1rios, uma vez que tais <i>cookies<\/i> n\u00e3o demandam o consentimento dos usu\u00e1rios, pois s\u00e3o indispens\u00e1veis para o funcionamento do <i>website<\/i>.<\/p>\n<p>Para <i>cookies<\/i> sujeitos ao seu consentimento pr\u00e9vio, voc\u00ea poder\u00e1 fazer essas escolhas no \u201cPainel de gest\u00e3o de cookies\u201d, que surge quando voc\u00ea conecta pela primeira vez ao <i>website<\/i> da Tereos. Voc\u00ea pode alterar as suas escolhas de <i>cookies<\/i> na janela \u201cGest\u00e3o de <i>cookies\u201d<\/i>, ao clicar na aba \u201cGest\u00e3o de servi\u00e7os de cookies\u201d no canto inferior direito da p\u00e1gina do <i>website<\/i>. site<\/p>\n<p>Os navegadores tamb\u00e9m prop\u00f5em op\u00e7\u00f5es espec\u00edficas de <i>cookies<\/i> e geralmente uma op\u00e7\u00e3o \u201c<i>do not track<\/i>\u201d (n\u00e3o rastrear) para se opor, mediante os seguintes ajustes nas configura\u00e7\u00f5es de seu navegador:<\/p>\n<ul>\n<li>Mozilla Firefox: <a href=\"https:\/\/support.mozilla.org\/pt-BR\/kb\/desative-cookies-terceiros-impedir-rastreamento\">https:\/\/support.mozilla.org\/pt-BR\/kb\/desative-cookies-terceiros-impedir-rastreamento<\/a>;<\/li>\n<li>Google Chrome: <a href=\"https:\/\/support.google.com\/chrome\/answer\/95647?hl=pt-BR\">https:\/\/support.google.com\/chrome\/answer\/95647?hl=pt-BR<\/a>;<\/li>\n<li>Microsoft Edge: <a href=\"https:\/\/privacy.microsoft.com\/fr-fr\/windows-10-microsoft-edge-and-privacy\">https:\/\/privacy.microsoft.com\/fr-fr\/windows-10-microsoft-edge-and-privacy<\/a>;<\/li>\n<li>Apple Safari: <a href=\"http:\/\/safari.helpmax.net\/ps\/privacidade-e-seguranca\/como-remover-cookies\/\">http:\/\/safari.helpmax.net\/ps\/privacidade-e-seguranca\/como-remover-cookies\/<\/a>;<\/li>\n<li>Smartphone da Apple: <a href=\"https:\/\/support.apple.com\/pt-br\/HT205223\">https:\/\/support.apple.com\/pt-br\/HT205223<\/a>; e<\/li>\n<li>Smartphone Android: Abra as configura\u00e7\u00f5es do dispositivo m\u00f3vel, acesse o \u201cGoogle\u201d, \u201cAn\u00fancios\u201d, e depois ative a op\u00e7\u00e3o \u201cdesativar personaliza\u00e7\u00e3o dos an\u00fancios\u201d. Do mesmo modo, aconselhamos que revise a sua identifica\u00e7\u00e3o para utiliza\u00e7\u00e3o do computador e acesso aos sites.<\/li>\n<\/ul>\n<p>Existem v\u00e1rias ferramentas para se opor \u00e0 escolha de cookies:<\/p>\n<ul>\n<li>Youronlicechoices.com: este site permite notificar\/modificar as suas escolhas relativas aos <i>cookies<\/i> publicit\u00e1rios; e<\/li>\n<li>Extens\u00f5es para o navegador de internet tal como o Ghostery ou Privacy Badger.<\/li>\n<\/ul>\n<h2><b>As altera\u00e7\u00f5es da Pol\u00edtica relativa \u00e0 utiliza\u00e7\u00e3o de cookies e outros rastreadores <\/b><\/h2>\n<p>Esta Pol\u00edtica foi publicada no dia 01 de setembro de 2021. Em caso de altera\u00e7\u00e3o desta Pol\u00edtica, informa\u00e7\u00f5es acerca das altera\u00e7\u00f5es ser\u00e3o publicadas nesta p\u00e1gina.<\/p>\n","protected":false},"excerpt":{"rendered":"<p>Para melhorar a sua experi\u00eancia de navega\u00e7\u00e3o em nossos websites, a Tereos no Brasil (Tereos A\u00e7\u00facar e Energia Brasil S.A., Tereos Amido e Ado\u00e7antes do Brasil S.A., Tereos Internacional S.A., Tereos Commodities do Brasil S.A., Usina Vertente S.A e suas controladas), doravante denominada \u201cTereos\u201d, utiliza cookies e outros dispositivos. Ao acessar um dos websites da [&hellip;]<\/p>\n","protected":false},"author":4,"featured_media":0,"parent":0,"menu_order":0,"comment_status":"closed","ping_status":"closed","template":"","meta":{"_acf_changed":false,"footnotes":""},"class_list":["post-8385","page","type-page","status-publish","hentry"],"acf":[],"yoast_head":"<!-- This site is optimized with the Yoast SEO plugin v23.7 - https:\/\/yoast.com\/wordpress\/plugins\/seo\/ -->\n<title>POL\u00cdTICA RELATIVA \u00c0 UTILIZA\u00c7\u00c3O DE COOKIES E OUTROS RASTREADORES - Brasil<\/title>\n<meta name=\"robots\" content=\"index, follow, max-snippet:-1, max-image-preview:large, max-video-preview:-1\" \/>\n<link rel=\"canonical\" href=\"https:\/\/br.tereos.com\/pt-pt\/politica-relativa-a-utilizacao-de-cookies-e-outros-rastreadores\/\" \/>\n<meta property=\"og:locale\" content=\"pt_PT\" \/>\n<meta property=\"og:type\" content=\"article\" \/>\n<meta property=\"og:title\" content=\"POL\u00cdTICA RELATIVA \u00c0 UTILIZA\u00c7\u00c3O DE COOKIES E OUTROS RASTREADORES - Brasil\" \/>\n<meta property=\"og:description\" content=\"Para melhorar a sua experi\u00eancia de navega\u00e7\u00e3o em nossos websites, a Tereos no Brasil (Tereos A\u00e7\u00facar e Energia Brasil S.A., Tereos Amido e Ado\u00e7antes do Brasil S.A., Tereos Internacional S.A., Tereos Commodities do Brasil S.A., Usina Vertente S.A e suas controladas), doravante denominada \u201cTereos\u201d, utiliza cookies e outros dispositivos. Ao acessar um dos websites da [&hellip;]\" \/>\n<meta property=\"og:url\" content=\"https:\/\/br.tereos.com\/pt-pt\/politica-relativa-a-utilizacao-de-cookies-e-outros-rastreadores\/\" \/>\n<meta property=\"og:site_name\" content=\"Brasil\" \/>\n<meta property=\"article:modified_time\" content=\"2021-09-21T08:13:56+00:00\" \/>\n<meta name=\"twitter:card\" content=\"summary_large_image\" \/>\n<meta name=\"twitter:label1\" content=\"Est. reading time\" \/>\n\t<meta name=\"twitter:data1\" content=\"3 minutes\" \/>\n<script type=\"application\/ld+json\" class=\"yoast-schema-graph\">{\"@context\":\"https:\/\/schema.org\",\"@graph\":[{\"@type\":\"WebPage\",\"@id\":\"https:\/\/br.tereos.com\/pt-pt\/politica-relativa-a-utilizacao-de-cookies-e-outros-rastreadores\/\",\"url\":\"https:\/\/br.tereos.com\/pt-pt\/politica-relativa-a-utilizacao-de-cookies-e-outros-rastreadores\/\",\"name\":\"POL\u00cdTICA RELATIVA \u00c0 UTILIZA\u00c7\u00c3O DE COOKIES E OUTROS RASTREADORES - Brasil\",\"isPartOf\":{\"@id\":\"https:\/\/br.tereos.com\/pt-pt\/#website\"},\"datePublished\":\"2021-09-21T08:07:31+00:00\",\"dateModified\":\"2021-09-21T08:13:56+00:00\",\"breadcrumb\":{\"@id\":\"https:\/\/br.tereos.com\/pt-pt\/politica-relativa-a-utilizacao-de-cookies-e-outros-rastreadores\/#breadcrumb\"},\"inLanguage\":\"pt-PT\",\"potentialAction\":[{\"@type\":\"ReadAction\",\"target\":[\"https:\/\/br.tereos.com\/pt-pt\/politica-relativa-a-utilizacao-de-cookies-e-outros-rastreadores\/\"]}]},{\"@type\":\"BreadcrumbList\",\"@id\":\"https:\/\/br.tereos.com\/pt-pt\/politica-relativa-a-utilizacao-de-cookies-e-outros-rastreadores\/#breadcrumb\",\"itemListElement\":[{\"@type\":\"ListItem\",\"position\":1,\"name\":\"Home\",\"item\":\"https:\/\/br.tereos.com\/pt-pt\/\"},{\"@type\":\"ListItem\",\"position\":2,\"name\":\"POL\u00cdTICA RELATIVA \u00c0 UTILIZA\u00c7\u00c3O DE COOKIES E OUTROS RASTREADORES\"}]},{\"@type\":\"WebSite\",\"@id\":\"https:\/\/br.tereos.com\/pt-pt\/#website\",\"url\":\"https:\/\/br.tereos.com\/pt-pt\/\",\"name\":\"Brasil\",\"description\":\"Un site utilisant WordPress\",\"potentialAction\":[{\"@type\":\"SearchAction\",\"target\":{\"@type\":\"EntryPoint\",\"urlTemplate\":\"https:\/\/br.tereos.com\/pt-pt\/?s={search_term_string}\"},\"query-input\":{\"@type\":\"PropertyValueSpecification\",\"valueRequired\":true,\"valueName\":\"search_term_string\"}}],\"inLanguage\":\"pt-PT\"}]}<\/script>\n<!-- \/ Yoast SEO plugin. -->","yoast_head_json":{"title":"POL\u00cdTICA RELATIVA \u00c0 UTILIZA\u00c7\u00c3O DE COOKIES E OUTROS RASTREADORES - Brasil","robots":{"index":"index","follow":"follow","max-snippet":"max-snippet:-1","max-image-preview":"max-image-preview:large","max-video-preview":"max-video-preview:-1"},"canonical":"https:\/\/br.tereos.com\/pt-pt\/politica-relativa-a-utilizacao-de-cookies-e-outros-rastreadores\/","og_locale":"pt_PT","og_type":"article","og_title":"POL\u00cdTICA RELATIVA \u00c0 UTILIZA\u00c7\u00c3O DE COOKIES E OUTROS RASTREADORES - Brasil","og_description":"Para melhorar a sua experi\u00eancia de navega\u00e7\u00e3o em nossos websites, a Tereos no Brasil (Tereos A\u00e7\u00facar e Energia Brasil S.A., Tereos Amido e Ado\u00e7antes do Brasil S.A., Tereos Internacional S.A., Tereos Commodities do Brasil S.A., Usina Vertente S.A e suas controladas), doravante denominada \u201cTereos\u201d, utiliza cookies e outros dispositivos. Ao acessar um dos websites da [&hellip;]","og_url":"https:\/\/br.tereos.com\/pt-pt\/politica-relativa-a-utilizacao-de-cookies-e-outros-rastreadores\/","og_site_name":"Brasil","article_modified_time":"2021-09-21T08:13:56+00:00","twitter_card":"summary_large_image","twitter_misc":{"Est. reading time":"3 minutes"},"schema":{"@context":"https:\/\/schema.org","@graph":[{"@type":"WebPage","@id":"https:\/\/br.tereos.com\/pt-pt\/politica-relativa-a-utilizacao-de-cookies-e-outros-rastreadores\/","url":"https:\/\/br.tereos.com\/pt-pt\/politica-relativa-a-utilizacao-de-cookies-e-outros-rastreadores\/","name":"POL\u00cdTICA RELATIVA \u00c0 UTILIZA\u00c7\u00c3O DE COOKIES E OUTROS RASTREADORES - Brasil","isPartOf":{"@id":"https:\/\/br.tereos.com\/pt-pt\/#website"},"datePublished":"2021-09-21T08:07:31+00:00","dateModified":"2021-09-21T08:13:56+00:00","breadcrumb":{"@id":"https:\/\/br.tereos.com\/pt-pt\/politica-relativa-a-utilizacao-de-cookies-e-outros-rastreadores\/#breadcrumb"},"inLanguage":"pt-PT","potentialAction":[{"@type":"ReadAction","target":["https:\/\/br.tereos.com\/pt-pt\/politica-relativa-a-utilizacao-de-cookies-e-outros-rastreadores\/"]}]},{"@type":"BreadcrumbList","@id":"https:\/\/br.tereos.com\/pt-pt\/politica-relativa-a-utilizacao-de-cookies-e-outros-rastreadores\/#breadcrumb","itemListElement":[{"@type":"ListItem","position":1,"name":"Home","item":"https:\/\/br.tereos.com\/pt-pt\/"},{"@type":"ListItem","position":2,"name":"POL\u00cdTICA RELATIVA \u00c0 UTILIZA\u00c7\u00c3O DE COOKIES E OUTROS RASTREADORES"}]},{"@type":"WebSite","@id":"https:\/\/br.tereos.com\/pt-pt\/#website","url":"https:\/\/br.tereos.com\/pt-pt\/","name":"Brasil","description":"Un site utilisant WordPress","potentialAction":[{"@type":"SearchAction","target":{"@type":"EntryPoint","urlTemplate":"https:\/\/br.tereos.com\/pt-pt\/?s={search_term_string}"},"query-input":{"@type":"PropertyValueSpecification","valueRequired":true,"valueName":"search_term_string"}}],"inLanguage":"pt-PT"}]}},"_links":{"self":[{"href":"https:\/\/br.tereos.com\/pt-pt\/wp-json\/wp\/v2\/pages\/8385"}],"collection":[{"href":"https:\/\/br.tereos.com\/pt-pt\/wp-json\/wp\/v2\/pages"}],"about":[{"href":"https:\/\/br.tereos.com\/pt-pt\/wp-json\/wp\/v2\/types\/page"}],"author":[{"embeddable":true,"href":"https:\/\/br.tereos.com\/pt-pt\/wp-json\/wp\/v2\/users\/4"}],"replies":[{"embeddable":true,"href":"https:\/\/br.tereos.com\/pt-pt\/wp-json\/wp\/v2\/comments?post=8385"}],"version-history":[{"count":3,"href":"https:\/\/br.tereos.com\/pt-pt\/wp-json\/wp\/v2\/pages\/8385\/revisions"}],"predecessor-version":[{"id":8391,"href":"https:\/\/br.tereos.com\/pt-pt\/wp-json\/wp\/v2\/pages\/8385\/revisions\/8391"}],"wp:attachment":[{"href":"https:\/\/br.tereos.com\/pt-pt\/wp-json\/wp\/v2\/media?parent=8385"}],"curies":[{"name":"wp","href":"https:\/\/api.w.org\/{rel}","templated":true}]}}