{"id":6770,"date":"2019-10-25T17:31:06","date_gmt":"2019-10-25T15:31:06","guid":{"rendered":"https:\/\/br.tereos.com\/?page_id=6770"},"modified":"2026-04-23T16:45:52","modified_gmt":"2026-04-23T19:45:52","slug":"presenca-mundial","status":"publish","type":"page","link":"https:\/\/br.tereos.com\/pt-pt\/sobreatereos\/presenca-mundial\/","title":{"rendered":"Hist\u00f3ria"},"content":{"rendered":"<p>A Tereos opera em quatro continentes, com instala\u00e7\u00f5es industriais na Europa, Brasil, \u00c1frica Oriental e \u00c1sia, com muita proximidade com os mercados.<\/p>\n<p>As atividades comerciais, industriais e agr\u00edcolas do Grupo est\u00e3o em constante expans\u00e3o para atender os consumidores com o mesmo compromisso de qualidade em todos os polos operacionais.<\/p>\n<p>&nbsp;<\/p>\n<h2>Am\u00e9rica Latina<\/h2>\n<p>8 Instala\u00e7\u00f5es industriais<br \/>\n1 Centro de P&amp;D<br \/>\n1 Departamento Comercial<br \/>\nPa\u00eds: Brasil<\/p>\n<p>&nbsp;<\/p>\n<h2>Europa<\/h2>\n<p>32 Instala\u00e7\u00f5es industriais<br \/>\n3 Centros de P&amp;D<br \/>\n2 Departamentos Comerciais<br \/>\nPa\u00edses: Fran\u00e7a, B\u00e9lgica, Espanha, Rep\u00fablica Tcheca, It\u00e1lia, Rom\u00eania, Reino Unido<\/p>\n<p>&nbsp;<\/p>\n<h2>\u00c1sia<\/h2>\n<p>3 Instala\u00e7\u00f5es industriais<br \/>\n1 Centro de P&amp;D<br \/>\n2 Departamentos Comerciais<br \/>\nPa\u00edses: China, \u00cdndia, Indon\u00e9sia, Singapura<\/p>\n<p>&nbsp;<\/p>\n<h2>\u00c1frica &amp; Oceano \u00cdndico<\/h2>\n<p>6 Instala\u00e7\u00f5es industriais<br \/>\n1 Centro de P&amp;D<br \/>\n2 Departamentos Comerciais<br \/>\nPa\u00edses: \u00c1frica do Sul, Qu\u00eania, Ilha da Reuni\u00e3o (Fran\u00e7a), Mo\u00e7ambique, Tanz\u00e2nia<\/p>\n","protected":false},"excerpt":{"rendered":"<p>A Tereos opera em quatro continentes, com instala\u00e7\u00f5es industriais na Europa, Brasil, \u00c1frica Oriental e \u00c1sia, com muita proximidade com os mercados. As atividades comerciais, industriais e agr\u00edcolas do Grupo est\u00e3o em constante expans\u00e3o para atender os consumidores com o mesmo compromisso de qualidade em todos os polos operacionais. &nbsp; Am\u00e9rica Latina 8 Instala\u00e7\u00f5es industriais [&hellip;]<\/p>\n","protected":false},"author":13,"featured_media":7587,"parent":4760,"menu_order":0,"comment_status":"closed","ping_status":"closed","template":"page-activity-products.php","meta":{"_acf_changed":false,"footnotes":""},"class_list":["post-6770","page","type-page","status-publish","has-post-thumbnail","hentry"],"acf":{"cover_type":"image","cover_image":7587,"link":"","cover_video_clone":{"cover_type":"image","cover_image":7587,"cover_video_uploaded":false,"hide_title":false,"link":""},"subtitle":"Proximidade com os mercados locais","subtitle_clone":{"subtitle":"Proximidade com os mercados locais"},"headline":"O ponto de partida da Tereos foi a cria\u00e7\u00e3o de uma cooperativa de destilarias por um grupo de agricultores em Origny, na regi\u00e3o de Aisne, no norte da Fran\u00e7a. A f\u00e1brica processava 400 toneladas de beterraba-a\u00e7ucareira por dia e, 87 anos depois, o Grupo se tornou o segundo maior produtor mundial de a\u00e7\u00facar.<br \/>\r\n<br \/>\r\nAtualmente, o Grupo Tereos est\u00e1 presente em 8 pa\u00edses e conta com cerca de 15.600 colaboradores em unidades por todo o mundo. ","headline_clone":{"headline":"O ponto de partida da Tereos foi a cria\u00e7\u00e3o de uma cooperativa de destilarias por um grupo de agricultores em Origny, na regi\u00e3o de Aisne, no norte da Fran\u00e7a. A f\u00e1brica processava 400 toneladas de beterraba-a\u00e7ucareira por dia e, 87 anos depois, o Grupo se tornou o segundo maior produtor mundial de a\u00e7\u00facar.<br \/>\r\n<br \/>\r\nAtualmente, o Grupo Tereos est\u00e1 presente em 8 pa\u00edses e conta com cerca de 15.600 colaboradores em unidades por todo o mundo. "},"sections":[{"acf_fc_layout":"title_text","title":"Presen\u00e7a mundial ","text":"<p>A Tereos opera em quatro continentes, com instala\u00e7\u00f5es industriais na Europa, Brasil, \u00c1frica Oriental e \u00c1sia, com muita proximidade com os mercados locais.<\/p>\n<p>As atividades comerciais, industriais e agr\u00edcolas do Grupo est\u00e3o em constante expans\u00e3o para atender os consumidores com o mesmo compromisso de qualidade em todos os polos operacionais.<\/p>\n"},{"acf_fc_layout":"media_split","title":"Am\u00e9rica do Sul","text":"<p>6 Instala\u00e7\u00f5es industriais<br \/>\nPa\u00edses: Brasil<\/p>\n","type":"image","video":"","caption":"","image":6791,"items":false},{"acf_fc_layout":"media_split","title":"Europa","text":"<p>25 Instala\u00e7\u00f5es industriais<br \/>\nPa\u00edses: B\u00e9lgica, Espanha, Fran\u00e7a, Republica Tcheca<\/p>\n","type":"image","video":"","caption":"","image":6813,"items":false},{"acf_fc_layout":"media_split","title":"\u00c1sia","text":"<p>1 Instala\u00e7\u00e3o industrial<br \/>\nPa\u00edses: Indon\u00e9sia<\/p>\n","type":"image","video":"","caption":"","image":6787,"items":false},{"acf_fc_layout":"media_split","title":"\u00c1frica &amp; Oceano \u00cdndico","text":"<p>5 Instala\u00e7\u00f5es industriais<br \/>\nPa\u00edses: Qu\u00eania, Ilha da Reuni\u00e3o (Fran\u00e7a) e Tanz\u00e2nia<\/p>\n","type":"image","video":"","caption":"","image":6789,"items":false}],"flexible_ap_cpt_clone":{"sections":[{"acf_fc_layout":"title_text","title":"Presen\u00e7a mundial ","text":"<p>A Tereos opera em quatro continentes, com instala\u00e7\u00f5es industriais na Europa, Brasil, \u00c1frica Oriental e \u00c1sia, com muita proximidade com os mercados locais.<\/p>\n<p>As atividades comerciais, industriais e agr\u00edcolas do Grupo est\u00e3o em constante expans\u00e3o para atender os consumidores com o mesmo compromisso de qualidade em todos os polos operacionais.<\/p>\n"},{"acf_fc_layout":"media_split","title":"Am\u00e9rica do Sul","text":"<p>6 Instala\u00e7\u00f5es industriais<br \/>\nPa\u00edses: Brasil<\/p>\n","type":"image","video":"","caption":"","image":6791,"items":false},{"acf_fc_layout":"media_split","title":"Europa","text":"<p>25 Instala\u00e7\u00f5es industriais<br \/>\nPa\u00edses: B\u00e9lgica, Espanha, Fran\u00e7a, Republica Tcheca<\/p>\n","type":"image","video":"","caption":"","image":6813,"items":false},{"acf_fc_layout":"media_split","title":"\u00c1sia","text":"<p>1 Instala\u00e7\u00e3o industrial<br \/>\nPa\u00edses: Indon\u00e9sia<\/p>\n","type":"image","video":"","caption":"","image":6787,"items":false},{"acf_fc_layout":"media_split","title":"\u00c1frica &amp; Oceano \u00cdndico","text":"<p>5 Instala\u00e7\u00f5es industriais<br \/>\nPa\u00edses: Qu\u00eania, Ilha da Reuni\u00e3o (Fran\u00e7a) e Tanz\u00e2nia<\/p>\n","type":"image","video":"","caption":"","image":6789,"items":false}]},"has_related_content":false,"related_content_clone":{"has_related_content":false,"related_title":"","related_items":false},"hide_title":false},"yoast_head":"<!-- This site is optimized with the Yoast SEO plugin v23.7 - https:\/\/yoast.com\/wordpress\/plugins\/seo\/ -->\n<title>Hist\u00f3ria - Brasil<\/title>\n<meta name=\"robots\" content=\"index, follow, max-snippet:-1, max-image-preview:large, max-video-preview:-1\" \/>\n<link rel=\"canonical\" href=\"https:\/\/br.tereos.com\/pt-pt\/sobreatereos\/presenca-mundial\/\" \/>\n<meta property=\"og:locale\" content=\"pt_PT\" \/>\n<meta property=\"og:type\" content=\"article\" \/>\n<meta property=\"og:title\" content=\"Hist\u00f3ria - Brasil\" \/>\n<meta property=\"og:description\" content=\"A Tereos opera em quatro continentes, com instala\u00e7\u00f5es industriais na Europa, Brasil, \u00c1frica Oriental e \u00c1sia, com muita proximidade com os mercados. As atividades comerciais, industriais e agr\u00edcolas do Grupo est\u00e3o em constante expans\u00e3o para atender os consumidores com o mesmo compromisso de qualidade em todos os polos operacionais. &nbsp; Am\u00e9rica Latina 8 Instala\u00e7\u00f5es industriais [&hellip;]\" \/>\n<meta property=\"og:url\" content=\"https:\/\/br.tereos.com\/pt-pt\/sobreatereos\/presenca-mundial\/\" \/>\n<meta property=\"og:site_name\" content=\"Brasil\" \/>\n<meta property=\"article:modified_time\" content=\"2026-04-23T19:45:52+00:00\" \/>\n<meta property=\"og:image\" content=\"https:\/\/www.tereos.com\/app\/uploads\/sites\/7\/2020\/03\/1920x1440-01.png\" \/>\n\t<meta property=\"og:image:width\" content=\"1024\" \/>\n\t<meta property=\"og:image:height\" content=\"768\" \/>\n\t<meta property=\"og:image:type\" content=\"image\/png\" \/>\n<meta name=\"twitter:card\" content=\"summary_large_image\" \/>\n<meta name=\"twitter:label1\" content=\"Est. reading time\" \/>\n\t<meta name=\"twitter:data1\" content=\"1 minute\" \/>\n<script type=\"application\/ld+json\" class=\"yoast-schema-graph\">{\"@context\":\"https:\/\/schema.org\",\"@graph\":[{\"@type\":\"WebPage\",\"@id\":\"https:\/\/br.tereos.com\/pt-pt\/sobreatereos\/presenca-mundial\/\",\"url\":\"https:\/\/br.tereos.com\/pt-pt\/sobreatereos\/presenca-mundial\/\",\"name\":\"Hist\u00f3ria - Brasil\",\"isPartOf\":{\"@id\":\"https:\/\/br.tereos.com\/pt-pt\/#website\"},\"primaryImageOfPage\":{\"@id\":\"https:\/\/br.tereos.com\/pt-pt\/sobreatereos\/presenca-mundial\/#primaryimage\"},\"image\":{\"@id\":\"https:\/\/br.tereos.com\/pt-pt\/sobreatereos\/presenca-mundial\/#primaryimage\"},\"thumbnailUrl\":\"https:\/\/www.tereos.com\/app\/uploads\/sites\/7\/2020\/03\/1920x1440-01.png\",\"datePublished\":\"2019-10-25T15:31:06+00:00\",\"dateModified\":\"2026-04-23T19:45:52+00:00\",\"breadcrumb\":{\"@id\":\"https:\/\/br.tereos.com\/pt-pt\/sobreatereos\/presenca-mundial\/#breadcrumb\"},\"inLanguage\":\"pt-PT\",\"potentialAction\":[{\"@type\":\"ReadAction\",\"target\":[\"https:\/\/br.tereos.com\/pt-pt\/sobreatereos\/presenca-mundial\/\"]}]},{\"@type\":\"ImageObject\",\"inLanguage\":\"pt-PT\",\"@id\":\"https:\/\/br.tereos.com\/pt-pt\/sobreatereos\/presenca-mundial\/#primaryimage\",\"url\":\"https:\/\/www.tereos.com\/app\/uploads\/sites\/7\/2020\/03\/1920x1440-01.png\",\"contentUrl\":\"https:\/\/www.tereos.com\/app\/uploads\/sites\/7\/2020\/03\/1920x1440-01.png\",\"width\":4000,\"height\":3000},{\"@type\":\"BreadcrumbList\",\"@id\":\"https:\/\/br.tereos.com\/pt-pt\/sobreatereos\/presenca-mundial\/#breadcrumb\",\"itemListElement\":[{\"@type\":\"ListItem\",\"position\":1,\"name\":\"Home\",\"item\":\"https:\/\/br.tereos.com\/pt-pt\/\"},{\"@type\":\"ListItem\",\"position\":2,\"name\":\"L\u00edder nos mercados de a\u00e7\u00facar, amido e \u00e1lcool\",\"item\":\"https:\/\/br.tereos.com\/pt-pt\/sobreatereos\/\"},{\"@type\":\"ListItem\",\"position\":3,\"name\":\"Hist\u00f3ria\"}]},{\"@type\":\"WebSite\",\"@id\":\"https:\/\/br.tereos.com\/pt-pt\/#website\",\"url\":\"https:\/\/br.tereos.com\/pt-pt\/\",\"name\":\"Brasil\",\"description\":\"Un site utilisant WordPress\",\"potentialAction\":[{\"@type\":\"SearchAction\",\"target\":{\"@type\":\"EntryPoint\",\"urlTemplate\":\"https:\/\/br.tereos.com\/pt-pt\/?s={search_term_string}\"},\"query-input\":{\"@type\":\"PropertyValueSpecification\",\"valueRequired\":true,\"valueName\":\"search_term_string\"}}],\"inLanguage\":\"pt-PT\"}]}<\/script>\n<!-- \/ Yoast SEO plugin. -->","yoast_head_json":{"title":"Hist\u00f3ria - Brasil","robots":{"index":"index","follow":"follow","max-snippet":"max-snippet:-1","max-image-preview":"max-image-preview:large","max-video-preview":"max-video-preview:-1"},"canonical":"https:\/\/br.tereos.com\/pt-pt\/sobreatereos\/presenca-mundial\/","og_locale":"pt_PT","og_type":"article","og_title":"Hist\u00f3ria - Brasil","og_description":"A Tereos opera em quatro continentes, com instala\u00e7\u00f5es industriais na Europa, Brasil, \u00c1frica Oriental e \u00c1sia, com muita proximidade com os mercados. As atividades comerciais, industriais e agr\u00edcolas do Grupo est\u00e3o em constante expans\u00e3o para atender os consumidores com o mesmo compromisso de qualidade em todos os polos operacionais. &nbsp; Am\u00e9rica Latina 8 Instala\u00e7\u00f5es industriais [&hellip;]","og_url":"https:\/\/br.tereos.com\/pt-pt\/sobreatereos\/presenca-mundial\/","og_site_name":"Brasil","article_modified_time":"2026-04-23T19:45:52+00:00","og_image":[{"url":"https:\/\/www.tereos.com\/app\/uploads\/sites\/7\/2020\/03\/1920x1440-01.png","width":1024,"height":768,"type":"image\/png"}],"twitter_card":"summary_large_image","twitter_misc":{"Est. reading time":"1 minute"},"schema":{"@context":"https:\/\/schema.org","@graph":[{"@type":"WebPage","@id":"https:\/\/br.tereos.com\/pt-pt\/sobreatereos\/presenca-mundial\/","url":"https:\/\/br.tereos.com\/pt-pt\/sobreatereos\/presenca-mundial\/","name":"Hist\u00f3ria - Brasil","isPartOf":{"@id":"https:\/\/br.tereos.com\/pt-pt\/#website"},"primaryImageOfPage":{"@id":"https:\/\/br.tereos.com\/pt-pt\/sobreatereos\/presenca-mundial\/#primaryimage"},"image":{"@id":"https:\/\/br.tereos.com\/pt-pt\/sobreatereos\/presenca-mundial\/#primaryimage"},"thumbnailUrl":"https:\/\/www.tereos.com\/app\/uploads\/sites\/7\/2020\/03\/1920x1440-01.png","datePublished":"2019-10-25T15:31:06+00:00","dateModified":"2026-04-23T19:45:52+00:00","breadcrumb":{"@id":"https:\/\/br.tereos.com\/pt-pt\/sobreatereos\/presenca-mundial\/#breadcrumb"},"inLanguage":"pt-PT","potentialAction":[{"@type":"ReadAction","target":["https:\/\/br.tereos.com\/pt-pt\/sobreatereos\/presenca-mundial\/"]}]},{"@type":"ImageObject","inLanguage":"pt-PT","@id":"https:\/\/br.tereos.com\/pt-pt\/sobreatereos\/presenca-mundial\/#primaryimage","url":"https:\/\/www.tereos.com\/app\/uploads\/sites\/7\/2020\/03\/1920x1440-01.png","contentUrl":"https:\/\/www.tereos.com\/app\/uploads\/sites\/7\/2020\/03\/1920x1440-01.png","width":4000,"height":3000},{"@type":"BreadcrumbList","@id":"https:\/\/br.tereos.com\/pt-pt\/sobreatereos\/presenca-mundial\/#breadcrumb","itemListElement":[{"@type":"ListItem","position":1,"name":"Home","item":"https:\/\/br.tereos.com\/pt-pt\/"},{"@type":"ListItem","position":2,"name":"L\u00edder nos mercados de a\u00e7\u00facar, amido e \u00e1lcool","item":"https:\/\/br.tereos.com\/pt-pt\/sobreatereos\/"},{"@type":"ListItem","position":3,"name":"Hist\u00f3ria"}]},{"@type":"WebSite","@id":"https:\/\/br.tereos.com\/pt-pt\/#website","url":"https:\/\/br.tereos.com\/pt-pt\/","name":"Brasil","description":"Un site utilisant WordPress","potentialAction":[{"@type":"SearchAction","target":{"@type":"EntryPoint","urlTemplate":"https:\/\/br.tereos.com\/pt-pt\/?s={search_term_string}"},"query-input":{"@type":"PropertyValueSpecification","valueRequired":true,"valueName":"search_term_string"}}],"inLanguage":"pt-PT"}]}},"_links":{"self":[{"href":"https:\/\/br.tereos.com\/pt-pt\/wp-json\/wp\/v2\/pages\/6770"}],"collection":[{"href":"https:\/\/br.tereos.com\/pt-pt\/wp-json\/wp\/v2\/pages"}],"about":[{"href":"https:\/\/br.tereos.com\/pt-pt\/wp-json\/wp\/v2\/types\/page"}],"author":[{"embeddable":true,"href":"https:\/\/br.tereos.com\/pt-pt\/wp-json\/wp\/v2\/users\/13"}],"replies":[{"embeddable":true,"href":"https:\/\/br.tereos.com\/pt-pt\/wp-json\/wp\/v2\/comments?post=6770"}],"version-history":[{"count":4,"href":"https:\/\/br.tereos.com\/pt-pt\/wp-json\/wp\/v2\/pages\/6770\/revisions"}],"predecessor-version":[{"id":11895,"href":"https:\/\/br.tereos.com\/pt-pt\/wp-json\/wp\/v2\/pages\/6770\/revisions\/11895"}],"up":[{"embeddable":true,"href":"https:\/\/br.tereos.com\/pt-pt\/wp-json\/wp\/v2\/pages\/4760"}],"wp:featuredmedia":[{"embeddable":true,"href":"https:\/\/br.tereos.com\/pt-pt\/wp-json\/wp\/v2\/media\/7587"}],"wp:attachment":[{"href":"https:\/\/br.tereos.com\/pt-pt\/wp-json\/wp\/v2\/media?parent=6770"}],"curies":[{"name":"wp","href":"https:\/\/api.w.org\/{rel}","templated":true}]}}