{"id":6760,"date":"2019-10-25T00:29:58","date_gmt":"2019-10-24T22:29:58","guid":{"rendered":"https:\/\/br.tereos.com\/?page_id=6760"},"modified":"2025-12-09T17:47:51","modified_gmt":"2025-12-09T20:47:51","slug":"tereos-amido-adocantes","status":"publish","type":"page","link":"https:\/\/br.tereos.com\/pt-pt\/tereos-brasil\/tereos-amido-adocantes\/","title":{"rendered":"Tereos Amido &amp; Ado\u00e7antes"},"content":{"rendered":"","protected":false},"excerpt":{"rendered":"","protected":false},"author":13,"featured_media":11616,"parent":6753,"menu_order":2,"comment_status":"closed","ping_status":"closed","template":"page-activity-products.php","meta":{"_acf_changed":false,"footnotes":""},"class_list":["post-6760","page","type-page","status-publish","has-post-thumbnail","hentry"],"acf":{"cover_type":"image","cover_image":11616,"link":"","cover_video_clone":{"cover_type":"image","cover_image":11616,"cover_video_uploaded":false,"hide_title":false,"link":""},"subtitle":"","subtitle_clone":{"subtitle":""},"headline":"A Tereos Amido &amp; Ado\u00e7antes Brasil \u00e9 a terceira maior produtora de amidos nativos e ado\u00e7antes do pa\u00eds. A companhia atua no mercado de amido no Brasil desde 2011, quando adquire a f\u00e1brica de Palmital, no interior paulista, onde opera a sede da divis\u00e3o.<br \/>\r\n<br \/>\r\nDisponibiliza aos clientes um amplo portf\u00f3lio para as mais variadas aplica\u00e7\u00f5es, a partir do processamento do milho. Al\u00e9m da forte presen\u00e7a na ind\u00fastria de alimentos, com o fornecimento de amido e xaropes de alta qualidade, atende tamb\u00e9m os mercados de pap\u00e9is e corrugados, constru\u00e7\u00e3o civil, minera\u00e7\u00e3o, personal care, home care, farmac\u00eautica, ind\u00fastria qu\u00edmica e agroqu\u00edmica.<br \/>\r\n<br \/>\r\nA produ\u00e7\u00e3o de gl\u00faten, germe e farelo de gl\u00faten de milho ocupa posi\u00e7\u00e3o de destaque no portf\u00f3lio da empresa e tem sua qualidade reconhecida entre as ind\u00fastrias mais exigentes dos segmentos de nutri\u00e7\u00e3o animal e pet food.<br \/>\r\n","headline_clone":{"headline":"A Tereos Amido &amp; Ado\u00e7antes Brasil \u00e9 a terceira maior produtora de amidos nativos e ado\u00e7antes do pa\u00eds. A companhia atua no mercado de amido no Brasil desde 2011, quando adquire a f\u00e1brica de Palmital, no interior paulista, onde opera a sede da divis\u00e3o.<br \/>\r\n<br \/>\r\nDisponibiliza aos clientes um amplo portf\u00f3lio para as mais variadas aplica\u00e7\u00f5es, a partir do processamento do milho. Al\u00e9m da forte presen\u00e7a na ind\u00fastria de alimentos, com o fornecimento de amido e xaropes de alta qualidade, atende tamb\u00e9m os mercados de pap\u00e9is e corrugados, constru\u00e7\u00e3o civil, minera\u00e7\u00e3o, personal care, home care, farmac\u00eautica, ind\u00fastria qu\u00edmica e agroqu\u00edmica.<br \/>\r\n<br \/>\r\nA produ\u00e7\u00e3o de gl\u00faten, germe e farelo de gl\u00faten de milho ocupa posi\u00e7\u00e3o de destaque no portf\u00f3lio da empresa e tem sua qualidade reconhecida entre as ind\u00fastrias mais exigentes dos segmentos de nutri\u00e7\u00e3o animal e pet food.<br \/>\r\n"},"sections":[{"acf_fc_layout":"title_text","title":"Portf\u00f3lio not\u00e1vel ","text":"<p>Globalmente a Tereos possui amplo portf\u00f3lio de ingredientes com funcionalidades especificas e de acordo com a necessidade de seus clientes. Al\u00e9m disso, contribui mundialmente para o fornecimento de prote\u00ednas e fibras vegetais de alto valor nutricional, edulcorantes, espessantes, aromatizantes, aglutinantes e anticristalizantes destinados para segmentos como bebidas, l\u00e1cteos, panifica\u00e7\u00e3o, molhos, sopas, foodservice, doces e confeitos.<\/p>\n"},{"acf_fc_layout":"title_text","title":"Hist\u00f3ria ","text":"<p>O Grupo fez seu primeiro investimento em processamento de cereais em 1993, quando montou uma unidade de produ\u00e7\u00e3o de etanol de trigo em Origny, na Fran\u00e7a.<\/p>\n<p>Em 2011, a Tereos adquiriu a Halotek no Brasil, uma empresa especializada na transforma\u00e7\u00e3o de mandioca em amido, bem como a f\u00e1brica de Haussimont na Fran\u00e7a, especializada no processamento de amido de batata. Esses investimentos permitiram ao Grupo desenvolver sua oferta de produtos em amido.<\/p>\n<p>A f\u00e1brica de amido de milho em Palmital no\u00a0Brasil\u00a0come\u00e7ou a operar em 2014.<\/p>\n"},{"acf_fc_layout":"title_text","title":"Endere\u00e7o e contato","text":"<p>Rodovia Raposo Tavares (SP-270), km 421, Palmital &#8211; SP, 19970-000<\/p>\n<p>&nbsp;<\/p>\n<p>Contato com time comercial:<\/p>\n<p><strong>E-mail<\/strong><\/p>\n<p><a href=\"mailto:sales.tssb@tereos.com\">sales.tssb@tereos.com<\/a><\/p>\n<p>&nbsp;<\/p>\n<p><strong>Telefone | Whatsapp<\/strong><\/p>\n<p>Vendas &#8211; Alimentos e Bebidas \/ Outros mercados: (11) 9 4126-9288 \/ (11) 9 7597-6970<\/p>\n<p>Vendas &#8211; Pap\u00e9is e corrugados: (11) 94236-3219<\/p>\n<p>Vendas Nutri\u00e7\u00e3o Animal: (18) 9 9680-5847<\/p>\n<p><strong><br \/>\nAcesso nosso portf\u00f3lio completo em: <\/strong>solucoestssb.com<\/p>\n"},{"acf_fc_layout":"featured_product_lines","title":"Linha de produtos","text":"","items":[{"ID":4594,"post_author":"1","post_date":"2018-06-12 18:55:49","post_date_gmt":"2018-06-12 16:55:49","post_content":"","post_title":"Amido e derivados","post_excerpt":"","post_status":"publish","comment_status":"closed","ping_status":"closed","post_password":"","post_name":"amido-e-derivados","to_ping":"","pinged":"","post_modified":"2025-12-09 13:41:49","post_modified_gmt":"2025-12-09 16:41:49","post_content_filtered":"","post_parent":0,"guid":"https:\/\/tereos.com\/activities-and-products\/product-lines\/lamidon-et-ses-derives\/","menu_order":0,"post_type":"product_line","post_mime_type":"","comment_count":"0","filter":"raw"},{"ID":4609,"post_author":"11","post_date":"2019-02-07 11:47:16","post_date_gmt":"2019-02-07 10:47:16","post_content":"","post_title":"Fibras e g\u00e9rmens para nutri\u00e7\u00e3o animal","post_excerpt":"","post_status":"publish","comment_status":"closed","ping_status":"closed","post_password":"","post_name":"fibras-e-germens-para-nutricao-animal","to_ping":"","pinged":"","post_modified":"2025-12-09 14:41:46","post_modified_gmt":"2025-12-09 17:41:46","post_content_filtered":"","post_parent":0,"guid":"https:\/\/tereos.com\/activities-and-products\/product-lines\/fibres-et-germes-pour-lalimentation-animale\/","menu_order":0,"post_type":"product_line","post_mime_type":"","comment_count":"0","filter":"raw"},{"ID":4586,"post_author":"1","post_date":"2018-07-18 12:19:29","post_date_gmt":"2018-07-18 10:19:29","post_content":"","post_title":"A\u00e7\u00facar e ado\u00e7antes","post_excerpt":"","post_status":"publish","comment_status":"closed","ping_status":"closed","post_password":"","post_name":"acucar-e-adocantes","to_ping":"","pinged":"","post_modified":"2025-12-09 13:43:08","post_modified_gmt":"2025-12-09 16:43:08","post_content_filtered":"","post_parent":0,"guid":"https:\/\/tereos.com\/activities-and-products\/product-lines\/sucres\/","menu_order":0,"post_type":"product_line","post_mime_type":"","comment_count":"0","filter":"raw"}]},{"acf_fc_layout":"featured_raw_materials","title":"Conhe\u00e7a a nossa mat\u00e9ria-prima","text":"","items":[{"ID":4941,"post_author":"11","post_date":"2019-05-07 12:47:42","post_date_gmt":"2019-05-07 10:47:42","post_content":"","post_title":"Milho","post_excerpt":"","post_status":"publish","comment_status":"closed","ping_status":"closed","post_password":"","post_name":"milho","to_ping":"","pinged":"","post_modified":"2025-12-09 17:21:26","post_modified_gmt":"2025-12-09 20:21:26","post_content_filtered":"","post_parent":0,"guid":"https:\/\/tereos.com\/activities-and-products\/raw-materials\/corn\/","menu_order":0,"post_type":"raw_material","post_mime_type":"","comment_count":"0","filter":"raw"}]},{"acf_fc_layout":"featured_markets","title":"Mercados","text":"","link":"","items":[{"ID":4975,"post_author":"4","post_date":"2018-08-16 17:19:53","post_date_gmt":"2018-08-16 15:19:53","post_content":"","post_title":"Alimentos e bebidas","post_excerpt":"","post_status":"publish","comment_status":"closed","ping_status":"closed","post_password":"","post_name":"alimentos-e-bebidas","to_ping":"","pinged":"","post_modified":"2023-05-05 16:11:01","post_modified_gmt":"2023-05-05 14:11:01","post_content_filtered":"","post_parent":0,"guid":"https:\/\/tereos.com\/activities-and-products\/markets\/alimentaire-et-boissons\/","menu_order":0,"post_type":"market","post_mime_type":"","comment_count":"0","filter":"raw"},{"ID":11610,"post_author":"278","post_date":"2025-12-09 17:30:05","post_date_gmt":"2025-12-09 20:30:05","post_content":"","post_title":"Farm\u00e1cia","post_excerpt":"","post_status":"publish","comment_status":"closed","ping_status":"closed","post_password":"","post_name":"farmacia","to_ping":"","pinged":"","post_modified":"2025-12-09 17:41:49","post_modified_gmt":"2025-12-09 20:41:49","post_content_filtered":"","post_parent":0,"guid":"https:\/\/br.tereos.com\/?post_type=market&#038;p=11610","menu_order":0,"post_type":"market","post_mime_type":"","comment_count":"0","filter":"raw"},{"ID":4980,"post_author":"1","post_date":"2018-07-17 10:44:18","post_date_gmt":"2018-07-17 08:44:18","post_content":"","post_title":"Nutri\u00e7\u00e3o animal","post_excerpt":"","post_status":"publish","comment_status":"closed","ping_status":"closed","post_password":"","post_name":"nutricao-animal","to_ping":"","pinged":"","post_modified":"2023-05-05 16:12:55","post_modified_gmt":"2023-05-05 14:12:55","post_content_filtered":"","post_parent":0,"guid":"https:\/\/tereos.com\/activities-and-products\/markets\/nutrition-animale\/","menu_order":0,"post_type":"market","post_mime_type":"","comment_count":"0","filter":"raw"},{"ID":5008,"post_author":"11","post_date":"2019-01-31 17:24:53","post_date_gmt":"2019-01-31 16:24:53","post_content":"","post_title":"Papel e papel\u00e3o ondulado (corrugados)","post_excerpt":"","post_status":"publish","comment_status":"closed","ping_status":"closed","post_password":"","post_name":"papel-e-papelao-ondulado-corrugados","to_ping":"","pinged":"","post_modified":"2023-05-05 16:10:28","post_modified_gmt":"2023-05-05 14:10:28","post_content_filtered":"","post_parent":0,"guid":"https:\/\/tereos.com\/activities-and-products\/markets\/papier-et-carton-ondule\/","menu_order":0,"post_type":"market","post_mime_type":"","comment_count":"0","filter":"raw"},{"ID":11608,"post_author":"278","post_date":"2025-12-09 17:23:58","post_date_gmt":"2025-12-09 20:23:58","post_content":"","post_title":"Qu\u00edmica Verde","post_excerpt":"","post_status":"publish","comment_status":"closed","ping_status":"closed","post_password":"","post_name":"quimica-verde","to_ping":"","pinged":"","post_modified":"2025-12-09 17:41:15","post_modified_gmt":"2025-12-09 20:41:15","post_content_filtered":"","post_parent":0,"guid":"https:\/\/br.tereos.com\/?post_type=market&#038;p=11608","menu_order":0,"post_type":"market","post_mime_type":"","comment_count":"0","filter":"raw"}]}],"flexible_ap_cpt_clone":{"sections":[{"acf_fc_layout":"title_text","title":"Portf\u00f3lio not\u00e1vel ","text":"<p>Globalmente a Tereos possui amplo portf\u00f3lio de ingredientes com funcionalidades especificas e de acordo com a necessidade de seus clientes. Al\u00e9m disso, contribui mundialmente para o fornecimento de prote\u00ednas e fibras vegetais de alto valor nutricional, edulcorantes, espessantes, aromatizantes, aglutinantes e anticristalizantes destinados para segmentos como bebidas, l\u00e1cteos, panifica\u00e7\u00e3o, molhos, sopas, foodservice, doces e confeitos.<\/p>\n"},{"acf_fc_layout":"title_text","title":"Hist\u00f3ria ","text":"<p>O Grupo fez seu primeiro investimento em processamento de cereais em 1993, quando montou uma unidade de produ\u00e7\u00e3o de etanol de trigo em Origny, na Fran\u00e7a.<\/p>\n<p>Em 2011, a Tereos adquiriu a Halotek no Brasil, uma empresa especializada na transforma\u00e7\u00e3o de mandioca em amido, bem como a f\u00e1brica de Haussimont na Fran\u00e7a, especializada no processamento de amido de batata. Esses investimentos permitiram ao Grupo desenvolver sua oferta de produtos em amido.<\/p>\n<p>A f\u00e1brica de amido de milho em Palmital no\u00a0Brasil\u00a0come\u00e7ou a operar em 2014.<\/p>\n"},{"acf_fc_layout":"title_text","title":"Endere\u00e7o e contato","text":"<p>Rodovia Raposo Tavares (SP-270), km 421, Palmital &#8211; SP, 19970-000<\/p>\n<p>&nbsp;<\/p>\n<p>Contato com time comercial:<\/p>\n<p><strong>E-mail<\/strong><\/p>\n<p><a href=\"mailto:sales.tssb@tereos.com\">sales.tssb@tereos.com<\/a><\/p>\n<p>&nbsp;<\/p>\n<p><strong>Telefone | Whatsapp<\/strong><\/p>\n<p>Vendas &#8211; Alimentos e Bebidas \/ Outros mercados: (11) 9 4126-9288 \/ (11) 9 7597-6970<\/p>\n<p>Vendas &#8211; Pap\u00e9is e corrugados: (11) 94236-3219<\/p>\n<p>Vendas Nutri\u00e7\u00e3o Animal: (18) 9 9680-5847<\/p>\n<p><strong><br \/>\nAcesso nosso portf\u00f3lio completo em: <\/strong>solucoestssb.com<\/p>\n"},{"acf_fc_layout":"featured_product_lines","title":"Linha de produtos","text":"","items":[{"ID":4594,"post_author":"1","post_date":"2018-06-12 18:55:49","post_date_gmt":"2018-06-12 16:55:49","post_content":"","post_title":"Amido e derivados","post_excerpt":"","post_status":"publish","comment_status":"closed","ping_status":"closed","post_password":"","post_name":"amido-e-derivados","to_ping":"","pinged":"","post_modified":"2025-12-09 13:41:49","post_modified_gmt":"2025-12-09 16:41:49","post_content_filtered":"","post_parent":0,"guid":"https:\/\/tereos.com\/activities-and-products\/product-lines\/lamidon-et-ses-derives\/","menu_order":0,"post_type":"product_line","post_mime_type":"","comment_count":"0","filter":"raw"},{"ID":4609,"post_author":"11","post_date":"2019-02-07 11:47:16","post_date_gmt":"2019-02-07 10:47:16","post_content":"","post_title":"Fibras e g\u00e9rmens para nutri\u00e7\u00e3o animal","post_excerpt":"","post_status":"publish","comment_status":"closed","ping_status":"closed","post_password":"","post_name":"fibras-e-germens-para-nutricao-animal","to_ping":"","pinged":"","post_modified":"2025-12-09 14:41:46","post_modified_gmt":"2025-12-09 17:41:46","post_content_filtered":"","post_parent":0,"guid":"https:\/\/tereos.com\/activities-and-products\/product-lines\/fibres-et-germes-pour-lalimentation-animale\/","menu_order":0,"post_type":"product_line","post_mime_type":"","comment_count":"0","filter":"raw"},{"ID":4586,"post_author":"1","post_date":"2018-07-18 12:19:29","post_date_gmt":"2018-07-18 10:19:29","post_content":"","post_title":"A\u00e7\u00facar e ado\u00e7antes","post_excerpt":"","post_status":"publish","comment_status":"closed","ping_status":"closed","post_password":"","post_name":"acucar-e-adocantes","to_ping":"","pinged":"","post_modified":"2025-12-09 13:43:08","post_modified_gmt":"2025-12-09 16:43:08","post_content_filtered":"","post_parent":0,"guid":"https:\/\/tereos.com\/activities-and-products\/product-lines\/sucres\/","menu_order":0,"post_type":"product_line","post_mime_type":"","comment_count":"0","filter":"raw"}]},{"acf_fc_layout":"featured_raw_materials","title":"Conhe\u00e7a a nossa mat\u00e9ria-prima","text":"","items":[{"ID":4941,"post_author":"11","post_date":"2019-05-07 12:47:42","post_date_gmt":"2019-05-07 10:47:42","post_content":"","post_title":"Milho","post_excerpt":"","post_status":"publish","comment_status":"closed","ping_status":"closed","post_password":"","post_name":"milho","to_ping":"","pinged":"","post_modified":"2025-12-09 17:21:26","post_modified_gmt":"2025-12-09 20:21:26","post_content_filtered":"","post_parent":0,"guid":"https:\/\/tereos.com\/activities-and-products\/raw-materials\/corn\/","menu_order":0,"post_type":"raw_material","post_mime_type":"","comment_count":"0","filter":"raw"}]},{"acf_fc_layout":"featured_markets","title":"Mercados","text":"","link":"","items":[{"ID":4975,"post_author":"4","post_date":"2018-08-16 17:19:53","post_date_gmt":"2018-08-16 15:19:53","post_content":"","post_title":"Alimentos e bebidas","post_excerpt":"","post_status":"publish","comment_status":"closed","ping_status":"closed","post_password":"","post_name":"alimentos-e-bebidas","to_ping":"","pinged":"","post_modified":"2023-05-05 16:11:01","post_modified_gmt":"2023-05-05 14:11:01","post_content_filtered":"","post_parent":0,"guid":"https:\/\/tereos.com\/activities-and-products\/markets\/alimentaire-et-boissons\/","menu_order":0,"post_type":"market","post_mime_type":"","comment_count":"0","filter":"raw"},{"ID":11610,"post_author":"278","post_date":"2025-12-09 17:30:05","post_date_gmt":"2025-12-09 20:30:05","post_content":"","post_title":"Farm\u00e1cia","post_excerpt":"","post_status":"publish","comment_status":"closed","ping_status":"closed","post_password":"","post_name":"farmacia","to_ping":"","pinged":"","post_modified":"2025-12-09 17:41:49","post_modified_gmt":"2025-12-09 20:41:49","post_content_filtered":"","post_parent":0,"guid":"https:\/\/br.tereos.com\/?post_type=market&#038;p=11610","menu_order":0,"post_type":"market","post_mime_type":"","comment_count":"0","filter":"raw"},{"ID":4980,"post_author":"1","post_date":"2018-07-17 10:44:18","post_date_gmt":"2018-07-17 08:44:18","post_content":"","post_title":"Nutri\u00e7\u00e3o animal","post_excerpt":"","post_status":"publish","comment_status":"closed","ping_status":"closed","post_password":"","post_name":"nutricao-animal","to_ping":"","pinged":"","post_modified":"2023-05-05 16:12:55","post_modified_gmt":"2023-05-05 14:12:55","post_content_filtered":"","post_parent":0,"guid":"https:\/\/tereos.com\/activities-and-products\/markets\/nutrition-animale\/","menu_order":0,"post_type":"market","post_mime_type":"","comment_count":"0","filter":"raw"},{"ID":5008,"post_author":"11","post_date":"2019-01-31 17:24:53","post_date_gmt":"2019-01-31 16:24:53","post_content":"","post_title":"Papel e papel\u00e3o ondulado (corrugados)","post_excerpt":"","post_status":"publish","comment_status":"closed","ping_status":"closed","post_password":"","post_name":"papel-e-papelao-ondulado-corrugados","to_ping":"","pinged":"","post_modified":"2023-05-05 16:10:28","post_modified_gmt":"2023-05-05 14:10:28","post_content_filtered":"","post_parent":0,"guid":"https:\/\/tereos.com\/activities-and-products\/markets\/papier-et-carton-ondule\/","menu_order":0,"post_type":"market","post_mime_type":"","comment_count":"0","filter":"raw"},{"ID":11608,"post_author":"278","post_date":"2025-12-09 17:23:58","post_date_gmt":"2025-12-09 20:23:58","post_content":"","post_title":"Qu\u00edmica Verde","post_excerpt":"","post_status":"publish","comment_status":"closed","ping_status":"closed","post_password":"","post_name":"quimica-verde","to_ping":"","pinged":"","post_modified":"2025-12-09 17:41:15","post_modified_gmt":"2025-12-09 20:41:15","post_content_filtered":"","post_parent":0,"guid":"https:\/\/br.tereos.com\/?post_type=market&#038;p=11608","menu_order":0,"post_type":"market","post_mime_type":"","comment_count":"0","filter":"raw"}]}]},"has_related_content":false,"related_content_clone":{"has_related_content":false,"related_title":"","related_items":false},"hide_title":false},"yoast_head":"<!-- This site is optimized with the Yoast SEO plugin v23.7 - https:\/\/yoast.com\/wordpress\/plugins\/seo\/ -->\n<title>Tereos Amido &amp; Ado\u00e7antes - Brasil<\/title>\n<meta name=\"robots\" content=\"index, follow, max-snippet:-1, max-image-preview:large, max-video-preview:-1\" \/>\n<link rel=\"canonical\" href=\"https:\/\/br.tereos.com\/pt-pt\/tereos-brasil\/tereos-amido-adocantes\/\" \/>\n<meta property=\"og:locale\" content=\"pt_PT\" \/>\n<meta property=\"og:type\" content=\"article\" \/>\n<meta property=\"og:title\" content=\"Tereos Amido &amp; Ado\u00e7antes - Brasil\" \/>\n<meta property=\"og:url\" content=\"https:\/\/br.tereos.com\/pt-pt\/tereos-brasil\/tereos-amido-adocantes\/\" \/>\n<meta property=\"og:site_name\" content=\"Brasil\" \/>\n<meta property=\"article:modified_time\" content=\"2025-12-09T20:47:51+00:00\" \/>\n<meta property=\"og:image\" content=\"https:\/\/www.tereos.com\/app\/uploads\/sites\/7\/2025\/12\/mg-3326-scaled.jpg\" \/>\n\t<meta property=\"og:image:width\" content=\"2560\" \/>\n\t<meta property=\"og:image:height\" content=\"1707\" \/>\n\t<meta property=\"og:image:type\" content=\"image\/jpeg\" \/>\n<meta name=\"twitter:card\" content=\"summary_large_image\" \/>\n<meta name=\"twitter:label1\" content=\"Est. reading time\" \/>\n\t<meta name=\"twitter:data1\" content=\"1 minute\" \/>\n<script type=\"application\/ld+json\" class=\"yoast-schema-graph\">{\"@context\":\"https:\/\/schema.org\",\"@graph\":[{\"@type\":\"WebPage\",\"@id\":\"https:\/\/br.tereos.com\/pt-pt\/tereos-brasil\/tereos-amido-adocantes\/\",\"url\":\"https:\/\/br.tereos.com\/pt-pt\/tereos-brasil\/tereos-amido-adocantes\/\",\"name\":\"Tereos Amido &amp; Ado\u00e7antes - Brasil\",\"isPartOf\":{\"@id\":\"https:\/\/br.tereos.com\/pt-pt\/#website\"},\"primaryImageOfPage\":{\"@id\":\"https:\/\/br.tereos.com\/pt-pt\/tereos-brasil\/tereos-amido-adocantes\/#primaryimage\"},\"image\":{\"@id\":\"https:\/\/br.tereos.com\/pt-pt\/tereos-brasil\/tereos-amido-adocantes\/#primaryimage\"},\"thumbnailUrl\":\"https:\/\/www.tereos.com\/app\/uploads\/sites\/7\/2025\/12\/mg-3326-scaled.jpg\",\"datePublished\":\"2019-10-24T22:29:58+00:00\",\"dateModified\":\"2025-12-09T20:47:51+00:00\",\"breadcrumb\":{\"@id\":\"https:\/\/br.tereos.com\/pt-pt\/tereos-brasil\/tereos-amido-adocantes\/#breadcrumb\"},\"inLanguage\":\"pt-PT\",\"potentialAction\":[{\"@type\":\"ReadAction\",\"target\":[\"https:\/\/br.tereos.com\/pt-pt\/tereos-brasil\/tereos-amido-adocantes\/\"]}]},{\"@type\":\"ImageObject\",\"inLanguage\":\"pt-PT\",\"@id\":\"https:\/\/br.tereos.com\/pt-pt\/tereos-brasil\/tereos-amido-adocantes\/#primaryimage\",\"url\":\"https:\/\/www.tereos.com\/app\/uploads\/sites\/7\/2025\/12\/mg-3326-scaled.jpg\",\"contentUrl\":\"https:\/\/www.tereos.com\/app\/uploads\/sites\/7\/2025\/12\/mg-3326-scaled.jpg\",\"width\":2560,\"height\":1707},{\"@type\":\"BreadcrumbList\",\"@id\":\"https:\/\/br.tereos.com\/pt-pt\/tereos-brasil\/tereos-amido-adocantes\/#breadcrumb\",\"itemListElement\":[{\"@type\":\"ListItem\",\"position\":1,\"name\":\"Home\",\"item\":\"https:\/\/br.tereos.com\/pt-pt\/\"},{\"@type\":\"ListItem\",\"position\":2,\"name\":\"Tereos Brasil\",\"item\":\"https:\/\/br.tereos.com\/pt-pt\/tereos-brasil\/\"},{\"@type\":\"ListItem\",\"position\":3,\"name\":\"Tereos Amido &amp; Ado\u00e7antes\"}]},{\"@type\":\"WebSite\",\"@id\":\"https:\/\/br.tereos.com\/pt-pt\/#website\",\"url\":\"https:\/\/br.tereos.com\/pt-pt\/\",\"name\":\"Brasil\",\"description\":\"Un site utilisant WordPress\",\"potentialAction\":[{\"@type\":\"SearchAction\",\"target\":{\"@type\":\"EntryPoint\",\"urlTemplate\":\"https:\/\/br.tereos.com\/pt-pt\/?s={search_term_string}\"},\"query-input\":{\"@type\":\"PropertyValueSpecification\",\"valueRequired\":true,\"valueName\":\"search_term_string\"}}],\"inLanguage\":\"pt-PT\"}]}<\/script>\n<!-- \/ Yoast SEO plugin. -->","yoast_head_json":{"title":"Tereos Amido &amp; Ado\u00e7antes - Brasil","robots":{"index":"index","follow":"follow","max-snippet":"max-snippet:-1","max-image-preview":"max-image-preview:large","max-video-preview":"max-video-preview:-1"},"canonical":"https:\/\/br.tereos.com\/pt-pt\/tereos-brasil\/tereos-amido-adocantes\/","og_locale":"pt_PT","og_type":"article","og_title":"Tereos Amido &amp; Ado\u00e7antes - Brasil","og_url":"https:\/\/br.tereos.com\/pt-pt\/tereos-brasil\/tereos-amido-adocantes\/","og_site_name":"Brasil","article_modified_time":"2025-12-09T20:47:51+00:00","og_image":[{"width":2560,"height":1707,"url":"https:\/\/www.tereos.com\/app\/uploads\/sites\/7\/2025\/12\/mg-3326-scaled.jpg","type":"image\/jpeg"}],"twitter_card":"summary_large_image","twitter_misc":{"Est. reading time":"1 minute"},"schema":{"@context":"https:\/\/schema.org","@graph":[{"@type":"WebPage","@id":"https:\/\/br.tereos.com\/pt-pt\/tereos-brasil\/tereos-amido-adocantes\/","url":"https:\/\/br.tereos.com\/pt-pt\/tereos-brasil\/tereos-amido-adocantes\/","name":"Tereos Amido &amp; Ado\u00e7antes - Brasil","isPartOf":{"@id":"https:\/\/br.tereos.com\/pt-pt\/#website"},"primaryImageOfPage":{"@id":"https:\/\/br.tereos.com\/pt-pt\/tereos-brasil\/tereos-amido-adocantes\/#primaryimage"},"image":{"@id":"https:\/\/br.tereos.com\/pt-pt\/tereos-brasil\/tereos-amido-adocantes\/#primaryimage"},"thumbnailUrl":"https:\/\/www.tereos.com\/app\/uploads\/sites\/7\/2025\/12\/mg-3326-scaled.jpg","datePublished":"2019-10-24T22:29:58+00:00","dateModified":"2025-12-09T20:47:51+00:00","breadcrumb":{"@id":"https:\/\/br.tereos.com\/pt-pt\/tereos-brasil\/tereos-amido-adocantes\/#breadcrumb"},"inLanguage":"pt-PT","potentialAction":[{"@type":"ReadAction","target":["https:\/\/br.tereos.com\/pt-pt\/tereos-brasil\/tereos-amido-adocantes\/"]}]},{"@type":"ImageObject","inLanguage":"pt-PT","@id":"https:\/\/br.tereos.com\/pt-pt\/tereos-brasil\/tereos-amido-adocantes\/#primaryimage","url":"https:\/\/www.tereos.com\/app\/uploads\/sites\/7\/2025\/12\/mg-3326-scaled.jpg","contentUrl":"https:\/\/www.tereos.com\/app\/uploads\/sites\/7\/2025\/12\/mg-3326-scaled.jpg","width":2560,"height":1707},{"@type":"BreadcrumbList","@id":"https:\/\/br.tereos.com\/pt-pt\/tereos-brasil\/tereos-amido-adocantes\/#breadcrumb","itemListElement":[{"@type":"ListItem","position":1,"name":"Home","item":"https:\/\/br.tereos.com\/pt-pt\/"},{"@type":"ListItem","position":2,"name":"Tereos Brasil","item":"https:\/\/br.tereos.com\/pt-pt\/tereos-brasil\/"},{"@type":"ListItem","position":3,"name":"Tereos Amido &amp; Ado\u00e7antes"}]},{"@type":"WebSite","@id":"https:\/\/br.tereos.com\/pt-pt\/#website","url":"https:\/\/br.tereos.com\/pt-pt\/","name":"Brasil","description":"Un site utilisant WordPress","potentialAction":[{"@type":"SearchAction","target":{"@type":"EntryPoint","urlTemplate":"https:\/\/br.tereos.com\/pt-pt\/?s={search_term_string}"},"query-input":{"@type":"PropertyValueSpecification","valueRequired":true,"valueName":"search_term_string"}}],"inLanguage":"pt-PT"}]}},"_links":{"self":[{"href":"https:\/\/br.tereos.com\/pt-pt\/wp-json\/wp\/v2\/pages\/6760"}],"collection":[{"href":"https:\/\/br.tereos.com\/pt-pt\/wp-json\/wp\/v2\/pages"}],"about":[{"href":"https:\/\/br.tereos.com\/pt-pt\/wp-json\/wp\/v2\/types\/page"}],"author":[{"embeddable":true,"href":"https:\/\/br.tereos.com\/pt-pt\/wp-json\/wp\/v2\/users\/13"}],"replies":[{"embeddable":true,"href":"https:\/\/br.tereos.com\/pt-pt\/wp-json\/wp\/v2\/comments?post=6760"}],"version-history":[{"count":5,"href":"https:\/\/br.tereos.com\/pt-pt\/wp-json\/wp\/v2\/pages\/6760\/revisions"}],"predecessor-version":[{"id":11620,"href":"https:\/\/br.tereos.com\/pt-pt\/wp-json\/wp\/v2\/pages\/6760\/revisions\/11620"}],"up":[{"embeddable":true,"href":"https:\/\/br.tereos.com\/pt-pt\/wp-json\/wp\/v2\/pages\/6753"}],"wp:featuredmedia":[{"embeddable":true,"href":"https:\/\/br.tereos.com\/pt-pt\/wp-json\/wp\/v2\/media\/11616"}],"wp:attachment":[{"href":"https:\/\/br.tereos.com\/pt-pt\/wp-json\/wp\/v2\/media?parent=6760"}],"curies":[{"name":"wp","href":"https:\/\/api.w.org\/{rel}","templated":true}]}}