{"id":6753,"date":"2019-10-25T00:29:17","date_gmt":"2019-10-24T22:29:17","guid":{"rendered":"https:\/\/br.tereos.com\/?page_id=6753"},"modified":"2020-02-27T18:47:17","modified_gmt":"2020-02-27T17:47:17","slug":"tereos-brasil","status":"publish","type":"page","link":"https:\/\/br.tereos.com\/pt-pt\/tereos-brasil\/","title":{"rendered":"Tereos Brasil"},"content":{"rendered":"","protected":false},"excerpt":{"rendered":"","protected":false},"author":13,"featured_media":6832,"parent":0,"menu_order":0,"comment_status":"closed","ping_status":"closed","template":"page-activity-products.php","meta":{"_acf_changed":false,"footnotes":""},"class_list":["post-6753","page","type-page","status-publish","has-post-thumbnail","hentry"],"acf":{"cover_type":"image","cover_image":6832,"link":"","cover_video_clone":{"cover_type":"image","cover_image":6832,"cover_video_uploaded":false,"hide_title":false,"link":""},"subtitle":"","subtitle_clone":{"subtitle":""},"headline":"","headline_clone":{"headline":""},"sections":[{"acf_fc_layout":"media_split","title":" Tereos no Brasil","text":"<p>A Tereos no Brasil \u00e9 composta pela Tereos A\u00e7\u00facar &amp;\u00a0 Energia Brasil, Tereos Amido &amp; Ado\u00e7antes Brasil e Tereos Commodities Brasil. No noroeste do Estado de S\u00e3o Paulo, a Tereos A\u00e7\u00facar &amp; Energia Brasil concentra suas sete unidades de processamento e duas refinarias. A Tereos Amido &amp; Ado\u00e7antes Brasil, com opera\u00e7\u00e3o em Palmital (SP), diversifica o portif\u00f3lio da Tereos Brasil com a fabrica\u00e7\u00e3o de produtos derivados de milho e mandioca. A Tereos Commodities opera como trading e possui escrit\u00f3rios em diversos pa\u00edses.<\/p>\n","type":"video","video":"<iframe class=\"embed-responsive-item\" title=\"Tereos Brasil | Por dentro da Tereos: Conhe\u00e7a a nossa hist\u00f3ria\" src=\"https:\/\/www.youtube.com\/embed\/KTvgfxIKs00?feature=oembed\" frameborder=\"0\" allow=\"accelerometer; autoplay; clipboard-write; encrypted-media; gyroscope; picture-in-picture; web-share\" referrerpolicy=\"strict-origin-when-cross-origin\" allowfullscreen allow=\"autoplay; encrypted-media\"><\/iframe>","caption":"","image":false,"items":false}],"flexible_ap_cpt_clone":{"sections":[{"acf_fc_layout":"media_split","title":" Tereos no Brasil","text":"<p>A Tereos no Brasil \u00e9 composta pela Tereos A\u00e7\u00facar &amp;\u00a0 Energia Brasil, Tereos Amido &amp; Ado\u00e7antes Brasil e Tereos Commodities Brasil. No noroeste do Estado de S\u00e3o Paulo, a Tereos A\u00e7\u00facar &amp; Energia Brasil concentra suas sete unidades de processamento e duas refinarias. A Tereos Amido &amp; Ado\u00e7antes Brasil, com opera\u00e7\u00e3o em Palmital (SP), diversifica o portif\u00f3lio da Tereos Brasil com a fabrica\u00e7\u00e3o de produtos derivados de milho e mandioca. A Tereos Commodities opera como trading e possui escrit\u00f3rios em diversos pa\u00edses.<\/p>\n","type":"video","video":"<iframe class=\"embed-responsive-item\" title=\"Tereos Brasil | Por dentro da Tereos: Conhe\u00e7a a nossa hist\u00f3ria\" src=\"https:\/\/www.youtube.com\/embed\/KTvgfxIKs00?feature=oembed\" frameborder=\"0\" allow=\"accelerometer; autoplay; clipboard-write; encrypted-media; gyroscope; picture-in-picture; web-share\" referrerpolicy=\"strict-origin-when-cross-origin\" allowfullscreen allow=\"autoplay; encrypted-media\"><\/iframe>","caption":"","image":false,"items":false}]},"has_related_content":false,"related_content_clone":{"has_related_content":false,"related_title":"","related_items":false}},"yoast_head":"<!-- This site is optimized with the Yoast SEO plugin v23.7 - https:\/\/yoast.com\/wordpress\/plugins\/seo\/ -->\n<title>Tereos Brasil - Brasil<\/title>\n<meta name=\"robots\" content=\"index, follow, max-snippet:-1, max-image-preview:large, max-video-preview:-1\" \/>\n<link rel=\"canonical\" href=\"https:\/\/br.tereos.com\/pt-pt\/tereos-brasil\/\" \/>\n<meta property=\"og:locale\" content=\"pt_PT\" \/>\n<meta property=\"og:type\" content=\"article\" \/>\n<meta property=\"og:title\" content=\"Tereos Brasil - Brasil\" \/>\n<meta property=\"og:url\" content=\"https:\/\/br.tereos.com\/pt-pt\/tereos-brasil\/\" \/>\n<meta property=\"og:site_name\" content=\"Brasil\" \/>\n<meta property=\"article:modified_time\" content=\"2020-02-27T17:47:17+00:00\" \/>\n<meta property=\"og:image\" content=\"https:\/\/www.tereos.com\/app\/uploads\/sites\/7\/2019\/10\/usina-brasil-e1573653888864.jpg\" \/>\n\t<meta property=\"og:image:width\" content=\"4581\" \/>\n\t<meta property=\"og:image:height\" content=\"1809\" \/>\n\t<meta property=\"og:image:type\" content=\"image\/jpeg\" \/>\n<meta name=\"twitter:card\" content=\"summary_large_image\" \/>\n<script type=\"application\/ld+json\" class=\"yoast-schema-graph\">{\"@context\":\"https:\/\/schema.org\",\"@graph\":[{\"@type\":\"WebPage\",\"@id\":\"https:\/\/br.tereos.com\/pt-pt\/tereos-brasil\/\",\"url\":\"https:\/\/br.tereos.com\/pt-pt\/tereos-brasil\/\",\"name\":\"Tereos Brasil - Brasil\",\"isPartOf\":{\"@id\":\"https:\/\/br.tereos.com\/pt-pt\/#website\"},\"primaryImageOfPage\":{\"@id\":\"https:\/\/br.tereos.com\/pt-pt\/tereos-brasil\/#primaryimage\"},\"image\":{\"@id\":\"https:\/\/br.tereos.com\/pt-pt\/tereos-brasil\/#primaryimage\"},\"thumbnailUrl\":\"https:\/\/www.tereos.com\/app\/uploads\/sites\/7\/2019\/10\/usina-brasil-e1573653888864.jpg\",\"datePublished\":\"2019-10-24T22:29:17+00:00\",\"dateModified\":\"2020-02-27T17:47:17+00:00\",\"breadcrumb\":{\"@id\":\"https:\/\/br.tereos.com\/pt-pt\/tereos-brasil\/#breadcrumb\"},\"inLanguage\":\"pt-PT\",\"potentialAction\":[{\"@type\":\"ReadAction\",\"target\":[\"https:\/\/br.tereos.com\/pt-pt\/tereos-brasil\/\"]}]},{\"@type\":\"ImageObject\",\"inLanguage\":\"pt-PT\",\"@id\":\"https:\/\/br.tereos.com\/pt-pt\/tereos-brasil\/#primaryimage\",\"url\":\"https:\/\/www.tereos.com\/app\/uploads\/sites\/7\/2019\/10\/usina-brasil-e1573653888864.jpg\",\"contentUrl\":\"https:\/\/www.tereos.com\/app\/uploads\/sites\/7\/2019\/10\/usina-brasil-e1573653888864.jpg\",\"width\":4581,\"height\":1809},{\"@type\":\"BreadcrumbList\",\"@id\":\"https:\/\/br.tereos.com\/pt-pt\/tereos-brasil\/#breadcrumb\",\"itemListElement\":[{\"@type\":\"ListItem\",\"position\":1,\"name\":\"Home\",\"item\":\"https:\/\/br.tereos.com\/pt-pt\/\"},{\"@type\":\"ListItem\",\"position\":2,\"name\":\"Tereos Brasil\"}]},{\"@type\":\"WebSite\",\"@id\":\"https:\/\/br.tereos.com\/pt-pt\/#website\",\"url\":\"https:\/\/br.tereos.com\/pt-pt\/\",\"name\":\"Brasil\",\"description\":\"Un site utilisant WordPress\",\"potentialAction\":[{\"@type\":\"SearchAction\",\"target\":{\"@type\":\"EntryPoint\",\"urlTemplate\":\"https:\/\/br.tereos.com\/pt-pt\/?s={search_term_string}\"},\"query-input\":{\"@type\":\"PropertyValueSpecification\",\"valueRequired\":true,\"valueName\":\"search_term_string\"}}],\"inLanguage\":\"pt-PT\"}]}<\/script>\n<!-- \/ Yoast SEO plugin. -->","yoast_head_json":{"title":"Tereos Brasil - Brasil","robots":{"index":"index","follow":"follow","max-snippet":"max-snippet:-1","max-image-preview":"max-image-preview:large","max-video-preview":"max-video-preview:-1"},"canonical":"https:\/\/br.tereos.com\/pt-pt\/tereos-brasil\/","og_locale":"pt_PT","og_type":"article","og_title":"Tereos Brasil - Brasil","og_url":"https:\/\/br.tereos.com\/pt-pt\/tereos-brasil\/","og_site_name":"Brasil","article_modified_time":"2020-02-27T17:47:17+00:00","og_image":[{"width":4581,"height":1809,"url":"https:\/\/www.tereos.com\/app\/uploads\/sites\/7\/2019\/10\/usina-brasil-e1573653888864.jpg","type":"image\/jpeg"}],"twitter_card":"summary_large_image","schema":{"@context":"https:\/\/schema.org","@graph":[{"@type":"WebPage","@id":"https:\/\/br.tereos.com\/pt-pt\/tereos-brasil\/","url":"https:\/\/br.tereos.com\/pt-pt\/tereos-brasil\/","name":"Tereos Brasil - Brasil","isPartOf":{"@id":"https:\/\/br.tereos.com\/pt-pt\/#website"},"primaryImageOfPage":{"@id":"https:\/\/br.tereos.com\/pt-pt\/tereos-brasil\/#primaryimage"},"image":{"@id":"https:\/\/br.tereos.com\/pt-pt\/tereos-brasil\/#primaryimage"},"thumbnailUrl":"https:\/\/www.tereos.com\/app\/uploads\/sites\/7\/2019\/10\/usina-brasil-e1573653888864.jpg","datePublished":"2019-10-24T22:29:17+00:00","dateModified":"2020-02-27T17:47:17+00:00","breadcrumb":{"@id":"https:\/\/br.tereos.com\/pt-pt\/tereos-brasil\/#breadcrumb"},"inLanguage":"pt-PT","potentialAction":[{"@type":"ReadAction","target":["https:\/\/br.tereos.com\/pt-pt\/tereos-brasil\/"]}]},{"@type":"ImageObject","inLanguage":"pt-PT","@id":"https:\/\/br.tereos.com\/pt-pt\/tereos-brasil\/#primaryimage","url":"https:\/\/www.tereos.com\/app\/uploads\/sites\/7\/2019\/10\/usina-brasil-e1573653888864.jpg","contentUrl":"https:\/\/www.tereos.com\/app\/uploads\/sites\/7\/2019\/10\/usina-brasil-e1573653888864.jpg","width":4581,"height":1809},{"@type":"BreadcrumbList","@id":"https:\/\/br.tereos.com\/pt-pt\/tereos-brasil\/#breadcrumb","itemListElement":[{"@type":"ListItem","position":1,"name":"Home","item":"https:\/\/br.tereos.com\/pt-pt\/"},{"@type":"ListItem","position":2,"name":"Tereos Brasil"}]},{"@type":"WebSite","@id":"https:\/\/br.tereos.com\/pt-pt\/#website","url":"https:\/\/br.tereos.com\/pt-pt\/","name":"Brasil","description":"Un site utilisant WordPress","potentialAction":[{"@type":"SearchAction","target":{"@type":"EntryPoint","urlTemplate":"https:\/\/br.tereos.com\/pt-pt\/?s={search_term_string}"},"query-input":{"@type":"PropertyValueSpecification","valueRequired":true,"valueName":"search_term_string"}}],"inLanguage":"pt-PT"}]}},"_links":{"self":[{"href":"https:\/\/br.tereos.com\/pt-pt\/wp-json\/wp\/v2\/pages\/6753"}],"collection":[{"href":"https:\/\/br.tereos.com\/pt-pt\/wp-json\/wp\/v2\/pages"}],"about":[{"href":"https:\/\/br.tereos.com\/pt-pt\/wp-json\/wp\/v2\/types\/page"}],"author":[{"embeddable":true,"href":"https:\/\/br.tereos.com\/pt-pt\/wp-json\/wp\/v2\/users\/13"}],"replies":[{"embeddable":true,"href":"https:\/\/br.tereos.com\/pt-pt\/wp-json\/wp\/v2\/comments?post=6753"}],"version-history":[{"count":3,"href":"https:\/\/br.tereos.com\/pt-pt\/wp-json\/wp\/v2\/pages\/6753\/revisions"}],"predecessor-version":[{"id":7529,"href":"https:\/\/br.tereos.com\/pt-pt\/wp-json\/wp\/v2\/pages\/6753\/revisions\/7529"}],"wp:featuredmedia":[{"embeddable":true,"href":"https:\/\/br.tereos.com\/pt-pt\/wp-json\/wp\/v2\/media\/6832"}],"wp:attachment":[{"href":"https:\/\/br.tereos.com\/pt-pt\/wp-json\/wp\/v2\/media?parent=6753"}],"curies":[{"name":"wp","href":"https:\/\/api.w.org\/{rel}","templated":true}]}}