{"id":5641,"date":"2019-08-07T11:43:44","date_gmt":"2019-08-07T09:43:44","guid":{"rendered":"https:\/\/tereos.com\/?page_id=5641"},"modified":"2023-05-29T22:56:36","modified_gmt":"2023-05-29T20:56:36","slug":"regras","status":"publish","type":"page","link":"https:\/\/br.tereos.com\/pt-pt\/regras\/","title":{"rendered":"Regras"},"content":{"rendered":"","protected":false},"excerpt":{"rendered":"","protected":false},"author":9,"featured_media":0,"parent":0,"menu_order":0,"comment_status":"closed","ping_status":"closed","template":"page-editorial.php","meta":{"_acf_changed":false,"footnotes":""},"class_list":["post-5641","page","type-page","status-publish","hentry"],"acf":{"is_story":false,"is_testimonial":false,"cover_image":false,"cover_video_clone":{"cover_mode":"classic","cover_image":false},"subtitle":"","subtitle_clone":{"subtitle":""},"headline":"","headline_clone":{"headline":""},"sections":[{"acf_fc_layout":"rich_text","anchor_title":"","text":"<p id=\"tw-target-text\" class=\"tw-data-text tw-ta tw-text-small\" dir=\"ltr\" data-placeholder=\"Traduction\"><span lang=\"pt\">Propriet\u00e1rio do site: TEREOS <\/span><\/p>\n<p class=\"tw-data-text tw-ta tw-text-small\" dir=\"ltr\" data-placeholder=\"Traduction\"><span lang=\"pt\">Sindicato das Cooperativas Agropecu\u00e1rias de Capital Vari\u00e1vel <\/span><span lang=\"pt\">RCS St Quentin D-407 948 926 Aprova\u00e7\u00e3o N 2605 <\/span><\/p>\n<p class=\"tw-data-text tw-ta tw-text-small\" dir=\"ltr\" data-placeholder=\"Traduction\"><span lang=\"pt\">N\u00famero de IVA intracomunit\u00e1rio FR 21 407 948 926<\/span><\/p>\n<p class=\"tw-data-text tw-ta tw-text-small\" dir=\"ltr\" data-placeholder=\"Traduction\"><span lang=\"pt\">Sede 12\/14 rue M\u00e9d\u00e9ric 75017 Paris tel. : +33 (0) 3 28 38 79 30 <\/span><\/p>\n<p class=\"tw-data-text tw-ta tw-text-small\" dir=\"ltr\" data-placeholder=\"Traduction\"><span lang=\"pt\">Endere\u00e7o do site: http: \/\/www.tereos.com <\/span><\/p>\n<p class=\"tw-data-text tw-ta tw-text-small\" dir=\"ltr\" data-placeholder=\"Traduction\"><span lang=\"pt\">Editor: Priscilla Simonnet<\/span><\/p>\n<p class=\"tw-data-text tw-ta tw-text-small\" dir=\"ltr\" data-placeholder=\"Traduction\"><span lang=\"pt\"> Gerente de Comunica\u00e7\u00f5es Externas Anfitri\u00e3o: Agence Propal 54 rue hermel, 75018 Paris\u00a0<\/span><\/p>\n<p class=\"tw-data-text tw-ta tw-text-small\" dir=\"ltr\" data-placeholder=\"Traduction\"><span lang=\"pt\">Para qualquer observa\u00e7\u00e3o sobre o funcionamento do site, por favor envie um email para os seguintes endere\u00e7os: psimonnet@tereos.com &#8211; mcastelain@tereos.com ou tostinni@propal.net <\/span><\/p>\n<p class=\"tw-data-text tw-ta tw-text-small\" dir=\"ltr\" data-placeholder=\"Traduction\"><span lang=\"pt\">Copyright &#8211; Copyright &#8211; Marcas comerciais<\/span><\/p>\n<p>Este site \u00e9 o site da Tereos. As informa\u00e7\u00f5es contidas neste site est\u00e3o sujeitas \u00e0 lei francesa, podem conter imprecis\u00f5es t\u00e9cnicas ou erros tipogr\u00e1ficos e, como resultado, s\u00e3o fornecidas &#8220;como est\u00e3o&#8221;, sem garantias de qualquer tipo, nem expl\u00edcitas nem impl\u00edcitas. Essas informa\u00e7\u00f5es s\u00e3o n\u00e3o contratuais e est\u00e3o sujeitas a modifica\u00e7\u00f5es sem aviso pr\u00e9vio da Tereos. Ao utilizar este site, o visitante reconhece ter tido a oportunidade de ler este aviso. Todos os conte\u00fados, imagens, scripts de p\u00e1ginas, \u00edcones ou sons deste site s\u00e3o de propriedade exclusiva da Tereos. Qualquer produ\u00e7\u00e3o, reprodu\u00e7\u00e3o ou representa\u00e7\u00e3o deste site, no todo ou em parte (textos, sons ou imagens), em qualquer meio \u00e9 proibida. O n\u00e3o cumprimento desta proibi\u00e7\u00e3o constitui uma viola\u00e7\u00e3o que pode incorrer na responsabilidade civil e criminal do infrator. \u00c9 expressamente proibido usar ou reproduzir o nome &#8220;Tereos&#8221; e \/ ou seu logotipo, bem como todas as marcas e desenhos cotados e \/ ou apresentados neste site ou em qualquer outro site relacionado, por qualquer motivo que seja e, em particular, para fins de publicidade sem o consentimento pr\u00e9vio por escrito da Tereos. Em nenhum caso a Tereos poder\u00e1 ser responsabilizada por danos resultantes direta ou indiretamente de acidentes ou neglig\u00eancia que n\u00e3o sejam imput\u00e1veis \u200b\u200ba ela, ou pelo n\u00e3o cumprimento por parte do usu\u00e1rio das recomenda\u00e7\u00f5es ou restri\u00e7\u00f5es formuladas pela TEREOS ou de uso inadequado. ou mal-entendido pelo usu\u00e1rio em conex\u00e3o com o uso deste site. Por acordo expresso, qualquer lit\u00edgio ser\u00e1 apresentado na aus\u00eancia de acordo amig\u00e1vel entre as Partes, o Tribunal Comercial de PARIS. \u00a9 2016 &#8211; Tereos, Todos os direitos reservados.<\/p>\n"}],"flexible_editorial_clone":{"has_anchors":false,"sections":[{"acf_fc_layout":"rich_text","anchor_title":"","text":"<p id=\"tw-target-text\" class=\"tw-data-text tw-ta tw-text-small\" dir=\"ltr\" data-placeholder=\"Traduction\"><span lang=\"pt\">Propriet\u00e1rio do site: TEREOS <\/span><\/p>\n<p class=\"tw-data-text tw-ta tw-text-small\" dir=\"ltr\" data-placeholder=\"Traduction\"><span lang=\"pt\">Sindicato das Cooperativas Agropecu\u00e1rias de Capital Vari\u00e1vel <\/span><span lang=\"pt\">RCS St Quentin D-407 948 926 Aprova\u00e7\u00e3o N 2605 <\/span><\/p>\n<p class=\"tw-data-text tw-ta tw-text-small\" dir=\"ltr\" data-placeholder=\"Traduction\"><span lang=\"pt\">N\u00famero de IVA intracomunit\u00e1rio FR 21 407 948 926<\/span><\/p>\n<p class=\"tw-data-text tw-ta tw-text-small\" dir=\"ltr\" data-placeholder=\"Traduction\"><span lang=\"pt\">Sede 12\/14 rue M\u00e9d\u00e9ric 75017 Paris tel. : +33 (0) 3 28 38 79 30 <\/span><\/p>\n<p class=\"tw-data-text tw-ta tw-text-small\" dir=\"ltr\" data-placeholder=\"Traduction\"><span lang=\"pt\">Endere\u00e7o do site: http: \/\/www.tereos.com <\/span><\/p>\n<p class=\"tw-data-text tw-ta tw-text-small\" dir=\"ltr\" data-placeholder=\"Traduction\"><span lang=\"pt\">Editor: Priscilla Simonnet<\/span><\/p>\n<p class=\"tw-data-text tw-ta tw-text-small\" dir=\"ltr\" data-placeholder=\"Traduction\"><span lang=\"pt\"> Gerente de Comunica\u00e7\u00f5es Externas Anfitri\u00e3o: Agence Propal 54 rue hermel, 75018 Paris\u00a0<\/span><\/p>\n<p class=\"tw-data-text tw-ta tw-text-small\" dir=\"ltr\" data-placeholder=\"Traduction\"><span lang=\"pt\">Para qualquer observa\u00e7\u00e3o sobre o funcionamento do site, por favor envie um email para os seguintes endere\u00e7os: psimonnet@tereos.com &#8211; mcastelain@tereos.com ou tostinni@propal.net <\/span><\/p>\n<p class=\"tw-data-text tw-ta tw-text-small\" dir=\"ltr\" data-placeholder=\"Traduction\"><span lang=\"pt\">Copyright &#8211; Copyright &#8211; Marcas comerciais<\/span><\/p>\n<p>Este site \u00e9 o site da Tereos. As informa\u00e7\u00f5es contidas neste site est\u00e3o sujeitas \u00e0 lei francesa, podem conter imprecis\u00f5es t\u00e9cnicas ou erros tipogr\u00e1ficos e, como resultado, s\u00e3o fornecidas &#8220;como est\u00e3o&#8221;, sem garantias de qualquer tipo, nem expl\u00edcitas nem impl\u00edcitas. Essas informa\u00e7\u00f5es s\u00e3o n\u00e3o contratuais e est\u00e3o sujeitas a modifica\u00e7\u00f5es sem aviso pr\u00e9vio da Tereos. Ao utilizar este site, o visitante reconhece ter tido a oportunidade de ler este aviso. Todos os conte\u00fados, imagens, scripts de p\u00e1ginas, \u00edcones ou sons deste site s\u00e3o de propriedade exclusiva da Tereos. Qualquer produ\u00e7\u00e3o, reprodu\u00e7\u00e3o ou representa\u00e7\u00e3o deste site, no todo ou em parte (textos, sons ou imagens), em qualquer meio \u00e9 proibida. O n\u00e3o cumprimento desta proibi\u00e7\u00e3o constitui uma viola\u00e7\u00e3o que pode incorrer na responsabilidade civil e criminal do infrator. \u00c9 expressamente proibido usar ou reproduzir o nome &#8220;Tereos&#8221; e \/ ou seu logotipo, bem como todas as marcas e desenhos cotados e \/ ou apresentados neste site ou em qualquer outro site relacionado, por qualquer motivo que seja e, em particular, para fins de publicidade sem o consentimento pr\u00e9vio por escrito da Tereos. Em nenhum caso a Tereos poder\u00e1 ser responsabilizada por danos resultantes direta ou indiretamente de acidentes ou neglig\u00eancia que n\u00e3o sejam imput\u00e1veis \u200b\u200ba ela, ou pelo n\u00e3o cumprimento por parte do usu\u00e1rio das recomenda\u00e7\u00f5es ou restri\u00e7\u00f5es formuladas pela TEREOS ou de uso inadequado. ou mal-entendido pelo usu\u00e1rio em conex\u00e3o com o uso deste site. Por acordo expresso, qualquer lit\u00edgio ser\u00e1 apresentado na aus\u00eancia de acordo amig\u00e1vel entre as Partes, o Tribunal Comercial de PARIS. \u00a9 2016 &#8211; Tereos, Todos os direitos reservados.<\/p>\n"}]},"cover_mode":"classic","has_anchors":false},"yoast_head":"<!-- This site is optimized with the Yoast SEO plugin v23.7 - https:\/\/yoast.com\/wordpress\/plugins\/seo\/ -->\n<title>Regras - Brasil<\/title>\n<meta name=\"robots\" content=\"index, follow, max-snippet:-1, max-image-preview:large, max-video-preview:-1\" \/>\n<link rel=\"canonical\" href=\"https:\/\/br.tereos.com\/pt-pt\/regras\/\" \/>\n<meta property=\"og:locale\" content=\"pt_PT\" \/>\n<meta property=\"og:type\" content=\"article\" \/>\n<meta property=\"og:title\" content=\"Regras - Brasil\" \/>\n<meta property=\"og:url\" content=\"https:\/\/br.tereos.com\/pt-pt\/regras\/\" \/>\n<meta property=\"og:site_name\" content=\"Brasil\" \/>\n<meta property=\"article:modified_time\" content=\"2023-05-29T20:56:36+00:00\" \/>\n<meta name=\"twitter:card\" content=\"summary_large_image\" \/>\n<script type=\"application\/ld+json\" class=\"yoast-schema-graph\">{\"@context\":\"https:\/\/schema.org\",\"@graph\":[{\"@type\":\"WebPage\",\"@id\":\"https:\/\/br.tereos.com\/pt-pt\/regras\/\",\"url\":\"https:\/\/br.tereos.com\/pt-pt\/regras\/\",\"name\":\"Regras - Brasil\",\"isPartOf\":{\"@id\":\"https:\/\/br.tereos.com\/pt-pt\/#website\"},\"datePublished\":\"2019-08-07T09:43:44+00:00\",\"dateModified\":\"2023-05-29T20:56:36+00:00\",\"breadcrumb\":{\"@id\":\"https:\/\/br.tereos.com\/pt-pt\/regras\/#breadcrumb\"},\"inLanguage\":\"pt-PT\",\"potentialAction\":[{\"@type\":\"ReadAction\",\"target\":[\"https:\/\/br.tereos.com\/pt-pt\/regras\/\"]}]},{\"@type\":\"BreadcrumbList\",\"@id\":\"https:\/\/br.tereos.com\/pt-pt\/regras\/#breadcrumb\",\"itemListElement\":[{\"@type\":\"ListItem\",\"position\":1,\"name\":\"Home\",\"item\":\"https:\/\/br.tereos.com\/pt-pt\/\"},{\"@type\":\"ListItem\",\"position\":2,\"name\":\"Regras\"}]},{\"@type\":\"WebSite\",\"@id\":\"https:\/\/br.tereos.com\/pt-pt\/#website\",\"url\":\"https:\/\/br.tereos.com\/pt-pt\/\",\"name\":\"Brasil\",\"description\":\"Un site utilisant WordPress\",\"potentialAction\":[{\"@type\":\"SearchAction\",\"target\":{\"@type\":\"EntryPoint\",\"urlTemplate\":\"https:\/\/br.tereos.com\/pt-pt\/?s={search_term_string}\"},\"query-input\":{\"@type\":\"PropertyValueSpecification\",\"valueRequired\":true,\"valueName\":\"search_term_string\"}}],\"inLanguage\":\"pt-PT\"}]}<\/script>\n<!-- \/ Yoast SEO plugin. -->","yoast_head_json":{"title":"Regras - Brasil","robots":{"index":"index","follow":"follow","max-snippet":"max-snippet:-1","max-image-preview":"max-image-preview:large","max-video-preview":"max-video-preview:-1"},"canonical":"https:\/\/br.tereos.com\/pt-pt\/regras\/","og_locale":"pt_PT","og_type":"article","og_title":"Regras - Brasil","og_url":"https:\/\/br.tereos.com\/pt-pt\/regras\/","og_site_name":"Brasil","article_modified_time":"2023-05-29T20:56:36+00:00","twitter_card":"summary_large_image","schema":{"@context":"https:\/\/schema.org","@graph":[{"@type":"WebPage","@id":"https:\/\/br.tereos.com\/pt-pt\/regras\/","url":"https:\/\/br.tereos.com\/pt-pt\/regras\/","name":"Regras - Brasil","isPartOf":{"@id":"https:\/\/br.tereos.com\/pt-pt\/#website"},"datePublished":"2019-08-07T09:43:44+00:00","dateModified":"2023-05-29T20:56:36+00:00","breadcrumb":{"@id":"https:\/\/br.tereos.com\/pt-pt\/regras\/#breadcrumb"},"inLanguage":"pt-PT","potentialAction":[{"@type":"ReadAction","target":["https:\/\/br.tereos.com\/pt-pt\/regras\/"]}]},{"@type":"BreadcrumbList","@id":"https:\/\/br.tereos.com\/pt-pt\/regras\/#breadcrumb","itemListElement":[{"@type":"ListItem","position":1,"name":"Home","item":"https:\/\/br.tereos.com\/pt-pt\/"},{"@type":"ListItem","position":2,"name":"Regras"}]},{"@type":"WebSite","@id":"https:\/\/br.tereos.com\/pt-pt\/#website","url":"https:\/\/br.tereos.com\/pt-pt\/","name":"Brasil","description":"Un site utilisant WordPress","potentialAction":[{"@type":"SearchAction","target":{"@type":"EntryPoint","urlTemplate":"https:\/\/br.tereos.com\/pt-pt\/?s={search_term_string}"},"query-input":{"@type":"PropertyValueSpecification","valueRequired":true,"valueName":"search_term_string"}}],"inLanguage":"pt-PT"}]}},"_links":{"self":[{"href":"https:\/\/br.tereos.com\/pt-pt\/wp-json\/wp\/v2\/pages\/5641"}],"collection":[{"href":"https:\/\/br.tereos.com\/pt-pt\/wp-json\/wp\/v2\/pages"}],"about":[{"href":"https:\/\/br.tereos.com\/pt-pt\/wp-json\/wp\/v2\/types\/page"}],"author":[{"embeddable":true,"href":"https:\/\/br.tereos.com\/pt-pt\/wp-json\/wp\/v2\/users\/9"}],"replies":[{"embeddable":true,"href":"https:\/\/br.tereos.com\/pt-pt\/wp-json\/wp\/v2\/comments?post=5641"}],"version-history":[{"count":2,"href":"https:\/\/br.tereos.com\/pt-pt\/wp-json\/wp\/v2\/pages\/5641\/revisions"}],"predecessor-version":[{"id":9900,"href":"https:\/\/br.tereos.com\/pt-pt\/wp-json\/wp\/v2\/pages\/5641\/revisions\/9900"}],"wp:attachment":[{"href":"https:\/\/br.tereos.com\/pt-pt\/wp-json\/wp\/v2\/media?parent=5641"}],"curies":[{"name":"wp","href":"https:\/\/api.w.org\/{rel}","templated":true}]}}