{"id":5538,"date":"2019-05-03T11:53:25","date_gmt":"2019-05-03T09:53:25","guid":{"rendered":"https:\/\/tereos.com\/credits\/"},"modified":"2020-01-14T21:10:14","modified_gmt":"2020-01-14T20:10:14","slug":"credito","status":"publish","type":"page","link":"https:\/\/br.tereos.com\/pt-pt\/credito\/","title":{"rendered":"Cr\u00e9dito"},"content":{"rendered":"","protected":false},"excerpt":{"rendered":"","protected":false},"author":4,"featured_media":0,"parent":0,"menu_order":0,"comment_status":"closed","ping_status":"closed","template":"page-editorial.php","meta":{"_acf_changed":false,"footnotes":""},"class_list":["post-5538","page","type-page","status-publish","hentry"],"acf":{"is_story":false,"is_testimonial":false,"headline":"","headline_clone":{"headline":""},"sections":[{"acf_fc_layout":"rich_text","anchor_title":"","text":"<pre id=\"tw-target-text\" class=\"tw-data-text tw-ta tw-text-medium\" data-placeholder=\"Traduction\"><span lang=\"pt\">Concep\u00e7\u00e3o e Realiza\u00e7\u00e3o : <\/span><\/pre>\n<p><a href=\"https:\/\/www.octaveoctave.com\/\" target=\"_blank\" rel=\"noopener\">Octave Octave<\/a><\/p>\n<div id=\"tw-target-text-container\" class=\"tw-ta-container tw-nfl\">\n<pre id=\"tw-target-text\" class=\"tw-data-text tw-ta tw-text-medium\" data-placeholder=\"Traduction\"><span lang=\"pt\">servi\u00e7o de hospedagem : <\/span><\/pre>\n<\/div>\n<p>Agence Propal<\/p>\n<p>Copyright<\/p>\n<p>TEREOS 2019<\/p>\n"}],"flexible_editorial_clone":{"has_anchors":false,"sections":[{"acf_fc_layout":"rich_text","anchor_title":"","text":"<pre id=\"tw-target-text\" class=\"tw-data-text tw-ta tw-text-medium\" data-placeholder=\"Traduction\"><span lang=\"pt\">Concep\u00e7\u00e3o e Realiza\u00e7\u00e3o : <\/span><\/pre>\n<p><a href=\"https:\/\/www.octaveoctave.com\/\" target=\"_blank\" rel=\"noopener\">Octave Octave<\/a><\/p>\n<div id=\"tw-target-text-container\" class=\"tw-ta-container tw-nfl\">\n<pre id=\"tw-target-text\" class=\"tw-data-text tw-ta tw-text-medium\" data-placeholder=\"Traduction\"><span lang=\"pt\">servi\u00e7o de hospedagem : <\/span><\/pre>\n<\/div>\n<p>Agence Propal<\/p>\n<p>Copyright<\/p>\n<p>TEREOS 2019<\/p>\n"}]},"cover_image":false,"cover_video_clone":{"cover_mode":"","cover_image":false},"subtitle":"","subtitle_clone":{"subtitle":""}},"yoast_head":"<!-- This site is optimized with the Yoast SEO plugin v23.7 - https:\/\/yoast.com\/wordpress\/plugins\/seo\/ -->\n<title>Cr\u00e9dito - Brasil<\/title>\n<meta name=\"robots\" content=\"index, follow, max-snippet:-1, max-image-preview:large, max-video-preview:-1\" \/>\n<link rel=\"canonical\" href=\"https:\/\/br.tereos.com\/pt-pt\/credito\/\" \/>\n<meta property=\"og:locale\" content=\"pt_PT\" \/>\n<meta property=\"og:type\" content=\"article\" \/>\n<meta property=\"og:title\" content=\"Cr\u00e9dito - Brasil\" \/>\n<meta property=\"og:url\" content=\"https:\/\/br.tereos.com\/pt-pt\/credito\/\" \/>\n<meta property=\"og:site_name\" content=\"Brasil\" \/>\n<meta property=\"article:modified_time\" content=\"2020-01-14T20:10:14+00:00\" \/>\n<meta name=\"twitter:card\" content=\"summary_large_image\" \/>\n<script type=\"application\/ld+json\" class=\"yoast-schema-graph\">{\"@context\":\"https:\/\/schema.org\",\"@graph\":[{\"@type\":\"WebPage\",\"@id\":\"https:\/\/br.tereos.com\/pt-pt\/credito\/\",\"url\":\"https:\/\/br.tereos.com\/pt-pt\/credito\/\",\"name\":\"Cr\u00e9dito - Brasil\",\"isPartOf\":{\"@id\":\"https:\/\/br.tereos.com\/pt-pt\/#website\"},\"datePublished\":\"2019-05-03T09:53:25+00:00\",\"dateModified\":\"2020-01-14T20:10:14+00:00\",\"breadcrumb\":{\"@id\":\"https:\/\/br.tereos.com\/pt-pt\/credito\/#breadcrumb\"},\"inLanguage\":\"pt-PT\",\"potentialAction\":[{\"@type\":\"ReadAction\",\"target\":[\"https:\/\/br.tereos.com\/pt-pt\/credito\/\"]}]},{\"@type\":\"BreadcrumbList\",\"@id\":\"https:\/\/br.tereos.com\/pt-pt\/credito\/#breadcrumb\",\"itemListElement\":[{\"@type\":\"ListItem\",\"position\":1,\"name\":\"Home\",\"item\":\"https:\/\/br.tereos.com\/pt-pt\/\"},{\"@type\":\"ListItem\",\"position\":2,\"name\":\"Cr\u00e9dito\"}]},{\"@type\":\"WebSite\",\"@id\":\"https:\/\/br.tereos.com\/pt-pt\/#website\",\"url\":\"https:\/\/br.tereos.com\/pt-pt\/\",\"name\":\"Brasil\",\"description\":\"Un site utilisant WordPress\",\"potentialAction\":[{\"@type\":\"SearchAction\",\"target\":{\"@type\":\"EntryPoint\",\"urlTemplate\":\"https:\/\/br.tereos.com\/pt-pt\/?s={search_term_string}\"},\"query-input\":{\"@type\":\"PropertyValueSpecification\",\"valueRequired\":true,\"valueName\":\"search_term_string\"}}],\"inLanguage\":\"pt-PT\"}]}<\/script>\n<!-- \/ Yoast SEO plugin. -->","yoast_head_json":{"title":"Cr\u00e9dito - Brasil","robots":{"index":"index","follow":"follow","max-snippet":"max-snippet:-1","max-image-preview":"max-image-preview:large","max-video-preview":"max-video-preview:-1"},"canonical":"https:\/\/br.tereos.com\/pt-pt\/credito\/","og_locale":"pt_PT","og_type":"article","og_title":"Cr\u00e9dito - Brasil","og_url":"https:\/\/br.tereos.com\/pt-pt\/credito\/","og_site_name":"Brasil","article_modified_time":"2020-01-14T20:10:14+00:00","twitter_card":"summary_large_image","schema":{"@context":"https:\/\/schema.org","@graph":[{"@type":"WebPage","@id":"https:\/\/br.tereos.com\/pt-pt\/credito\/","url":"https:\/\/br.tereos.com\/pt-pt\/credito\/","name":"Cr\u00e9dito - Brasil","isPartOf":{"@id":"https:\/\/br.tereos.com\/pt-pt\/#website"},"datePublished":"2019-05-03T09:53:25+00:00","dateModified":"2020-01-14T20:10:14+00:00","breadcrumb":{"@id":"https:\/\/br.tereos.com\/pt-pt\/credito\/#breadcrumb"},"inLanguage":"pt-PT","potentialAction":[{"@type":"ReadAction","target":["https:\/\/br.tereos.com\/pt-pt\/credito\/"]}]},{"@type":"BreadcrumbList","@id":"https:\/\/br.tereos.com\/pt-pt\/credito\/#breadcrumb","itemListElement":[{"@type":"ListItem","position":1,"name":"Home","item":"https:\/\/br.tereos.com\/pt-pt\/"},{"@type":"ListItem","position":2,"name":"Cr\u00e9dito"}]},{"@type":"WebSite","@id":"https:\/\/br.tereos.com\/pt-pt\/#website","url":"https:\/\/br.tereos.com\/pt-pt\/","name":"Brasil","description":"Un site utilisant WordPress","potentialAction":[{"@type":"SearchAction","target":{"@type":"EntryPoint","urlTemplate":"https:\/\/br.tereos.com\/pt-pt\/?s={search_term_string}"},"query-input":{"@type":"PropertyValueSpecification","valueRequired":true,"valueName":"search_term_string"}}],"inLanguage":"pt-PT"}]}},"_links":{"self":[{"href":"https:\/\/br.tereos.com\/pt-pt\/wp-json\/wp\/v2\/pages\/5538"}],"collection":[{"href":"https:\/\/br.tereos.com\/pt-pt\/wp-json\/wp\/v2\/pages"}],"about":[{"href":"https:\/\/br.tereos.com\/pt-pt\/wp-json\/wp\/v2\/types\/page"}],"author":[{"embeddable":true,"href":"https:\/\/br.tereos.com\/pt-pt\/wp-json\/wp\/v2\/users\/4"}],"replies":[{"embeddable":true,"href":"https:\/\/br.tereos.com\/pt-pt\/wp-json\/wp\/v2\/comments?post=5538"}],"version-history":[{"count":1,"href":"https:\/\/br.tereos.com\/pt-pt\/wp-json\/wp\/v2\/pages\/5538\/revisions"}],"predecessor-version":[{"id":7431,"href":"https:\/\/br.tereos.com\/pt-pt\/wp-json\/wp\/v2\/pages\/5538\/revisions\/7431"}],"wp:attachment":[{"href":"https:\/\/br.tereos.com\/pt-pt\/wp-json\/wp\/v2\/media?parent=5538"}],"curies":[{"name":"wp","href":"https:\/\/api.w.org\/{rel}","templated":true}]}}