{"id":5368,"date":"2019-05-13T15:36:29","date_gmt":"2019-05-13T13:36:29","guid":{"rendered":"https:\/\/tereos.com\/grupo\/finance\/annual-report\/"},"modified":"2024-05-29T18:24:25","modified_gmt":"2024-05-29T16:24:25","slug":"annual-report","status":"publish","type":"page","link":"https:\/\/br.tereos.com\/pt-pt\/sobreatereos\/financas\/annual-report\/","title":{"rendered":"Relat\u00f3rio anual"},"content":{"rendered":"","protected":false},"excerpt":{"rendered":"","protected":false},"author":9,"featured_media":0,"parent":5354,"menu_order":0,"comment_status":"closed","ping_status":"closed","template":"page-list.php","meta":{"_acf_changed":false,"footnotes":""},"class_list":["post-5368","page","type-page","status-publish","hentry"],"acf":{"subtitle":"Finan\u00e7as","subtitle_clone":{"subtitle":"Finan\u00e7as"},"list_category":89,"types_shown":["document"]},"yoast_head":"<!-- This site is optimized with the Yoast SEO plugin v23.7 - https:\/\/yoast.com\/wordpress\/plugins\/seo\/ -->\n<title>Relat\u00f3rio anual - Brasil<\/title>\n<meta name=\"robots\" content=\"index, follow, max-snippet:-1, max-image-preview:large, max-video-preview:-1\" \/>\n<link rel=\"canonical\" href=\"https:\/\/br.tereos.com\/pt-pt\/sobreatereos\/financas\/annual-report\/\" \/>\n<meta property=\"og:locale\" content=\"pt_PT\" \/>\n<meta property=\"og:type\" content=\"article\" \/>\n<meta property=\"og:title\" content=\"Relat\u00f3rio anual - Brasil\" \/>\n<meta property=\"og:url\" content=\"https:\/\/br.tereos.com\/pt-pt\/sobreatereos\/financas\/annual-report\/\" \/>\n<meta property=\"og:site_name\" content=\"Brasil\" \/>\n<meta property=\"article:modified_time\" content=\"2024-05-29T16:24:25+00:00\" \/>\n<meta name=\"twitter:card\" content=\"summary_large_image\" \/>\n<script type=\"application\/ld+json\" class=\"yoast-schema-graph\">{\"@context\":\"https:\/\/schema.org\",\"@graph\":[{\"@type\":\"WebPage\",\"@id\":\"https:\/\/br.tereos.com\/pt-pt\/sobreatereos\/financas\/annual-report\/\",\"url\":\"https:\/\/br.tereos.com\/pt-pt\/sobreatereos\/financas\/annual-report\/\",\"name\":\"Relat\u00f3rio anual - Brasil\",\"isPartOf\":{\"@id\":\"https:\/\/br.tereos.com\/pt-pt\/#website\"},\"datePublished\":\"2019-05-13T13:36:29+00:00\",\"dateModified\":\"2024-05-29T16:24:25+00:00\",\"breadcrumb\":{\"@id\":\"https:\/\/br.tereos.com\/pt-pt\/sobreatereos\/financas\/annual-report\/#breadcrumb\"},\"inLanguage\":\"pt-PT\",\"potentialAction\":[{\"@type\":\"ReadAction\",\"target\":[\"https:\/\/br.tereos.com\/pt-pt\/sobreatereos\/financas\/annual-report\/\"]}]},{\"@type\":\"BreadcrumbList\",\"@id\":\"https:\/\/br.tereos.com\/pt-pt\/sobreatereos\/financas\/annual-report\/#breadcrumb\",\"itemListElement\":[{\"@type\":\"ListItem\",\"position\":1,\"name\":\"Home\",\"item\":\"https:\/\/br.tereos.com\/pt-pt\/\"},{\"@type\":\"ListItem\",\"position\":2,\"name\":\"L\u00edder nos mercados de a\u00e7\u00facar, amido e \u00e1lcool\",\"item\":\"https:\/\/br.tereos.com\/pt-pt\/sobreatereos\/\"},{\"@type\":\"ListItem\",\"position\":3,\"name\":\"Finan\u00e7as\",\"item\":\"https:\/\/br.tereos.com\/pt-pt\/?page_id=5354\"},{\"@type\":\"ListItem\",\"position\":4,\"name\":\"Relat\u00f3rio anual\"}]},{\"@type\":\"WebSite\",\"@id\":\"https:\/\/br.tereos.com\/pt-pt\/#website\",\"url\":\"https:\/\/br.tereos.com\/pt-pt\/\",\"name\":\"Brasil\",\"description\":\"Un site utilisant WordPress\",\"potentialAction\":[{\"@type\":\"SearchAction\",\"target\":{\"@type\":\"EntryPoint\",\"urlTemplate\":\"https:\/\/br.tereos.com\/pt-pt\/?s={search_term_string}\"},\"query-input\":{\"@type\":\"PropertyValueSpecification\",\"valueRequired\":true,\"valueName\":\"search_term_string\"}}],\"inLanguage\":\"pt-PT\"}]}<\/script>\n<!-- \/ Yoast SEO plugin. -->","yoast_head_json":{"title":"Relat\u00f3rio anual - Brasil","robots":{"index":"index","follow":"follow","max-snippet":"max-snippet:-1","max-image-preview":"max-image-preview:large","max-video-preview":"max-video-preview:-1"},"canonical":"https:\/\/br.tereos.com\/pt-pt\/sobreatereos\/financas\/annual-report\/","og_locale":"pt_PT","og_type":"article","og_title":"Relat\u00f3rio anual - Brasil","og_url":"https:\/\/br.tereos.com\/pt-pt\/sobreatereos\/financas\/annual-report\/","og_site_name":"Brasil","article_modified_time":"2024-05-29T16:24:25+00:00","twitter_card":"summary_large_image","schema":{"@context":"https:\/\/schema.org","@graph":[{"@type":"WebPage","@id":"https:\/\/br.tereos.com\/pt-pt\/sobreatereos\/financas\/annual-report\/","url":"https:\/\/br.tereos.com\/pt-pt\/sobreatereos\/financas\/annual-report\/","name":"Relat\u00f3rio anual - Brasil","isPartOf":{"@id":"https:\/\/br.tereos.com\/pt-pt\/#website"},"datePublished":"2019-05-13T13:36:29+00:00","dateModified":"2024-05-29T16:24:25+00:00","breadcrumb":{"@id":"https:\/\/br.tereos.com\/pt-pt\/sobreatereos\/financas\/annual-report\/#breadcrumb"},"inLanguage":"pt-PT","potentialAction":[{"@type":"ReadAction","target":["https:\/\/br.tereos.com\/pt-pt\/sobreatereos\/financas\/annual-report\/"]}]},{"@type":"BreadcrumbList","@id":"https:\/\/br.tereos.com\/pt-pt\/sobreatereos\/financas\/annual-report\/#breadcrumb","itemListElement":[{"@type":"ListItem","position":1,"name":"Home","item":"https:\/\/br.tereos.com\/pt-pt\/"},{"@type":"ListItem","position":2,"name":"L\u00edder nos mercados de a\u00e7\u00facar, amido e \u00e1lcool","item":"https:\/\/br.tereos.com\/pt-pt\/sobreatereos\/"},{"@type":"ListItem","position":3,"name":"Finan\u00e7as","item":"https:\/\/br.tereos.com\/pt-pt\/?page_id=5354"},{"@type":"ListItem","position":4,"name":"Relat\u00f3rio anual"}]},{"@type":"WebSite","@id":"https:\/\/br.tereos.com\/pt-pt\/#website","url":"https:\/\/br.tereos.com\/pt-pt\/","name":"Brasil","description":"Un site utilisant WordPress","potentialAction":[{"@type":"SearchAction","target":{"@type":"EntryPoint","urlTemplate":"https:\/\/br.tereos.com\/pt-pt\/?s={search_term_string}"},"query-input":{"@type":"PropertyValueSpecification","valueRequired":true,"valueName":"search_term_string"}}],"inLanguage":"pt-PT"}]}},"_links":{"self":[{"href":"https:\/\/br.tereos.com\/pt-pt\/wp-json\/wp\/v2\/pages\/5368"}],"collection":[{"href":"https:\/\/br.tereos.com\/pt-pt\/wp-json\/wp\/v2\/pages"}],"about":[{"href":"https:\/\/br.tereos.com\/pt-pt\/wp-json\/wp\/v2\/types\/page"}],"author":[{"embeddable":true,"href":"https:\/\/br.tereos.com\/pt-pt\/wp-json\/wp\/v2\/users\/9"}],"replies":[{"embeddable":true,"href":"https:\/\/br.tereos.com\/pt-pt\/wp-json\/wp\/v2\/comments?post=5368"}],"version-history":[{"count":3,"href":"https:\/\/br.tereos.com\/pt-pt\/wp-json\/wp\/v2\/pages\/5368\/revisions"}],"predecessor-version":[{"id":10337,"href":"https:\/\/br.tereos.com\/pt-pt\/wp-json\/wp\/v2\/pages\/5368\/revisions\/10337"}],"up":[{"embeddable":true,"href":"https:\/\/br.tereos.com\/pt-pt\/wp-json\/wp\/v2\/pages\/5354"}],"wp:attachment":[{"href":"https:\/\/br.tereos.com\/pt-pt\/wp-json\/wp\/v2\/media?parent=5368"}],"curies":[{"name":"wp","href":"https:\/\/api.w.org\/{rel}","templated":true}]}}