{"id":5339,"date":"2018-07-07T23:57:01","date_gmt":"2018-07-07T21:57:01","guid":{"rendered":"https:\/\/tereos.com\/home-fr\/"},"modified":"2026-04-23T16:14:32","modified_gmt":"2026-04-23T19:14:32","slug":"home-fr","status":"publish","type":"page","link":"https:\/\/br.tereos.com\/pt-pt\/","title":{"rendered":""},"content":{"rendered":"","protected":false},"excerpt":{"rendered":"","protected":false},"author":1,"featured_media":4931,"parent":0,"menu_order":0,"comment_status":"closed","ping_status":"closed","template":"","meta":{"_acf_changed":false,"footnotes":""},"class_list":["post-5339","page","type-page","status-publish","has-post-thumbnail","hentry"],"acf":{"cover_type":"video_uploaded","cover_image":false,"cover_video_clone":{"cover_type":"video_uploaded","cover_image":false,"cover_video_uploaded":{"ID":10424,"id":10424,"title":"Film raison de\u0302te web - PT (2)","filename":"film-raison-dete-web-pt-2.mp4","filesize":33101300,"url":"https:\/\/www.tereos.com\/app\/uploads\/sites\/7\/2024\/06\/film-raison-dete-web-pt-2.mp4","link":"https:\/\/br.tereos.com\/pt-pt\/home-fr\/film-raison-dete-web-pt-2\/","alt":"","author":"4","description":"","caption":"","name":"film-raison-dete-web-pt-2","status":"inherit","uploaded_to":5339,"date":"2024-06-24 10:21:26","modified":"2024-06-24 10:21:45","menu_order":0,"mime_type":"video\/mp4","type":"video","subtype":"mp4","icon":"https:\/\/br.tereos.com\/wp\/wp-includes\/images\/media\/video.png","width":1920,"height":1080},"hide_title":false,"link":""},"sections":[{"acf_fc_layout":"featured_news","title":"\u00daltimas not\u00edcias","link":{"title":"Todas as noticias","url":"https:\/\/br.tereos.com\/pt-pt\/nossas-noticias\/","target":""},"manual_news":[],"items":null},{"acf_fc_layout":"featured_markets","title":"Nossos mercados","text":"","link":{"title":"Descubra nossas atividades e produtos","url":"https:\/\/tereos.com\/pt-pt\/atividades-e-produtos\/","target":""},"items":[{"ID":4975,"post_author":"4","post_date":"2018-08-16 17:19:53","post_date_gmt":"2018-08-16 15:19:53","post_content":"","post_title":"Alimentos e bebidas","post_excerpt":"","post_status":"publish","comment_status":"closed","ping_status":"closed","post_password":"","post_name":"alimentos-e-bebidas","to_ping":"","pinged":"","post_modified":"2023-05-05 16:11:01","post_modified_gmt":"2023-05-05 14:11:01","post_content_filtered":"","post_parent":0,"guid":"https:\/\/tereos.com\/activities-and-products\/markets\/alimentaire-et-boissons\/","menu_order":0,"post_type":"market","post_mime_type":"","comment_count":"0","filter":"raw"},{"ID":5018,"post_author":"11","post_date":"2019-01-31 18:24:47","post_date_gmt":"2019-01-31 17:24:47","post_content":"","post_title":"Bioenergia","post_excerpt":"","post_status":"publish","comment_status":"closed","ping_status":"closed","post_password":"","post_name":"bioenergias","to_ping":"","pinged":"","post_modified":"2026-04-23 16:49:52","post_modified_gmt":"2026-04-23 19:49:52","post_content_filtered":"","post_parent":0,"guid":"https:\/\/tereos.com\/activities-and-products\/markets\/energies\/","menu_order":0,"post_type":"market","post_mime_type":"","comment_count":"0","filter":"raw"},{"ID":4980,"post_author":"1","post_date":"2018-07-17 10:44:18","post_date_gmt":"2018-07-17 08:44:18","post_content":"","post_title":"Nutri\u00e7\u00e3o animal","post_excerpt":"","post_status":"publish","comment_status":"closed","ping_status":"closed","post_password":"","post_name":"nutricao-animal","to_ping":"","pinged":"","post_modified":"2023-05-05 16:12:55","post_modified_gmt":"2023-05-05 14:12:55","post_content_filtered":"","post_parent":0,"guid":"https:\/\/tereos.com\/activities-and-products\/markets\/nutrition-animale\/","menu_order":0,"post_type":"market","post_mime_type":"","comment_count":"0","filter":"raw"},{"ID":5008,"post_author":"11","post_date":"2019-01-31 17:24:53","post_date_gmt":"2019-01-31 16:24:53","post_content":"","post_title":"Papel e papel\u00e3o ondulado (corrugados)","post_excerpt":"","post_status":"publish","comment_status":"closed","ping_status":"closed","post_password":"","post_name":"papel-e-papelao-ondulado-corrugados","to_ping":"","pinged":"","post_modified":"2023-05-05 16:10:28","post_modified_gmt":"2023-05-05 14:10:28","post_content_filtered":"","post_parent":0,"guid":"https:\/\/tereos.com\/activities-and-products\/markets\/papier-et-carton-ondule\/","menu_order":0,"post_type":"market","post_mime_type":"","comment_count":"0","filter":"raw"}]},{"acf_fc_layout":"key_figures","title":"Principais n\u00fameros","link":"","text":"","items":[{"key_figure":{"prefix":"","figure":"15 600","suffix":""},"caption":"colaboradores"},{"key_figure":{"prefix":"","figure":"\u20ac5,9","suffix":""},"caption":"bilh\u00f5es de faturamento"},{"key_figure":{"prefix":"","figure":"8","suffix":""},"caption":"pa\u00edses de atua\u00e7\u00e3o"}]}],"has_related_content":false,"related_content_clone":{"has_related_content":false,"related_title":"","related_items":false},"link":"","cover_video_uploaded":{"ID":10424,"id":10424,"title":"Film raison de\u0302te web - PT (2)","filename":"film-raison-dete-web-pt-2.mp4","filesize":33101300,"url":"https:\/\/www.tereos.com\/app\/uploads\/sites\/7\/2024\/06\/film-raison-dete-web-pt-2.mp4","link":"https:\/\/br.tereos.com\/pt-pt\/home-fr\/film-raison-dete-web-pt-2\/","alt":"","author":"4","description":"","caption":"","name":"film-raison-dete-web-pt-2","status":"inherit","uploaded_to":5339,"date":"2024-06-24 10:21:26","modified":"2024-06-24 10:21:45","menu_order":0,"mime_type":"video\/mp4","type":"video","subtype":"mp4","icon":"https:\/\/br.tereos.com\/wp\/wp-includes\/images\/media\/video.png","width":1920,"height":1080},"featured_news":{"hide":true,"is_manual":false,"items":null},"hide_title":false},"yoast_head":"<!-- This site is optimized with the Yoast SEO plugin v23.7 - https:\/\/yoast.com\/wordpress\/plugins\/seo\/ -->\n<title>Tereos<\/title>\n<meta name=\"description\" content=\"A Tereos gera alimentos e energia de forma sustent\u00e1vel a partir das mat\u00e9rias-primas agr\u00edcolas, como cana-de-a\u00e7\u00facar, beterraba e outras.\" \/>\n<meta name=\"robots\" content=\"index, follow, max-snippet:-1, max-image-preview:large, max-video-preview:-1\" \/>\n<link rel=\"canonical\" href=\"https:\/\/br.tereos.com\/pt-pt\/\" \/>\n<meta property=\"og:locale\" content=\"pt_PT\" \/>\n<meta property=\"og:type\" content=\"article\" \/>\n<meta property=\"og:title\" content=\"Tereos\" \/>\n<meta property=\"og:description\" content=\"A Tereos gera alimentos e energia de forma sustent\u00e1vel a partir das mat\u00e9rias-primas agr\u00edcolas, como cana-de-a\u00e7\u00facar, beterraba e outras.\" \/>\n<meta property=\"og:url\" content=\"https:\/\/br.tereos.com\/pt-pt\/\" \/>\n<meta property=\"og:site_name\" content=\"Brasil\" \/>\n<meta property=\"article:modified_time\" content=\"2026-04-23T19:14:32+00:00\" \/>\n<meta property=\"og:image\" content=\"https:\/\/www.tereos.com\/app\/uploads\/sites\/7\/2018\/06\/img-0005-betterave02.jpg\" \/>\n\t<meta property=\"og:image:width\" content=\"2560\" \/>\n\t<meta property=\"og:image:height\" content=\"1920\" \/>\n\t<meta property=\"og:image:type\" content=\"image\/jpeg\" \/>\n<meta name=\"twitter:card\" content=\"summary_large_image\" \/>\n<meta name=\"twitter:label1\" content=\"Est. reading time\" \/>\n\t<meta name=\"twitter:data1\" content=\"1 minute\" \/>\n<script type=\"application\/ld+json\" class=\"yoast-schema-graph\">{\"@context\":\"https:\/\/schema.org\",\"@graph\":[{\"@type\":\"WebPage\",\"@id\":\"https:\/\/br.tereos.com\/pt-pt\/\",\"url\":\"https:\/\/br.tereos.com\/pt-pt\/\",\"name\":\"Tereos\",\"isPartOf\":{\"@id\":\"https:\/\/br.tereos.com\/pt-pt\/#website\"},\"primaryImageOfPage\":{\"@id\":\"https:\/\/br.tereos.com\/pt-pt\/#primaryimage\"},\"image\":{\"@id\":\"https:\/\/br.tereos.com\/pt-pt\/#primaryimage\"},\"thumbnailUrl\":\"https:\/\/www.tereos.com\/app\/uploads\/sites\/7\/2018\/06\/img-0005-betterave02.jpg\",\"datePublished\":\"2018-07-07T21:57:01+00:00\",\"dateModified\":\"2026-04-23T19:14:32+00:00\",\"description\":\"A Tereos gera alimentos e energia de forma sustent\u00e1vel a partir das mat\u00e9rias-primas agr\u00edcolas, como cana-de-a\u00e7\u00facar, beterraba e outras.\",\"inLanguage\":\"pt-PT\",\"potentialAction\":[{\"@type\":\"ReadAction\",\"target\":[\"https:\/\/br.tereos.com\/pt-pt\/\"]}]},{\"@type\":\"ImageObject\",\"inLanguage\":\"pt-PT\",\"@id\":\"https:\/\/br.tereos.com\/pt-pt\/#primaryimage\",\"url\":\"https:\/\/www.tereos.com\/app\/uploads\/sites\/7\/2018\/06\/img-0005-betterave02.jpg\",\"contentUrl\":\"https:\/\/www.tereos.com\/app\/uploads\/sites\/7\/2018\/06\/img-0005-betterave02.jpg\",\"width\":2560,\"height\":1920},{\"@type\":\"WebSite\",\"@id\":\"https:\/\/br.tereos.com\/pt-pt\/#website\",\"url\":\"https:\/\/br.tereos.com\/pt-pt\/\",\"name\":\"Brasil\",\"description\":\"Un site utilisant WordPress\",\"potentialAction\":[{\"@type\":\"SearchAction\",\"target\":{\"@type\":\"EntryPoint\",\"urlTemplate\":\"https:\/\/br.tereos.com\/pt-pt\/?s={search_term_string}\"},\"query-input\":{\"@type\":\"PropertyValueSpecification\",\"valueRequired\":true,\"valueName\":\"search_term_string\"}}],\"inLanguage\":\"pt-PT\"}]}<\/script>\n<!-- \/ Yoast SEO plugin. -->","yoast_head_json":{"title":"Tereos","description":"A Tereos gera alimentos e energia de forma sustent\u00e1vel a partir das mat\u00e9rias-primas agr\u00edcolas, como cana-de-a\u00e7\u00facar, beterraba e outras.","robots":{"index":"index","follow":"follow","max-snippet":"max-snippet:-1","max-image-preview":"max-image-preview:large","max-video-preview":"max-video-preview:-1"},"canonical":"https:\/\/br.tereos.com\/pt-pt\/","og_locale":"pt_PT","og_type":"article","og_title":"Tereos","og_description":"A Tereos gera alimentos e energia de forma sustent\u00e1vel a partir das mat\u00e9rias-primas agr\u00edcolas, como cana-de-a\u00e7\u00facar, beterraba e outras.","og_url":"https:\/\/br.tereos.com\/pt-pt\/","og_site_name":"Brasil","article_modified_time":"2026-04-23T19:14:32+00:00","og_image":[{"width":2560,"height":1920,"url":"https:\/\/www.tereos.com\/app\/uploads\/sites\/7\/2018\/06\/img-0005-betterave02.jpg","type":"image\/jpeg"}],"twitter_card":"summary_large_image","twitter_misc":{"Est. reading time":"1 minute"},"schema":{"@context":"https:\/\/schema.org","@graph":[{"@type":"WebPage","@id":"https:\/\/br.tereos.com\/pt-pt\/","url":"https:\/\/br.tereos.com\/pt-pt\/","name":"Tereos","isPartOf":{"@id":"https:\/\/br.tereos.com\/pt-pt\/#website"},"primaryImageOfPage":{"@id":"https:\/\/br.tereos.com\/pt-pt\/#primaryimage"},"image":{"@id":"https:\/\/br.tereos.com\/pt-pt\/#primaryimage"},"thumbnailUrl":"https:\/\/www.tereos.com\/app\/uploads\/sites\/7\/2018\/06\/img-0005-betterave02.jpg","datePublished":"2018-07-07T21:57:01+00:00","dateModified":"2026-04-23T19:14:32+00:00","description":"A Tereos gera alimentos e energia de forma sustent\u00e1vel a partir das mat\u00e9rias-primas agr\u00edcolas, como cana-de-a\u00e7\u00facar, beterraba e outras.","inLanguage":"pt-PT","potentialAction":[{"@type":"ReadAction","target":["https:\/\/br.tereos.com\/pt-pt\/"]}]},{"@type":"ImageObject","inLanguage":"pt-PT","@id":"https:\/\/br.tereos.com\/pt-pt\/#primaryimage","url":"https:\/\/www.tereos.com\/app\/uploads\/sites\/7\/2018\/06\/img-0005-betterave02.jpg","contentUrl":"https:\/\/www.tereos.com\/app\/uploads\/sites\/7\/2018\/06\/img-0005-betterave02.jpg","width":2560,"height":1920},{"@type":"WebSite","@id":"https:\/\/br.tereos.com\/pt-pt\/#website","url":"https:\/\/br.tereos.com\/pt-pt\/","name":"Brasil","description":"Un site utilisant WordPress","potentialAction":[{"@type":"SearchAction","target":{"@type":"EntryPoint","urlTemplate":"https:\/\/br.tereos.com\/pt-pt\/?s={search_term_string}"},"query-input":{"@type":"PropertyValueSpecification","valueRequired":true,"valueName":"search_term_string"}}],"inLanguage":"pt-PT"}]}},"_links":{"self":[{"href":"https:\/\/br.tereos.com\/pt-pt\/wp-json\/wp\/v2\/pages\/5339"}],"collection":[{"href":"https:\/\/br.tereos.com\/pt-pt\/wp-json\/wp\/v2\/pages"}],"about":[{"href":"https:\/\/br.tereos.com\/pt-pt\/wp-json\/wp\/v2\/types\/page"}],"author":[{"embeddable":true,"href":"https:\/\/br.tereos.com\/pt-pt\/wp-json\/wp\/v2\/users\/1"}],"replies":[{"embeddable":true,"href":"https:\/\/br.tereos.com\/pt-pt\/wp-json\/wp\/v2\/comments?post=5339"}],"version-history":[{"count":6,"href":"https:\/\/br.tereos.com\/pt-pt\/wp-json\/wp\/v2\/pages\/5339\/revisions"}],"predecessor-version":[{"id":11891,"href":"https:\/\/br.tereos.com\/pt-pt\/wp-json\/wp\/v2\/pages\/5339\/revisions\/11891"}],"wp:featuredmedia":[{"embeddable":true,"href":"https:\/\/br.tereos.com\/pt-pt\/wp-json\/wp\/v2\/media\/4931"}],"wp:attachment":[{"href":"https:\/\/br.tereos.com\/pt-pt\/wp-json\/wp\/v2\/media?parent=5339"}],"curies":[{"name":"wp","href":"https:\/\/api.w.org\/{rel}","templated":true}]}}