{"id":5028,"date":"2018-06-28T18:31:08","date_gmt":"2018-06-28T16:31:08","guid":{"rendered":"https:\/\/tereos.com\/activites-et-produits\/"},"modified":"2023-04-26T14:12:44","modified_gmt":"2023-04-26T12:12:44","slug":"atividades-e-produtos","status":"publish","type":"page","link":"https:\/\/br.tereos.com\/pt-pt\/atividades-e-produtos\/","title":{"rendered":"Expertise a favor de produtos de qualidade"},"content":{"rendered":"","protected":false},"excerpt":{"rendered":"","protected":false},"author":1,"featured_media":971,"parent":0,"menu_order":0,"comment_status":"closed","ping_status":"closed","template":"page-activity-products.php","meta":{"_acf_changed":false,"footnotes":""},"class_list":["post-5028","page","type-page","status-publish","has-post-thumbnail","hentry"],"acf":{"cover_type":"image","cover_image":971,"cover_video_clone":{"cover_type":"image","cover_image":971,"cover_video_uploaded":false,"hide_title":false,"link":""},"headline":"Uma cooperativa a\u00e7ucareira, a Tereos transforma mat\u00e9ria-prima agr\u00edcola em a\u00e7\u00facar, \u00e1lcool\/etanol e amido.","headline_clone":{"headline":"Uma cooperativa a\u00e7ucareira, a Tereos transforma mat\u00e9ria-prima agr\u00edcola em a\u00e7\u00facar, \u00e1lcool\/etanol e amido."},"sections":[{"acf_fc_layout":"title_text","title":"Aproveitar todo o potencial das mat\u00e9rias-primas agr\u00edcolas","text":"<p>Por meio do aprimoramento cont\u00ednuo de processos, inova\u00e7\u00e3o e adapta\u00e7\u00e3o de instala\u00e7\u00f5es industriais, a Tereos est\u00e1 sempre \u00e0 procura de novas oportunidades para poder aproveitar todo o potencial das mat\u00e9rias-primas agr\u00edcolas e responder \u00e0s demandas da sociedade.<\/p>\n<p>Assim, ao lado de seus principais produtos \u2013 a\u00e7\u00facar e ado\u00e7antes, amido e etanol \u2013, o Grupo oferece uma ampla gama de coprodutos e est\u00e1 desenvolvendo novas aplica\u00e7\u00f5es para agregar valor aos res\u00edduos da produ\u00e7\u00e3o agr\u00edcola.<\/p>\n"},{"acf_fc_layout":"featured_raw_materials","title":"Nossas mat\u00e9rias-primas","text":"","items":[{"ID":4946,"post_author":"11","post_date":"2019-02-06 18:13:49","post_date_gmt":"2019-02-06 17:13:49","post_content":"","post_title":"Cana-de-a\u00e7\u00facar","post_excerpt":"","post_status":"publish","comment_status":"closed","ping_status":"closed","post_password":"","post_name":"cana-de-acucar","to_ping":"","pinged":"","post_modified":"2026-04-23 16:47:54","post_modified_gmt":"2026-04-23 19:47:54","post_content_filtered":"","post_parent":0,"guid":"https:\/\/tereos.com\/activities-and-products\/raw-materials\/sugar-canne\/","menu_order":0,"post_type":"raw_material","post_mime_type":"","comment_count":"0","filter":"raw"},{"ID":4941,"post_author":"11","post_date":"2019-05-07 12:47:42","post_date_gmt":"2019-05-07 10:47:42","post_content":"","post_title":"Milho","post_excerpt":"","post_status":"publish","comment_status":"closed","ping_status":"closed","post_password":"","post_name":"milho","to_ping":"","pinged":"","post_modified":"2025-12-09 17:21:26","post_modified_gmt":"2025-12-09 20:21:26","post_content_filtered":"","post_parent":0,"guid":"https:\/\/tereos.com\/activities-and-products\/raw-materials\/corn\/","menu_order":0,"post_type":"raw_material","post_mime_type":"","comment_count":"0","filter":"raw"}]},{"acf_fc_layout":"featured_markets","title":"Nossos mercados","text":"","link":"","items":[{"ID":4975,"post_author":"4","post_date":"2018-08-16 17:19:53","post_date_gmt":"2018-08-16 15:19:53","post_content":"","post_title":"Alimentos e bebidas","post_excerpt":"","post_status":"publish","comment_status":"closed","ping_status":"closed","post_password":"","post_name":"alimentos-e-bebidas","to_ping":"","pinged":"","post_modified":"2023-05-05 16:11:01","post_modified_gmt":"2023-05-05 14:11:01","post_content_filtered":"","post_parent":0,"guid":"https:\/\/tereos.com\/activities-and-products\/markets\/alimentaire-et-boissons\/","menu_order":0,"post_type":"market","post_mime_type":"","comment_count":"0","filter":"raw"},{"ID":5018,"post_author":"11","post_date":"2019-01-31 18:24:47","post_date_gmt":"2019-01-31 17:24:47","post_content":"","post_title":"Bioenergia","post_excerpt":"","post_status":"publish","comment_status":"closed","ping_status":"closed","post_password":"","post_name":"bioenergias","to_ping":"","pinged":"","post_modified":"2026-04-23 16:49:52","post_modified_gmt":"2026-04-23 19:49:52","post_content_filtered":"","post_parent":0,"guid":"https:\/\/tereos.com\/activities-and-products\/markets\/energies\/","menu_order":0,"post_type":"market","post_mime_type":"","comment_count":"0","filter":"raw"},{"ID":4980,"post_author":"1","post_date":"2018-07-17 10:44:18","post_date_gmt":"2018-07-17 08:44:18","post_content":"","post_title":"Nutri\u00e7\u00e3o animal","post_excerpt":"","post_status":"publish","comment_status":"closed","ping_status":"closed","post_password":"","post_name":"nutricao-animal","to_ping":"","pinged":"","post_modified":"2023-05-05 16:12:55","post_modified_gmt":"2023-05-05 14:12:55","post_content_filtered":"","post_parent":0,"guid":"https:\/\/tereos.com\/activities-and-products\/markets\/nutrition-animale\/","menu_order":0,"post_type":"market","post_mime_type":"","comment_count":"0","filter":"raw"},{"ID":5008,"post_author":"11","post_date":"2019-01-31 17:24:53","post_date_gmt":"2019-01-31 16:24:53","post_content":"","post_title":"Papel e papel\u00e3o ondulado (corrugados)","post_excerpt":"","post_status":"publish","comment_status":"closed","ping_status":"closed","post_password":"","post_name":"papel-e-papelao-ondulado-corrugados","to_ping":"","pinged":"","post_modified":"2023-05-05 16:10:28","post_modified_gmt":"2023-05-05 14:10:28","post_content_filtered":"","post_parent":0,"guid":"https:\/\/tereos.com\/activities-and-products\/markets\/papier-et-carton-ondule\/","menu_order":0,"post_type":"market","post_mime_type":"","comment_count":"0","filter":"raw"}]},{"acf_fc_layout":"featured_product_lines","title":"Linhas de produtos","text":"","items":[{"ID":4586,"post_author":"1","post_date":"2018-07-18 12:19:29","post_date_gmt":"2018-07-18 10:19:29","post_content":"","post_title":"A\u00e7\u00facar e ado\u00e7antes","post_excerpt":"","post_status":"publish","comment_status":"closed","ping_status":"closed","post_password":"","post_name":"acucar-e-adocantes","to_ping":"","pinged":"","post_modified":"2025-12-09 13:43:08","post_modified_gmt":"2025-12-09 16:43:08","post_content_filtered":"","post_parent":0,"guid":"https:\/\/tereos.com\/activities-and-products\/product-lines\/sucres\/","menu_order":0,"post_type":"product_line","post_mime_type":"","comment_count":"0","filter":"raw"},{"ID":4594,"post_author":"1","post_date":"2018-06-12 18:55:49","post_date_gmt":"2018-06-12 16:55:49","post_content":"","post_title":"Amido e derivados","post_excerpt":"","post_status":"publish","comment_status":"closed","ping_status":"closed","post_password":"","post_name":"amido-e-derivados","to_ping":"","pinged":"","post_modified":"2025-12-09 13:41:49","post_modified_gmt":"2025-12-09 16:41:49","post_content_filtered":"","post_parent":0,"guid":"https:\/\/tereos.com\/activities-and-products\/product-lines\/lamidon-et-ses-derives\/","menu_order":0,"post_type":"product_line","post_mime_type":"","comment_count":"0","filter":"raw"},{"ID":4560,"post_author":"4","post_date":"2018-07-30 16:31:21","post_date_gmt":"2018-07-30 14:31:21","post_content":"","post_title":"Etanol","post_excerpt":"","post_status":"publish","comment_status":"closed","ping_status":"closed","post_password":"","post_name":"alcool","to_ping":"","pinged":"","post_modified":"2026-04-23 16:49:11","post_modified_gmt":"2026-04-23 19:49:11","post_content_filtered":"","post_parent":0,"guid":"https:\/\/tereos.com\/activities-and-products\/product-lines\/alcool\/","menu_order":0,"post_type":"product_line","post_mime_type":"","comment_count":"0","filter":"raw"},{"ID":9178,"post_author":"278","post_date":"2022-07-19 16:06:12","post_date_gmt":"2022-07-19 14:06:12","post_content":"","post_title":"Energia","post_excerpt":"","post_status":"publish","comment_status":"closed","ping_status":"closed","post_password":"","post_name":"energia","to_ping":"","pinged":"","post_modified":"2026-04-23 16:51:43","post_modified_gmt":"2026-04-23 19:51:43","post_content_filtered":"","post_parent":0,"guid":"https:\/\/br.tereos.com\/?post_type=product_line&#038;p=9178","menu_order":0,"post_type":"product_line","post_mime_type":"","comment_count":"0","filter":"raw"},{"ID":4603,"post_author":"11","post_date":"2019-02-07 11:39:55","post_date_gmt":"2019-02-07 10:39:55","post_content":"","post_title":"Fibras alimentares","post_excerpt":"","post_status":"publish","comment_status":"closed","ping_status":"closed","post_password":"","post_name":"fibras-alimentares","to_ping":"","pinged":"","post_modified":"2022-07-21 20:58:04","post_modified_gmt":"2022-07-21 18:58:04","post_content_filtered":"","post_parent":0,"guid":"https:\/\/tereos.com\/activities-and-products\/product-lines\/fibres-alimentaires\/","menu_order":0,"post_type":"product_line","post_mime_type":"","comment_count":"0","filter":"raw"},{"ID":4609,"post_author":"11","post_date":"2019-02-07 11:47:16","post_date_gmt":"2019-02-07 10:47:16","post_content":"","post_title":"Fibras e g\u00e9rmens para nutri\u00e7\u00e3o animal","post_excerpt":"","post_status":"publish","comment_status":"closed","ping_status":"closed","post_password":"","post_name":"fibras-e-germens-para-nutricao-animal","to_ping":"","pinged":"","post_modified":"2025-12-09 14:41:46","post_modified_gmt":"2025-12-09 17:41:46","post_content_filtered":"","post_parent":0,"guid":"https:\/\/tereos.com\/activities-and-products\/product-lines\/fibres-et-germes-pour-lalimentation-animale\/","menu_order":0,"post_type":"product_line","post_mime_type":"","comment_count":"0","filter":"raw"},{"ID":4618,"post_author":"11","post_date":"2019-02-07 11:51:06","post_date_gmt":"2019-02-07 10:51:06","post_content":"","post_title":"Prote\u00ednas","post_excerpt":"","post_status":"publish","comment_status":"closed","ping_status":"closed","post_password":"","post_name":"proteinas","to_ping":"","pinged":"","post_modified":"2022-07-21 20:58:44","post_modified_gmt":"2022-07-21 18:58:44","post_content_filtered":"","post_parent":0,"guid":"https:\/\/tereos.com\/activities-and-products\/product-lines\/proteines\/","menu_order":0,"post_type":"product_line","post_mime_type":"","comment_count":"0","filter":"raw"}]}],"flexible_ap_cpt_clone":{"sections":[{"acf_fc_layout":"title_text","title":"Aproveitar todo o potencial das mat\u00e9rias-primas agr\u00edcolas","text":"<p>Por meio do aprimoramento cont\u00ednuo de processos, inova\u00e7\u00e3o e adapta\u00e7\u00e3o de instala\u00e7\u00f5es industriais, a Tereos est\u00e1 sempre \u00e0 procura de novas oportunidades para poder aproveitar todo o potencial das mat\u00e9rias-primas agr\u00edcolas e responder \u00e0s demandas da sociedade.<\/p>\n<p>Assim, ao lado de seus principais produtos \u2013 a\u00e7\u00facar e ado\u00e7antes, amido e etanol \u2013, o Grupo oferece uma ampla gama de coprodutos e est\u00e1 desenvolvendo novas aplica\u00e7\u00f5es para agregar valor aos res\u00edduos da produ\u00e7\u00e3o agr\u00edcola.<\/p>\n"},{"acf_fc_layout":"featured_raw_materials","title":"Nossas mat\u00e9rias-primas","text":"","items":[{"ID":4946,"post_author":"11","post_date":"2019-02-06 18:13:49","post_date_gmt":"2019-02-06 17:13:49","post_content":"","post_title":"Cana-de-a\u00e7\u00facar","post_excerpt":"","post_status":"publish","comment_status":"closed","ping_status":"closed","post_password":"","post_name":"cana-de-acucar","to_ping":"","pinged":"","post_modified":"2026-04-23 16:47:54","post_modified_gmt":"2026-04-23 19:47:54","post_content_filtered":"","post_parent":0,"guid":"https:\/\/tereos.com\/activities-and-products\/raw-materials\/sugar-canne\/","menu_order":0,"post_type":"raw_material","post_mime_type":"","comment_count":"0","filter":"raw"},{"ID":4941,"post_author":"11","post_date":"2019-05-07 12:47:42","post_date_gmt":"2019-05-07 10:47:42","post_content":"","post_title":"Milho","post_excerpt":"","post_status":"publish","comment_status":"closed","ping_status":"closed","post_password":"","post_name":"milho","to_ping":"","pinged":"","post_modified":"2025-12-09 17:21:26","post_modified_gmt":"2025-12-09 20:21:26","post_content_filtered":"","post_parent":0,"guid":"https:\/\/tereos.com\/activities-and-products\/raw-materials\/corn\/","menu_order":0,"post_type":"raw_material","post_mime_type":"","comment_count":"0","filter":"raw"}]},{"acf_fc_layout":"featured_markets","title":"Nossos mercados","text":"","link":"","items":[{"ID":4975,"post_author":"4","post_date":"2018-08-16 17:19:53","post_date_gmt":"2018-08-16 15:19:53","post_content":"","post_title":"Alimentos e bebidas","post_excerpt":"","post_status":"publish","comment_status":"closed","ping_status":"closed","post_password":"","post_name":"alimentos-e-bebidas","to_ping":"","pinged":"","post_modified":"2023-05-05 16:11:01","post_modified_gmt":"2023-05-05 14:11:01","post_content_filtered":"","post_parent":0,"guid":"https:\/\/tereos.com\/activities-and-products\/markets\/alimentaire-et-boissons\/","menu_order":0,"post_type":"market","post_mime_type":"","comment_count":"0","filter":"raw"},{"ID":5018,"post_author":"11","post_date":"2019-01-31 18:24:47","post_date_gmt":"2019-01-31 17:24:47","post_content":"","post_title":"Bioenergia","post_excerpt":"","post_status":"publish","comment_status":"closed","ping_status":"closed","post_password":"","post_name":"bioenergias","to_ping":"","pinged":"","post_modified":"2026-04-23 16:49:52","post_modified_gmt":"2026-04-23 19:49:52","post_content_filtered":"","post_parent":0,"guid":"https:\/\/tereos.com\/activities-and-products\/markets\/energies\/","menu_order":0,"post_type":"market","post_mime_type":"","comment_count":"0","filter":"raw"},{"ID":4980,"post_author":"1","post_date":"2018-07-17 10:44:18","post_date_gmt":"2018-07-17 08:44:18","post_content":"","post_title":"Nutri\u00e7\u00e3o animal","post_excerpt":"","post_status":"publish","comment_status":"closed","ping_status":"closed","post_password":"","post_name":"nutricao-animal","to_ping":"","pinged":"","post_modified":"2023-05-05 16:12:55","post_modified_gmt":"2023-05-05 14:12:55","post_content_filtered":"","post_parent":0,"guid":"https:\/\/tereos.com\/activities-and-products\/markets\/nutrition-animale\/","menu_order":0,"post_type":"market","post_mime_type":"","comment_count":"0","filter":"raw"},{"ID":5008,"post_author":"11","post_date":"2019-01-31 17:24:53","post_date_gmt":"2019-01-31 16:24:53","post_content":"","post_title":"Papel e papel\u00e3o ondulado (corrugados)","post_excerpt":"","post_status":"publish","comment_status":"closed","ping_status":"closed","post_password":"","post_name":"papel-e-papelao-ondulado-corrugados","to_ping":"","pinged":"","post_modified":"2023-05-05 16:10:28","post_modified_gmt":"2023-05-05 14:10:28","post_content_filtered":"","post_parent":0,"guid":"https:\/\/tereos.com\/activities-and-products\/markets\/papier-et-carton-ondule\/","menu_order":0,"post_type":"market","post_mime_type":"","comment_count":"0","filter":"raw"}]},{"acf_fc_layout":"featured_product_lines","title":"Linhas de produtos","text":"","items":[{"ID":4586,"post_author":"1","post_date":"2018-07-18 12:19:29","post_date_gmt":"2018-07-18 10:19:29","post_content":"","post_title":"A\u00e7\u00facar e ado\u00e7antes","post_excerpt":"","post_status":"publish","comment_status":"closed","ping_status":"closed","post_password":"","post_name":"acucar-e-adocantes","to_ping":"","pinged":"","post_modified":"2025-12-09 13:43:08","post_modified_gmt":"2025-12-09 16:43:08","post_content_filtered":"","post_parent":0,"guid":"https:\/\/tereos.com\/activities-and-products\/product-lines\/sucres\/","menu_order":0,"post_type":"product_line","post_mime_type":"","comment_count":"0","filter":"raw"},{"ID":4594,"post_author":"1","post_date":"2018-06-12 18:55:49","post_date_gmt":"2018-06-12 16:55:49","post_content":"","post_title":"Amido e derivados","post_excerpt":"","post_status":"publish","comment_status":"closed","ping_status":"closed","post_password":"","post_name":"amido-e-derivados","to_ping":"","pinged":"","post_modified":"2025-12-09 13:41:49","post_modified_gmt":"2025-12-09 16:41:49","post_content_filtered":"","post_parent":0,"guid":"https:\/\/tereos.com\/activities-and-products\/product-lines\/lamidon-et-ses-derives\/","menu_order":0,"post_type":"product_line","post_mime_type":"","comment_count":"0","filter":"raw"},{"ID":4560,"post_author":"4","post_date":"2018-07-30 16:31:21","post_date_gmt":"2018-07-30 14:31:21","post_content":"","post_title":"Etanol","post_excerpt":"","post_status":"publish","comment_status":"closed","ping_status":"closed","post_password":"","post_name":"alcool","to_ping":"","pinged":"","post_modified":"2026-04-23 16:49:11","post_modified_gmt":"2026-04-23 19:49:11","post_content_filtered":"","post_parent":0,"guid":"https:\/\/tereos.com\/activities-and-products\/product-lines\/alcool\/","menu_order":0,"post_type":"product_line","post_mime_type":"","comment_count":"0","filter":"raw"},{"ID":9178,"post_author":"278","post_date":"2022-07-19 16:06:12","post_date_gmt":"2022-07-19 14:06:12","post_content":"","post_title":"Energia","post_excerpt":"","post_status":"publish","comment_status":"closed","ping_status":"closed","post_password":"","post_name":"energia","to_ping":"","pinged":"","post_modified":"2026-04-23 16:51:43","post_modified_gmt":"2026-04-23 19:51:43","post_content_filtered":"","post_parent":0,"guid":"https:\/\/br.tereos.com\/?post_type=product_line&#038;p=9178","menu_order":0,"post_type":"product_line","post_mime_type":"","comment_count":"0","filter":"raw"},{"ID":4603,"post_author":"11","post_date":"2019-02-07 11:39:55","post_date_gmt":"2019-02-07 10:39:55","post_content":"","post_title":"Fibras alimentares","post_excerpt":"","post_status":"publish","comment_status":"closed","ping_status":"closed","post_password":"","post_name":"fibras-alimentares","to_ping":"","pinged":"","post_modified":"2022-07-21 20:58:04","post_modified_gmt":"2022-07-21 18:58:04","post_content_filtered":"","post_parent":0,"guid":"https:\/\/tereos.com\/activities-and-products\/product-lines\/fibres-alimentaires\/","menu_order":0,"post_type":"product_line","post_mime_type":"","comment_count":"0","filter":"raw"},{"ID":4609,"post_author":"11","post_date":"2019-02-07 11:47:16","post_date_gmt":"2019-02-07 10:47:16","post_content":"","post_title":"Fibras e g\u00e9rmens para nutri\u00e7\u00e3o animal","post_excerpt":"","post_status":"publish","comment_status":"closed","ping_status":"closed","post_password":"","post_name":"fibras-e-germens-para-nutricao-animal","to_ping":"","pinged":"","post_modified":"2025-12-09 14:41:46","post_modified_gmt":"2025-12-09 17:41:46","post_content_filtered":"","post_parent":0,"guid":"https:\/\/tereos.com\/activities-and-products\/product-lines\/fibres-et-germes-pour-lalimentation-animale\/","menu_order":0,"post_type":"product_line","post_mime_type":"","comment_count":"0","filter":"raw"},{"ID":4618,"post_author":"11","post_date":"2019-02-07 11:51:06","post_date_gmt":"2019-02-07 10:51:06","post_content":"","post_title":"Prote\u00ednas","post_excerpt":"","post_status":"publish","comment_status":"closed","ping_status":"closed","post_password":"","post_name":"proteinas","to_ping":"","pinged":"","post_modified":"2022-07-21 20:58:44","post_modified_gmt":"2022-07-21 18:58:44","post_content_filtered":"","post_parent":0,"guid":"https:\/\/tereos.com\/activities-and-products\/product-lines\/proteines\/","menu_order":0,"post_type":"product_line","post_mime_type":"","comment_count":"0","filter":"raw"}]}]},"link":"","has_related_content":false,"related_content_clone":{"has_related_content":false,"related_title":"","related_items":false},"subtitle":"Atividades e produtos","subtitle_clone":{"subtitle":"Atividades e produtos"}},"yoast_head":"<!-- This site is optimized with the Yoast SEO plugin v23.7 - https:\/\/yoast.com\/wordpress\/plugins\/seo\/ -->\n<title>Expertise a favor de produtos de qualidade - Brasil<\/title>\n<meta name=\"robots\" content=\"index, follow, max-snippet:-1, max-image-preview:large, max-video-preview:-1\" \/>\n<link rel=\"canonical\" href=\"https:\/\/br.tereos.com\/pt-pt\/atividades-e-produtos\/\" \/>\n<meta property=\"og:locale\" content=\"pt_PT\" \/>\n<meta property=\"og:type\" content=\"article\" \/>\n<meta property=\"og:title\" content=\"Expertise a favor de produtos de qualidade - Brasil\" \/>\n<meta property=\"og:url\" content=\"https:\/\/br.tereos.com\/pt-pt\/atividades-e-produtos\/\" \/>\n<meta property=\"og:site_name\" content=\"Brasil\" \/>\n<meta property=\"article:modified_time\" content=\"2023-04-26T12:12:44+00:00\" \/>\n<meta property=\"og:image\" content=\"https:\/\/www.tereos.com\/app\/uploads\/sites\/7\/2018\/11\/gettyimages-825148240.jpg\" \/>\n\t<meta property=\"og:image:width\" content=\"1024\" \/>\n\t<meta property=\"og:image:height\" content=\"683\" \/>\n\t<meta property=\"og:image:type\" content=\"image\/jpeg\" \/>\n<meta name=\"twitter:card\" content=\"summary_large_image\" \/>\n<script type=\"application\/ld+json\" class=\"yoast-schema-graph\">{\"@context\":\"https:\/\/schema.org\",\"@graph\":[{\"@type\":\"WebPage\",\"@id\":\"https:\/\/br.tereos.com\/pt-pt\/atividades-e-produtos\/\",\"url\":\"https:\/\/br.tereos.com\/pt-pt\/atividades-e-produtos\/\",\"name\":\"Expertise a favor de produtos de qualidade - Brasil\",\"isPartOf\":{\"@id\":\"https:\/\/br.tereos.com\/pt-pt\/#website\"},\"primaryImageOfPage\":{\"@id\":\"https:\/\/br.tereos.com\/pt-pt\/atividades-e-produtos\/#primaryimage\"},\"image\":{\"@id\":\"https:\/\/br.tereos.com\/pt-pt\/atividades-e-produtos\/#primaryimage\"},\"thumbnailUrl\":\"https:\/\/www.tereos.com\/app\/uploads\/sites\/7\/2018\/11\/gettyimages-825148240.jpg\",\"datePublished\":\"2018-06-28T16:31:08+00:00\",\"dateModified\":\"2023-04-26T12:12:44+00:00\",\"breadcrumb\":{\"@id\":\"https:\/\/br.tereos.com\/pt-pt\/atividades-e-produtos\/#breadcrumb\"},\"inLanguage\":\"pt-PT\",\"potentialAction\":[{\"@type\":\"ReadAction\",\"target\":[\"https:\/\/br.tereos.com\/pt-pt\/atividades-e-produtos\/\"]}]},{\"@type\":\"ImageObject\",\"inLanguage\":\"pt-PT\",\"@id\":\"https:\/\/br.tereos.com\/pt-pt\/atividades-e-produtos\/#primaryimage\",\"url\":\"https:\/\/www.tereos.com\/app\/uploads\/sites\/7\/2018\/11\/gettyimages-825148240.jpg\",\"contentUrl\":\"https:\/\/www.tereos.com\/app\/uploads\/sites\/7\/2018\/11\/gettyimages-825148240.jpg\",\"width\":6500,\"height\":4338,\"caption\":\"Sunrise over cornfield \/ field. The sun shines straight into the camera an early fresh morning\"},{\"@type\":\"BreadcrumbList\",\"@id\":\"https:\/\/br.tereos.com\/pt-pt\/atividades-e-produtos\/#breadcrumb\",\"itemListElement\":[{\"@type\":\"ListItem\",\"position\":1,\"name\":\"Home\",\"item\":\"https:\/\/br.tereos.com\/pt-pt\/\"},{\"@type\":\"ListItem\",\"position\":2,\"name\":\"Expertise a favor de produtos de qualidade\"}]},{\"@type\":\"WebSite\",\"@id\":\"https:\/\/br.tereos.com\/pt-pt\/#website\",\"url\":\"https:\/\/br.tereos.com\/pt-pt\/\",\"name\":\"Brasil\",\"description\":\"Un site utilisant WordPress\",\"potentialAction\":[{\"@type\":\"SearchAction\",\"target\":{\"@type\":\"EntryPoint\",\"urlTemplate\":\"https:\/\/br.tereos.com\/pt-pt\/?s={search_term_string}\"},\"query-input\":{\"@type\":\"PropertyValueSpecification\",\"valueRequired\":true,\"valueName\":\"search_term_string\"}}],\"inLanguage\":\"pt-PT\"}]}<\/script>\n<!-- \/ Yoast SEO plugin. -->","yoast_head_json":{"title":"Expertise a favor de produtos de qualidade - Brasil","robots":{"index":"index","follow":"follow","max-snippet":"max-snippet:-1","max-image-preview":"max-image-preview:large","max-video-preview":"max-video-preview:-1"},"canonical":"https:\/\/br.tereos.com\/pt-pt\/atividades-e-produtos\/","og_locale":"pt_PT","og_type":"article","og_title":"Expertise a favor de produtos de qualidade - Brasil","og_url":"https:\/\/br.tereos.com\/pt-pt\/atividades-e-produtos\/","og_site_name":"Brasil","article_modified_time":"2023-04-26T12:12:44+00:00","og_image":[{"url":"https:\/\/www.tereos.com\/app\/uploads\/sites\/7\/2018\/11\/gettyimages-825148240.jpg","width":1024,"height":683,"type":"image\/jpeg"}],"twitter_card":"summary_large_image","schema":{"@context":"https:\/\/schema.org","@graph":[{"@type":"WebPage","@id":"https:\/\/br.tereos.com\/pt-pt\/atividades-e-produtos\/","url":"https:\/\/br.tereos.com\/pt-pt\/atividades-e-produtos\/","name":"Expertise a favor de produtos de qualidade - Brasil","isPartOf":{"@id":"https:\/\/br.tereos.com\/pt-pt\/#website"},"primaryImageOfPage":{"@id":"https:\/\/br.tereos.com\/pt-pt\/atividades-e-produtos\/#primaryimage"},"image":{"@id":"https:\/\/br.tereos.com\/pt-pt\/atividades-e-produtos\/#primaryimage"},"thumbnailUrl":"https:\/\/www.tereos.com\/app\/uploads\/sites\/7\/2018\/11\/gettyimages-825148240.jpg","datePublished":"2018-06-28T16:31:08+00:00","dateModified":"2023-04-26T12:12:44+00:00","breadcrumb":{"@id":"https:\/\/br.tereos.com\/pt-pt\/atividades-e-produtos\/#breadcrumb"},"inLanguage":"pt-PT","potentialAction":[{"@type":"ReadAction","target":["https:\/\/br.tereos.com\/pt-pt\/atividades-e-produtos\/"]}]},{"@type":"ImageObject","inLanguage":"pt-PT","@id":"https:\/\/br.tereos.com\/pt-pt\/atividades-e-produtos\/#primaryimage","url":"https:\/\/www.tereos.com\/app\/uploads\/sites\/7\/2018\/11\/gettyimages-825148240.jpg","contentUrl":"https:\/\/www.tereos.com\/app\/uploads\/sites\/7\/2018\/11\/gettyimages-825148240.jpg","width":6500,"height":4338,"caption":"Sunrise over cornfield \/ field. The sun shines straight into the camera an early fresh morning"},{"@type":"BreadcrumbList","@id":"https:\/\/br.tereos.com\/pt-pt\/atividades-e-produtos\/#breadcrumb","itemListElement":[{"@type":"ListItem","position":1,"name":"Home","item":"https:\/\/br.tereos.com\/pt-pt\/"},{"@type":"ListItem","position":2,"name":"Expertise a favor de produtos de qualidade"}]},{"@type":"WebSite","@id":"https:\/\/br.tereos.com\/pt-pt\/#website","url":"https:\/\/br.tereos.com\/pt-pt\/","name":"Brasil","description":"Un site utilisant WordPress","potentialAction":[{"@type":"SearchAction","target":{"@type":"EntryPoint","urlTemplate":"https:\/\/br.tereos.com\/pt-pt\/?s={search_term_string}"},"query-input":{"@type":"PropertyValueSpecification","valueRequired":true,"valueName":"search_term_string"}}],"inLanguage":"pt-PT"}]}},"_links":{"self":[{"href":"https:\/\/br.tereos.com\/pt-pt\/wp-json\/wp\/v2\/pages\/5028"}],"collection":[{"href":"https:\/\/br.tereos.com\/pt-pt\/wp-json\/wp\/v2\/pages"}],"about":[{"href":"https:\/\/br.tereos.com\/pt-pt\/wp-json\/wp\/v2\/types\/page"}],"author":[{"embeddable":true,"href":"https:\/\/br.tereos.com\/pt-pt\/wp-json\/wp\/v2\/users\/1"}],"replies":[{"embeddable":true,"href":"https:\/\/br.tereos.com\/pt-pt\/wp-json\/wp\/v2\/comments?post=5028"}],"version-history":[{"count":4,"href":"https:\/\/br.tereos.com\/pt-pt\/wp-json\/wp\/v2\/pages\/5028\/revisions"}],"predecessor-version":[{"id":9874,"href":"https:\/\/br.tereos.com\/pt-pt\/wp-json\/wp\/v2\/pages\/5028\/revisions\/9874"}],"wp:featuredmedia":[{"embeddable":true,"href":"https:\/\/br.tereos.com\/pt-pt\/wp-json\/wp\/v2\/media\/971"}],"wp:attachment":[{"href":"https:\/\/br.tereos.com\/pt-pt\/wp-json\/wp\/v2\/media?parent=5028"}],"curies":[{"name":"wp","href":"https:\/\/api.w.org\/{rel}","templated":true}]}}