{"id":4812,"date":"2019-01-17T15:28:02","date_gmt":"2019-01-17T14:28:02","guid":{"rendered":"https:\/\/tereos.com\/groupe\/strategie\/"},"modified":"2022-05-12T14:16:53","modified_gmt":"2022-05-12T12:16:53","slug":"strategie","status":"publish","type":"page","link":"https:\/\/br.tereos.com\/pt-pt\/sobreatereos\/strategie\/","title":{"rendered":"Nossa estrat\u00e9gia nos coloca um passo \u00e0 frente"},"content":{"rendered":"","protected":false},"excerpt":{"rendered":"","protected":false},"author":11,"featured_media":2083,"parent":4760,"menu_order":0,"comment_status":"closed","ping_status":"closed","template":"page-editorial.php","meta":{"_acf_changed":false,"footnotes":""},"class_list":["post-4812","page","type-page","status-publish","has-post-thumbnail","hentry"],"acf":{"is_story":false,"is_testimonial":false,"cover_type":"image","cover_image":2083,"link":"","cover_video_clone":{"cover_mode":"classic","cover_image":2083},"subtitle":"Groupe","subtitle_clone":{"subtitle":"Groupe"},"headline":"O setor do agroneg\u00f3cio e de alimentos est\u00e1 passando por uma transforma\u00e7\u00e3o: os h\u00e1bitos alimentares est\u00e3o mudando e, junto com eles, as expectativas dos clientes tamb\u00e9m. Ao mesmo tempo, a desregulamenta\u00e7\u00e3o de alguns mercados constitui uma revolu\u00e7\u00e3o \u00e0 qual a Tereos deve se adaptar. Estamos construindo uma estrat\u00e9gia de longo prazo para responder a estes desafios. Nosso objetivo \u00e9 nos tornarmos um parceiro de confian\u00e7a para nossos clientes, garantindo-lhes os mesmos padr\u00f5es de qualidade e confiabilidade onde quer que operem.","headline_clone":{"headline":"O setor do agroneg\u00f3cio e de alimentos est\u00e1 passando por uma transforma\u00e7\u00e3o: os h\u00e1bitos alimentares est\u00e3o mudando e, junto com eles, as expectativas dos clientes tamb\u00e9m. Ao mesmo tempo, a desregulamenta\u00e7\u00e3o de alguns mercados constitui uma revolu\u00e7\u00e3o \u00e0 qual a Tereos deve se adaptar. Estamos construindo uma estrat\u00e9gia de longo prazo para responder a estes desafios. Nosso objetivo \u00e9 nos tornarmos um parceiro de confian\u00e7a para nossos clientes, garantindo-lhes os mesmos padr\u00f5es de qualidade e confiabilidade onde quer que operem."},"sections":[{"acf_fc_layout":"rich_text","anchor_title":"","text":"<h2>Antecipando as mudan\u00e7as do mercado<\/h2>\n<p>Em um ambiente marcado por mudan\u00e7as regulat\u00f3rias, a Tereos se antecipa \u00e0 grandes mudan\u00e7as, mantendo sua competitividade. O Grupo identificou rapidamente a import\u00e2ncia de manter a natureza complementar de suas atividades, expandindo a gama de produtos oferecidos por meio do processamento de novas mat\u00e9rias-primas agr\u00edcolas.<\/p>\n<h2>Buscando novas oportunidades internacionais<\/h2>\n<p>Para manter um neg\u00f3cio sustent\u00e1vel e rent\u00e1vel, a empresa fortaleceu seu modelo e se estabeleceu em diferentes mercados. A expans\u00e3o come\u00e7ou pela Europa Oriental e depois o Brasil, valendo-se do substancial potencial de exporta\u00e7\u00e3o. Mais adiante, chegou \u00e0 \u00c1frica e \u00e0 \u00c1sia para aproveitar os est\u00edmulos de crescimento, gerados pela forte expans\u00e3o demogr\u00e1fica em ambos os continentes. Finalmente, para otimizar sua capacidade de distribui\u00e7\u00e3o e fornecimento, a Tereos criou a Tereos Commodities, em 2014, uma subsidi\u00e1ria de comercializa\u00e7\u00e3o e merchandising com escrit\u00f3rios em sete pa\u00edses.<\/p>\n<h2>Cultivando excel\u00eancia em toda a cadeia de valor<\/h2>\n<p>Ao considerar os interesses de todo o setor, a Tereos apoia os agricultores e os ajuda a aumentar a produtividade e sustentabilidade de suas produ\u00e7\u00f5es agr\u00edcolas, por meio de programas de apoio. Em todas as suas plantas, a Tereos tamb\u00e9m trabalha projetos ambiciosos de competitividade comercial, operacional e industrial. O desenvolvimento sustent\u00e1vel e a economia circular est\u00e3o no centro do desempenho do Grupo, garantindo uma oferta sustent\u00e1vel e de alta qualidade. A cadeia de produ\u00e7\u00e3o da Tereos faz parte de um c\u00edrculo virtuoso de processamento, com aproximadamente 99% das mat\u00e9rias-primas processadas.<\/p>\n<h2>Inovando para responder \u00e0 novas necessidades<\/h2>\n<p>A inova\u00e7\u00e3o posiciona a Tereos como um ator fundamental para parceiros e clientes industriais que buscam excel\u00eancia e qualidade. Equipes de pesquisa e desenvolvimento fornecem a expertise para trabalhar com clientes, desenvolvendo formula\u00e7\u00f5es exclusivas adaptadas \u00e0s suas necessidades.<\/p>\n<h2>Governan\u00e7a corporativa<\/h2>\n<p>As \u00e1reas que comp\u00f5em a Governan\u00e7a Corporativa da Tereos s\u00e3o respons\u00e1veis pela implementa\u00e7\u00e3o da estrat\u00e9gia de longo prazo do Grupo, alinhada ao C\u00f3digo de \u00c9tica da companhia.<\/p>\n<p>O nosso compromisso \u00e9 aperfei\u00e7oar as pr\u00e1ticas relacionadas \u00e0 governan\u00e7a, gest\u00e3o de risco e compliance em nossas opera\u00e7\u00f5es para os colaboradores e parceiros de neg\u00f3cios. Nosso prop\u00f3sito \u00e9 fortalecer a cultura de integridade, responsabilidade e boas pr\u00e1ticas comerciais.<\/p>\n"},{"acf_fc_layout":"featured_pages","anchor_title":"","rows":[{"items":[{"title":"Hist\u00f3ria","image":false,"page":{"ID":4802,"post_author":"10","post_date":"2019-05-09 09:45:41","post_date_gmt":"2019-05-09 07:45:41","post_content":"","post_title":"Hist\u00f3ria","post_excerpt":"","post_status":"publish","comment_status":"closed","ping_status":"closed","post_password":"","post_name":"historia","to_ping":"","pinged":"","post_modified":"2020-01-16 17:43:36","post_modified_gmt":"2020-01-16 16:43:36","post_content_filtered":"","post_parent":4760,"guid":"https:\/\/tereos.com\/groupe\/histoire\/","menu_order":0,"post_type":"page","post_mime_type":"","comment_count":"0","filter":"raw"}}]}]}],"flexible_editorial_clone":{"has_anchors":false,"sections":[{"acf_fc_layout":"rich_text","anchor_title":"","text":"<h2>Antecipando as mudan\u00e7as do mercado<\/h2>\n<p>Em um ambiente marcado por mudan\u00e7as regulat\u00f3rias, a Tereos se antecipa \u00e0 grandes mudan\u00e7as, mantendo sua competitividade. O Grupo identificou rapidamente a import\u00e2ncia de manter a natureza complementar de suas atividades, expandindo a gama de produtos oferecidos por meio do processamento de novas mat\u00e9rias-primas agr\u00edcolas.<\/p>\n<h2>Buscando novas oportunidades internacionais<\/h2>\n<p>Para manter um neg\u00f3cio sustent\u00e1vel e rent\u00e1vel, a empresa fortaleceu seu modelo e se estabeleceu em diferentes mercados. A expans\u00e3o come\u00e7ou pela Europa Oriental e depois o Brasil, valendo-se do substancial potencial de exporta\u00e7\u00e3o. Mais adiante, chegou \u00e0 \u00c1frica e \u00e0 \u00c1sia para aproveitar os est\u00edmulos de crescimento, gerados pela forte expans\u00e3o demogr\u00e1fica em ambos os continentes. Finalmente, para otimizar sua capacidade de distribui\u00e7\u00e3o e fornecimento, a Tereos criou a Tereos Commodities, em 2014, uma subsidi\u00e1ria de comercializa\u00e7\u00e3o e merchandising com escrit\u00f3rios em sete pa\u00edses.<\/p>\n<h2>Cultivando excel\u00eancia em toda a cadeia de valor<\/h2>\n<p>Ao considerar os interesses de todo o setor, a Tereos apoia os agricultores e os ajuda a aumentar a produtividade e sustentabilidade de suas produ\u00e7\u00f5es agr\u00edcolas, por meio de programas de apoio. Em todas as suas plantas, a Tereos tamb\u00e9m trabalha projetos ambiciosos de competitividade comercial, operacional e industrial. O desenvolvimento sustent\u00e1vel e a economia circular est\u00e3o no centro do desempenho do Grupo, garantindo uma oferta sustent\u00e1vel e de alta qualidade. A cadeia de produ\u00e7\u00e3o da Tereos faz parte de um c\u00edrculo virtuoso de processamento, com aproximadamente 99% das mat\u00e9rias-primas processadas.<\/p>\n<h2>Inovando para responder \u00e0 novas necessidades<\/h2>\n<p>A inova\u00e7\u00e3o posiciona a Tereos como um ator fundamental para parceiros e clientes industriais que buscam excel\u00eancia e qualidade. Equipes de pesquisa e desenvolvimento fornecem a expertise para trabalhar com clientes, desenvolvendo formula\u00e7\u00f5es exclusivas adaptadas \u00e0s suas necessidades.<\/p>\n<h2>Governan\u00e7a corporativa<\/h2>\n<p>As \u00e1reas que comp\u00f5em a Governan\u00e7a Corporativa da Tereos s\u00e3o respons\u00e1veis pela implementa\u00e7\u00e3o da estrat\u00e9gia de longo prazo do Grupo, alinhada ao C\u00f3digo de \u00c9tica da companhia.<\/p>\n<p>O nosso compromisso \u00e9 aperfei\u00e7oar as pr\u00e1ticas relacionadas \u00e0 governan\u00e7a, gest\u00e3o de risco e compliance em nossas opera\u00e7\u00f5es para os colaboradores e parceiros de neg\u00f3cios. Nosso prop\u00f3sito \u00e9 fortalecer a cultura de integridade, responsabilidade e boas pr\u00e1ticas comerciais.<\/p>\n"},{"acf_fc_layout":"featured_pages","anchor_title":"","rows":[{"items":[{"title":"Hist\u00f3ria","image":false,"page":{"ID":4802,"post_author":"10","post_date":"2019-05-09 09:45:41","post_date_gmt":"2019-05-09 07:45:41","post_content":"","post_title":"Hist\u00f3ria","post_excerpt":"","post_status":"publish","comment_status":"closed","ping_status":"closed","post_password":"","post_name":"historia","to_ping":"","pinged":"","post_modified":"2020-01-16 17:43:36","post_modified_gmt":"2020-01-16 16:43:36","post_content_filtered":"","post_parent":4760,"guid":"https:\/\/tereos.com\/groupe\/histoire\/","menu_order":0,"post_type":"page","post_mime_type":"","comment_count":"0","filter":"raw"}}]}]}]},"cover_mode":"classic","has_anchors":false},"yoast_head":"<!-- This site is optimized with the Yoast SEO plugin v23.7 - https:\/\/yoast.com\/wordpress\/plugins\/seo\/ -->\n<title>Nossa estrat\u00e9gia nos coloca um passo \u00e0 frente - Brasil<\/title>\n<meta name=\"robots\" content=\"index, follow, max-snippet:-1, max-image-preview:large, max-video-preview:-1\" \/>\n<link rel=\"canonical\" href=\"https:\/\/br.tereos.com\/pt-pt\/sobreatereos\/strategie\/\" \/>\n<meta property=\"og:locale\" content=\"pt_PT\" \/>\n<meta property=\"og:type\" content=\"article\" \/>\n<meta property=\"og:title\" content=\"Nossa estrat\u00e9gia nos coloca um passo \u00e0 frente - Brasil\" \/>\n<meta property=\"og:url\" content=\"https:\/\/br.tereos.com\/pt-pt\/sobreatereos\/strategie\/\" \/>\n<meta property=\"og:site_name\" content=\"Brasil\" \/>\n<meta property=\"article:modified_time\" content=\"2022-05-12T12:16:53+00:00\" \/>\n<meta property=\"og:image\" content=\"https:\/\/www.tereos.com\/app\/uploads\/sites\/7\/2019\/04\/cover-about-strategy.jpg\" \/>\n\t<meta property=\"og:image:width\" content=\"1920\" \/>\n\t<meta property=\"og:image:height\" content=\"1440\" \/>\n\t<meta property=\"og:image:type\" content=\"image\/jpeg\" \/>\n<meta name=\"twitter:card\" content=\"summary_large_image\" \/>\n<script type=\"application\/ld+json\" class=\"yoast-schema-graph\">{\"@context\":\"https:\/\/schema.org\",\"@graph\":[{\"@type\":\"WebPage\",\"@id\":\"https:\/\/br.tereos.com\/pt-pt\/sobreatereos\/strategie\/\",\"url\":\"https:\/\/br.tereos.com\/pt-pt\/sobreatereos\/strategie\/\",\"name\":\"Nossa estrat\u00e9gia nos coloca um passo \u00e0 frente - Brasil\",\"isPartOf\":{\"@id\":\"https:\/\/br.tereos.com\/pt-pt\/#website\"},\"primaryImageOfPage\":{\"@id\":\"https:\/\/br.tereos.com\/pt-pt\/sobreatereos\/strategie\/#primaryimage\"},\"image\":{\"@id\":\"https:\/\/br.tereos.com\/pt-pt\/sobreatereos\/strategie\/#primaryimage\"},\"thumbnailUrl\":\"https:\/\/www.tereos.com\/app\/uploads\/sites\/7\/2019\/04\/cover-about-strategy.jpg\",\"datePublished\":\"2019-01-17T14:28:02+00:00\",\"dateModified\":\"2022-05-12T12:16:53+00:00\",\"breadcrumb\":{\"@id\":\"https:\/\/br.tereos.com\/pt-pt\/sobreatereos\/strategie\/#breadcrumb\"},\"inLanguage\":\"pt-PT\",\"potentialAction\":[{\"@type\":\"ReadAction\",\"target\":[\"https:\/\/br.tereos.com\/pt-pt\/sobreatereos\/strategie\/\"]}]},{\"@type\":\"ImageObject\",\"inLanguage\":\"pt-PT\",\"@id\":\"https:\/\/br.tereos.com\/pt-pt\/sobreatereos\/strategie\/#primaryimage\",\"url\":\"https:\/\/www.tereos.com\/app\/uploads\/sites\/7\/2019\/04\/cover-about-strategy.jpg\",\"contentUrl\":\"https:\/\/www.tereos.com\/app\/uploads\/sites\/7\/2019\/04\/cover-about-strategy.jpg\",\"width\":1920,\"height\":1440},{\"@type\":\"BreadcrumbList\",\"@id\":\"https:\/\/br.tereos.com\/pt-pt\/sobreatereos\/strategie\/#breadcrumb\",\"itemListElement\":[{\"@type\":\"ListItem\",\"position\":1,\"name\":\"Home\",\"item\":\"https:\/\/br.tereos.com\/pt-pt\/\"},{\"@type\":\"ListItem\",\"position\":2,\"name\":\"L\u00edder nos mercados de a\u00e7\u00facar, amido e \u00e1lcool\",\"item\":\"https:\/\/br.tereos.com\/pt-pt\/sobreatereos\/\"},{\"@type\":\"ListItem\",\"position\":3,\"name\":\"Nossa estrat\u00e9gia nos coloca um passo \u00e0 frente\"}]},{\"@type\":\"WebSite\",\"@id\":\"https:\/\/br.tereos.com\/pt-pt\/#website\",\"url\":\"https:\/\/br.tereos.com\/pt-pt\/\",\"name\":\"Brasil\",\"description\":\"Un site utilisant WordPress\",\"potentialAction\":[{\"@type\":\"SearchAction\",\"target\":{\"@type\":\"EntryPoint\",\"urlTemplate\":\"https:\/\/br.tereos.com\/pt-pt\/?s={search_term_string}\"},\"query-input\":{\"@type\":\"PropertyValueSpecification\",\"valueRequired\":true,\"valueName\":\"search_term_string\"}}],\"inLanguage\":\"pt-PT\"}]}<\/script>\n<!-- \/ Yoast SEO plugin. -->","yoast_head_json":{"title":"Nossa estrat\u00e9gia nos coloca um passo \u00e0 frente - Brasil","robots":{"index":"index","follow":"follow","max-snippet":"max-snippet:-1","max-image-preview":"max-image-preview:large","max-video-preview":"max-video-preview:-1"},"canonical":"https:\/\/br.tereos.com\/pt-pt\/sobreatereos\/strategie\/","og_locale":"pt_PT","og_type":"article","og_title":"Nossa estrat\u00e9gia nos coloca um passo \u00e0 frente - Brasil","og_url":"https:\/\/br.tereos.com\/pt-pt\/sobreatereos\/strategie\/","og_site_name":"Brasil","article_modified_time":"2022-05-12T12:16:53+00:00","og_image":[{"width":1920,"height":1440,"url":"https:\/\/www.tereos.com\/app\/uploads\/sites\/7\/2019\/04\/cover-about-strategy.jpg","type":"image\/jpeg"}],"twitter_card":"summary_large_image","schema":{"@context":"https:\/\/schema.org","@graph":[{"@type":"WebPage","@id":"https:\/\/br.tereos.com\/pt-pt\/sobreatereos\/strategie\/","url":"https:\/\/br.tereos.com\/pt-pt\/sobreatereos\/strategie\/","name":"Nossa estrat\u00e9gia nos coloca um passo \u00e0 frente - Brasil","isPartOf":{"@id":"https:\/\/br.tereos.com\/pt-pt\/#website"},"primaryImageOfPage":{"@id":"https:\/\/br.tereos.com\/pt-pt\/sobreatereos\/strategie\/#primaryimage"},"image":{"@id":"https:\/\/br.tereos.com\/pt-pt\/sobreatereos\/strategie\/#primaryimage"},"thumbnailUrl":"https:\/\/www.tereos.com\/app\/uploads\/sites\/7\/2019\/04\/cover-about-strategy.jpg","datePublished":"2019-01-17T14:28:02+00:00","dateModified":"2022-05-12T12:16:53+00:00","breadcrumb":{"@id":"https:\/\/br.tereos.com\/pt-pt\/sobreatereos\/strategie\/#breadcrumb"},"inLanguage":"pt-PT","potentialAction":[{"@type":"ReadAction","target":["https:\/\/br.tereos.com\/pt-pt\/sobreatereos\/strategie\/"]}]},{"@type":"ImageObject","inLanguage":"pt-PT","@id":"https:\/\/br.tereos.com\/pt-pt\/sobreatereos\/strategie\/#primaryimage","url":"https:\/\/www.tereos.com\/app\/uploads\/sites\/7\/2019\/04\/cover-about-strategy.jpg","contentUrl":"https:\/\/www.tereos.com\/app\/uploads\/sites\/7\/2019\/04\/cover-about-strategy.jpg","width":1920,"height":1440},{"@type":"BreadcrumbList","@id":"https:\/\/br.tereos.com\/pt-pt\/sobreatereos\/strategie\/#breadcrumb","itemListElement":[{"@type":"ListItem","position":1,"name":"Home","item":"https:\/\/br.tereos.com\/pt-pt\/"},{"@type":"ListItem","position":2,"name":"L\u00edder nos mercados de a\u00e7\u00facar, amido e \u00e1lcool","item":"https:\/\/br.tereos.com\/pt-pt\/sobreatereos\/"},{"@type":"ListItem","position":3,"name":"Nossa estrat\u00e9gia nos coloca um passo \u00e0 frente"}]},{"@type":"WebSite","@id":"https:\/\/br.tereos.com\/pt-pt\/#website","url":"https:\/\/br.tereos.com\/pt-pt\/","name":"Brasil","description":"Un site utilisant WordPress","potentialAction":[{"@type":"SearchAction","target":{"@type":"EntryPoint","urlTemplate":"https:\/\/br.tereos.com\/pt-pt\/?s={search_term_string}"},"query-input":{"@type":"PropertyValueSpecification","valueRequired":true,"valueName":"search_term_string"}}],"inLanguage":"pt-PT"}]}},"_links":{"self":[{"href":"https:\/\/br.tereos.com\/pt-pt\/wp-json\/wp\/v2\/pages\/4812"}],"collection":[{"href":"https:\/\/br.tereos.com\/pt-pt\/wp-json\/wp\/v2\/pages"}],"about":[{"href":"https:\/\/br.tereos.com\/pt-pt\/wp-json\/wp\/v2\/types\/page"}],"author":[{"embeddable":true,"href":"https:\/\/br.tereos.com\/pt-pt\/wp-json\/wp\/v2\/users\/11"}],"replies":[{"embeddable":true,"href":"https:\/\/br.tereos.com\/pt-pt\/wp-json\/wp\/v2\/comments?post=4812"}],"version-history":[{"count":3,"href":"https:\/\/br.tereos.com\/pt-pt\/wp-json\/wp\/v2\/pages\/4812\/revisions"}],"predecessor-version":[{"id":8940,"href":"https:\/\/br.tereos.com\/pt-pt\/wp-json\/wp\/v2\/pages\/4812\/revisions\/8940"}],"up":[{"embeddable":true,"href":"https:\/\/br.tereos.com\/pt-pt\/wp-json\/wp\/v2\/pages\/4760"}],"wp:featuredmedia":[{"embeddable":true,"href":"https:\/\/br.tereos.com\/pt-pt\/wp-json\/wp\/v2\/media\/2083"}],"wp:attachment":[{"href":"https:\/\/br.tereos.com\/pt-pt\/wp-json\/wp\/v2\/media?parent=4812"}],"curies":[{"name":"wp","href":"https:\/\/api.w.org\/{rel}","templated":true}]}}