{"id":4466,"date":"2018-06-29T16:46:13","date_gmt":"2018-06-29T14:46:13","guid":{"rendered":"https:\/\/tereos.com\/carrieres\/"},"modified":"2025-07-02T17:17:31","modified_gmt":"2025-07-02T15:17:31","slug":"carreiras","status":"publish","type":"page","link":"https:\/\/br.tereos.com\/pt-pt\/carreiras\/","title":{"rendered":"D\u00ea um horizonte sustent\u00e1vel ao seu futuro"},"content":{"rendered":"","protected":false},"excerpt":{"rendered":"","protected":false},"author":1,"featured_media":4402,"parent":0,"menu_order":0,"comment_status":"closed","ping_status":"closed","template":"page-careers.php","meta":{"_acf_changed":false,"footnotes":""},"class_list":["post-4466","page","type-page","status-publish","has-post-thumbnail","hentry"],"acf":{"cover_type":"image","cover_image":4402,"cover_video_clone":{"cover_type":"image","cover_image":4402,"cover_video_uploaded":false,"hide_title":false,"link":{"title":"junte-se a n\u00f3s!","url":"https:\/\/www.linkedin.com\/company\/tereos\/jobs\/","target":"_blank"}},"headline":"Acreditamos fortemente que s\u00e3o nossas equipes e nossos futuros talentos que nos permitem alcan\u00e7ar nossas ambi\u00e7\u00f5es de hoje e de amanh\u00e3. Contamos com 15.600 colaboradores em 15 pa\u00edses \u2013 sendo cerca de 9.000 deles no Brasil. Aproveitamos ao m\u00e1ximo as habilidades e pr\u00e1ticas de cada um deles, permitindo que os indiv\u00edduos se desenvolvam em um ambiente colaborativo. ","headline_clone":{"headline":"Acreditamos fortemente que s\u00e3o nossas equipes e nossos futuros talentos que nos permitem alcan\u00e7ar nossas ambi\u00e7\u00f5es de hoje e de amanh\u00e3. Contamos com 15.600 colaboradores em 15 pa\u00edses \u2013 sendo cerca de 9.000 deles no Brasil. Aproveitamos ao m\u00e1ximo as habilidades e pr\u00e1ticas de cada um deles, permitindo que os indiv\u00edduos se desenvolvam em um ambiente colaborativo. "},"sections":[{"acf_fc_layout":"title_text","title":"Conhe\u00e7a nossos programas:","text":"<p><strong>Programa Jovens Talentos<\/strong><\/p>\n<div id=\"trabalhe-conosco-content2-left\" class=\"left\">\n<p>Com dura\u00e7\u00e3o de onze meses, o programa de est\u00e1gio da Tereos oferece aos universit\u00e1rios a oportunidade de conhecerem de forma mais profunda os desafios reais do setor sucroenerg\u00e9tico. O programa desenvolve habilidades por meio de uma trilha de aprendizado completa, com acompanhamento de desempenho e desenvolvimento de projeto na \u00e1rea de atua\u00e7\u00e3o.<\/p>\n<p><strong>Summer Experience<\/strong><\/p>\n<p>O programa de est\u00e1gio de ver\u00e3o tem dura\u00e7\u00e3o de 45 dias e o objetivo de desenvolver novos talentos. Ao fim do programa, os estagi\u00e1rios s\u00e3o avaliados para outras oportunidades na empresa.<\/p>\n<p><strong>Jovens Engenheiros<\/strong><\/p>\n<p>Com dura\u00e7\u00e3o de 18 meses, o programa visa acelerar a carreira de engenheiros rec\u00e9m-formados com interesse pelo agroneg\u00f3cio e desenvolve habilidades t\u00e9cnicas e de lideran\u00e7a.<\/p>\n<p><strong>Programa de Trainees<\/strong><\/p>\n<p>O Programa de Trainees da Tereos visa atrair jovens profissionais que possuem desejo de alcan\u00e7ar postos estrat\u00e9gicos na empresa em pouco tempo. Seu foco \u00e9 aprimorar a vis\u00e3o sist\u00eamica desses profissionais para acelerar seu desenvolvimento de acordo com os objetivos da empresa.<\/p>\n<p><strong>Programa Jovem Aprendiz\u00a0<\/strong><\/p>\n<\/div>\n<div id=\"trabalhe-conosco-content2-right\" class=\"left\">\n<p>O programa Jovem Aprendiz promove a inclus\u00e3o de jovens no mercado de trabalho por meio de treinamentos te\u00f3ricos e pr\u00e1ticos em todas as nossas unidades industriais. Al\u00e9m disso, aliando aprendizagem e responsabilidade social, a Tereos, em parceria com a Funda\u00e7\u00e3o Projeto Pescar, investe na forma\u00e7\u00e3o de jovens aprendizes, entre 16 e 21 anos, em situa\u00e7\u00e3o de vulnerabilidade socioecon\u00f4mica, preparando-os para o futuro.<\/p>\n<\/div>\n"},{"acf_fc_layout":"title_text","title":"LinkedIn","text":"<p>Siga-nos no <a href=\"https:\/\/www.linkedin.com\/company\/tereos\">LinkedIn<\/a> e saiba mais sobre os programas de recrutamento da empresa.<\/p>\n"},{"acf_fc_layout":"implantations","title":"Nossas unidades","text":"<p>O Grupo Tereos \u00e9 o 2<sup>o<\/sup> maior produtor de a\u00e7\u00facar do mundo, que \u00a0prioriza manter suas ra\u00edzes locais gra\u00e7as \u00e0 riqueza e \u00e0 diversidade de nossos profissionais e pontos de atua\u00e7\u00e3o. Oferecemos in\u00fameras oportunidades de carreira. Contamos com o compromisso de 15.600 colaboradores em 15 pa\u00edses.<\/p>\n<p>&nbsp;<\/p>\n","image":461,"link":{"title":"Saiba mais sobre nossas unidades","url":"https:\/\/br.tereos.com\/pt-pt\/grupo\/presenca-mundial\/","target":"_blank"}}],"link":{"title":"junte-se a n\u00f3s!","url":"https:\/\/www.linkedin.com\/company\/tereos\/jobs\/","target":"_blank"},"subtitle":"Carreiras","subtitle_clone":{"subtitle":"Carreiras"},"hide_title":false},"yoast_head":"<!-- This site is optimized with the Yoast SEO plugin v23.7 - https:\/\/yoast.com\/wordpress\/plugins\/seo\/ -->\n<title>D\u00ea um horizonte sustent\u00e1vel ao seu futuro - Brasil<\/title>\n<meta name=\"robots\" content=\"index, follow, max-snippet:-1, max-image-preview:large, max-video-preview:-1\" \/>\n<link rel=\"canonical\" href=\"https:\/\/br.tereos.com\/pt-pt\/carreiras\/\" \/>\n<meta property=\"og:locale\" content=\"pt_PT\" \/>\n<meta property=\"og:type\" content=\"article\" \/>\n<meta property=\"og:title\" content=\"D\u00ea um horizonte sustent\u00e1vel ao seu futuro - Brasil\" \/>\n<meta property=\"og:url\" content=\"https:\/\/br.tereos.com\/pt-pt\/carreiras\/\" \/>\n<meta property=\"og:site_name\" content=\"Brasil\" \/>\n<meta property=\"article:modified_time\" content=\"2025-07-02T15:17:31+00:00\" \/>\n<meta property=\"og:image\" content=\"https:\/\/www.tereos.com\/app\/uploads\/sites\/7\/2019\/06\/tereos-vant-jun-17-15.jpg\" \/>\n\t<meta property=\"og:image:width\" content=\"1024\" \/>\n\t<meta property=\"og:image:height\" content=\"683\" \/>\n\t<meta property=\"og:image:type\" content=\"image\/jpeg\" \/>\n<meta name=\"twitter:card\" content=\"summary_large_image\" \/>\n<meta name=\"twitter:label1\" content=\"Est. reading time\" \/>\n\t<meta name=\"twitter:data1\" content=\"1 minute\" \/>\n<script type=\"application\/ld+json\" class=\"yoast-schema-graph\">{\"@context\":\"https:\/\/schema.org\",\"@graph\":[{\"@type\":\"WebPage\",\"@id\":\"https:\/\/br.tereos.com\/pt-pt\/carreiras\/\",\"url\":\"https:\/\/br.tereos.com\/pt-pt\/carreiras\/\",\"name\":\"D\u00ea um horizonte sustent\u00e1vel ao seu futuro - Brasil\",\"isPartOf\":{\"@id\":\"https:\/\/br.tereos.com\/pt-pt\/#website\"},\"primaryImageOfPage\":{\"@id\":\"https:\/\/br.tereos.com\/pt-pt\/carreiras\/#primaryimage\"},\"image\":{\"@id\":\"https:\/\/br.tereos.com\/pt-pt\/carreiras\/#primaryimage\"},\"thumbnailUrl\":\"https:\/\/www.tereos.com\/app\/uploads\/sites\/7\/2019\/06\/tereos-vant-jun-17-15.jpg\",\"datePublished\":\"2018-06-29T14:46:13+00:00\",\"dateModified\":\"2025-07-02T15:17:31+00:00\",\"breadcrumb\":{\"@id\":\"https:\/\/br.tereos.com\/pt-pt\/carreiras\/#breadcrumb\"},\"inLanguage\":\"pt-PT\",\"potentialAction\":[{\"@type\":\"ReadAction\",\"target\":[\"https:\/\/br.tereos.com\/pt-pt\/carreiras\/\"]}]},{\"@type\":\"ImageObject\",\"inLanguage\":\"pt-PT\",\"@id\":\"https:\/\/br.tereos.com\/pt-pt\/carreiras\/#primaryimage\",\"url\":\"https:\/\/www.tereos.com\/app\/uploads\/sites\/7\/2019\/06\/tereos-vant-jun-17-15.jpg\",\"contentUrl\":\"https:\/\/www.tereos.com\/app\/uploads\/sites\/7\/2019\/06\/tereos-vant-jun-17-15.jpg\",\"width\":5760,\"height\":3840,\"caption\":\"Ol\u00edmpia, SP - 23\/06\/2017 - Tereos | Guarani | UI Cruz Alta | Agr\u00edcola - VANT - Foto: Ferdinando Ramos \/ Plus Images\"},{\"@type\":\"BreadcrumbList\",\"@id\":\"https:\/\/br.tereos.com\/pt-pt\/carreiras\/#breadcrumb\",\"itemListElement\":[{\"@type\":\"ListItem\",\"position\":1,\"name\":\"Home\",\"item\":\"https:\/\/br.tereos.com\/pt-pt\/\"},{\"@type\":\"ListItem\",\"position\":2,\"name\":\"D\u00ea um horizonte sustent\u00e1vel ao seu futuro\"}]},{\"@type\":\"WebSite\",\"@id\":\"https:\/\/br.tereos.com\/pt-pt\/#website\",\"url\":\"https:\/\/br.tereos.com\/pt-pt\/\",\"name\":\"Brasil\",\"description\":\"Un site utilisant WordPress\",\"potentialAction\":[{\"@type\":\"SearchAction\",\"target\":{\"@type\":\"EntryPoint\",\"urlTemplate\":\"https:\/\/br.tereos.com\/pt-pt\/?s={search_term_string}\"},\"query-input\":{\"@type\":\"PropertyValueSpecification\",\"valueRequired\":true,\"valueName\":\"search_term_string\"}}],\"inLanguage\":\"pt-PT\"}]}<\/script>\n<!-- \/ Yoast SEO plugin. -->","yoast_head_json":{"title":"D\u00ea um horizonte sustent\u00e1vel ao seu futuro - Brasil","robots":{"index":"index","follow":"follow","max-snippet":"max-snippet:-1","max-image-preview":"max-image-preview:large","max-video-preview":"max-video-preview:-1"},"canonical":"https:\/\/br.tereos.com\/pt-pt\/carreiras\/","og_locale":"pt_PT","og_type":"article","og_title":"D\u00ea um horizonte sustent\u00e1vel ao seu futuro - Brasil","og_url":"https:\/\/br.tereos.com\/pt-pt\/carreiras\/","og_site_name":"Brasil","article_modified_time":"2025-07-02T15:17:31+00:00","og_image":[{"url":"https:\/\/www.tereos.com\/app\/uploads\/sites\/7\/2019\/06\/tereos-vant-jun-17-15.jpg","width":1024,"height":683,"type":"image\/jpeg"}],"twitter_card":"summary_large_image","twitter_misc":{"Est. reading time":"1 minute"},"schema":{"@context":"https:\/\/schema.org","@graph":[{"@type":"WebPage","@id":"https:\/\/br.tereos.com\/pt-pt\/carreiras\/","url":"https:\/\/br.tereos.com\/pt-pt\/carreiras\/","name":"D\u00ea um horizonte sustent\u00e1vel ao seu futuro - Brasil","isPartOf":{"@id":"https:\/\/br.tereos.com\/pt-pt\/#website"},"primaryImageOfPage":{"@id":"https:\/\/br.tereos.com\/pt-pt\/carreiras\/#primaryimage"},"image":{"@id":"https:\/\/br.tereos.com\/pt-pt\/carreiras\/#primaryimage"},"thumbnailUrl":"https:\/\/www.tereos.com\/app\/uploads\/sites\/7\/2019\/06\/tereos-vant-jun-17-15.jpg","datePublished":"2018-06-29T14:46:13+00:00","dateModified":"2025-07-02T15:17:31+00:00","breadcrumb":{"@id":"https:\/\/br.tereos.com\/pt-pt\/carreiras\/#breadcrumb"},"inLanguage":"pt-PT","potentialAction":[{"@type":"ReadAction","target":["https:\/\/br.tereos.com\/pt-pt\/carreiras\/"]}]},{"@type":"ImageObject","inLanguage":"pt-PT","@id":"https:\/\/br.tereos.com\/pt-pt\/carreiras\/#primaryimage","url":"https:\/\/www.tereos.com\/app\/uploads\/sites\/7\/2019\/06\/tereos-vant-jun-17-15.jpg","contentUrl":"https:\/\/www.tereos.com\/app\/uploads\/sites\/7\/2019\/06\/tereos-vant-jun-17-15.jpg","width":5760,"height":3840,"caption":"Ol\u00edmpia, SP - 23\/06\/2017 - Tereos | Guarani | UI Cruz Alta | Agr\u00edcola - VANT - Foto: Ferdinando Ramos \/ Plus Images"},{"@type":"BreadcrumbList","@id":"https:\/\/br.tereos.com\/pt-pt\/carreiras\/#breadcrumb","itemListElement":[{"@type":"ListItem","position":1,"name":"Home","item":"https:\/\/br.tereos.com\/pt-pt\/"},{"@type":"ListItem","position":2,"name":"D\u00ea um horizonte sustent\u00e1vel ao seu futuro"}]},{"@type":"WebSite","@id":"https:\/\/br.tereos.com\/pt-pt\/#website","url":"https:\/\/br.tereos.com\/pt-pt\/","name":"Brasil","description":"Un site utilisant WordPress","potentialAction":[{"@type":"SearchAction","target":{"@type":"EntryPoint","urlTemplate":"https:\/\/br.tereos.com\/pt-pt\/?s={search_term_string}"},"query-input":{"@type":"PropertyValueSpecification","valueRequired":true,"valueName":"search_term_string"}}],"inLanguage":"pt-PT"}]}},"_links":{"self":[{"href":"https:\/\/br.tereos.com\/pt-pt\/wp-json\/wp\/v2\/pages\/4466"}],"collection":[{"href":"https:\/\/br.tereos.com\/pt-pt\/wp-json\/wp\/v2\/pages"}],"about":[{"href":"https:\/\/br.tereos.com\/pt-pt\/wp-json\/wp\/v2\/types\/page"}],"author":[{"embeddable":true,"href":"https:\/\/br.tereos.com\/pt-pt\/wp-json\/wp\/v2\/users\/1"}],"replies":[{"embeddable":true,"href":"https:\/\/br.tereos.com\/pt-pt\/wp-json\/wp\/v2\/comments?post=4466"}],"version-history":[{"count":3,"href":"https:\/\/br.tereos.com\/pt-pt\/wp-json\/wp\/v2\/pages\/4466\/revisions"}],"predecessor-version":[{"id":10767,"href":"https:\/\/br.tereos.com\/pt-pt\/wp-json\/wp\/v2\/pages\/4466\/revisions\/10767"}],"wp:featuredmedia":[{"embeddable":true,"href":"https:\/\/br.tereos.com\/pt-pt\/wp-json\/wp\/v2\/media\/4402"}],"wp:attachment":[{"href":"https:\/\/br.tereos.com\/pt-pt\/wp-json\/wp\/v2\/media?parent=4466"}],"curies":[{"name":"wp","href":"https:\/\/api.w.org\/{rel}","templated":true}]}}