{"id":11325,"date":"2025-08-27T15:33:55","date_gmt":"2025-08-27T13:33:55","guid":{"rendered":"https:\/\/br.tereos.com\/?page_id=11325"},"modified":"2025-08-27T15:33:55","modified_gmt":"2025-08-27T13:33:55","slug":"pilares-sustentabilidade","status":"publish","type":"page","link":"https:\/\/br.tereos.com\/pt-pt\/sustentabilidade\/pilares-sustentabilidade\/","title":{"rendered":"Pilares de Sustentabilidade"},"content":{"rendered":"","protected":false},"excerpt":{"rendered":"","protected":false},"author":278,"featured_media":11326,"parent":9114,"menu_order":0,"comment_status":"closed","ping_status":"closed","template":"page-editorial.php","meta":{"_acf_changed":false,"footnotes":""},"class_list":["post-11325","page","type-page","status-publish","has-post-thumbnail","hentry"],"acf":{"is_story":false,"is_testimonial":false,"cover_mode":"classic","cover_image":11326,"cover_video_clone":{"cover_mode":"classic","cover_image":11326},"subtitle":"","subtitle_clone":{"subtitle":""},"headline":"","headline_clone":{"headline":""},"has_anchors":false,"sections":[{"acf_fc_layout":"rich_text","anchor_title":"","text":"<p>Com base no prop\u00f3sito e nos valores da Tereos, nossos pilares de sustentabilidade foram atualizados com o objetivo de simplific\u00e1-los e integr\u00e1-los aos processos de gest\u00e3o do Grupo.<\/p>\n<p>A nova estrat\u00e9gia est\u00e1 baseada em tr\u00eas pilares:<\/p>\n<p><strong>Cultivar nossa conex\u00e3o com a natureza e nossas comunidades:<\/strong> desenvolver uma agricultura regenerativa, sustent\u00e1vel e de baixo carbono, preservar recursos naturais e biodiversidade, promover a integra\u00e7\u00e3o das comunidades nas regi\u00f5es onde atuamos.<\/p>\n<p><strong>Atender \u00e0s necessidades essenciais di\u00e1rias para uma vida sustent\u00e1vel:<\/strong> apoiar um modelo de economia circular, reduzir emiss\u00f5es de GEEs e consumo de \u00e1gua em nossas unidades e promover solu\u00e7\u00f5es sustent\u00e1veis.<\/p>\n<p><strong>Cultivar um futuro compartilhado para o planeta e as pessoas:<\/strong> promover o modelo cooperativo e garantir a seguran\u00e7a e sa\u00fade dos colaboradores, a diversidade e o cumprimento dos princ\u00edpios \u00e9ticos em toda a nossa cadeia de valor.<\/p>\n"},{"acf_fc_layout":"title_text","anchor_title":"","title":"Cultivar nossa conex\u00e3o com a natureza e nossas comunidades","text":"<p><img loading=\"lazy\" decoding=\"async\" class=\"size-full wp-image-11331\" src=\"https:\/\/www.tereos.com\/app\/uploads\/sites\/7\/2025\/08\/dji-0141-scaled.jpg\" alt=\"\" width=\"2560\" height=\"1438\" srcset=\"https:\/\/www.tereos.com\/app\/uploads\/sites\/7\/2025\/08\/dji-0141-scaled.jpg 2560w, https:\/\/www.tereos.com\/app\/uploads\/sites\/7\/2025\/08\/dji-0141-300x169.jpg 300w, https:\/\/www.tereos.com\/app\/uploads\/sites\/7\/2025\/08\/dji-0141-1536x863.jpg 1536w, https:\/\/www.tereos.com\/app\/uploads\/sites\/7\/2025\/08\/dji-0141-2048x1150.jpg 2048w\" sizes=\"(max-width: 2560px) 100vw, 2560px\" \/><\/p>\n<p>&#8211; Redu\u00e7\u00e3o das emiss\u00f5es agr\u00edcolas<br \/>\n<i>36% de redu\u00e7\u00e3o das emiss\u00f5es de escopo 1 &amp; 3 (FLAG)<\/p>\n<p><\/i>&#8211; Agricultura regenerativa e de baixo carbono<br \/>\n<i>20% das mat\u00e9rias-primas provenientes de agricultura regenerativa \/ de baixo carbono<\/p>\n<p><\/i>&#8211; Mat\u00e9rias-primas sustent\u00e1veis e com desmatamento zero<br \/>\n<i>100% das mat\u00e9rias-primas certificadas e livres de desmatamento<\/i><\/p>\n"},{"acf_fc_layout":"title_text","anchor_title":"","title":"Atender \u00e0s necessidades essenciais di\u00e1rias para uma vida sustent\u00e1vel","text":"<p><img loading=\"lazy\" decoding=\"async\" class=\"size-full wp-image-11330\" src=\"https:\/\/www.tereos.com\/app\/uploads\/sites\/7\/2025\/08\/cruzaltaindustria0058-1-scaled.jpg\" alt=\"\" width=\"2560\" height=\"1707\" srcset=\"https:\/\/www.tereos.com\/app\/uploads\/sites\/7\/2025\/08\/cruzaltaindustria0058-1-scaled.jpg 2560w, https:\/\/www.tereos.com\/app\/uploads\/sites\/7\/2025\/08\/cruzaltaindustria0058-1-300x200.jpg 300w, https:\/\/www.tereos.com\/app\/uploads\/sites\/7\/2025\/08\/cruzaltaindustria0058-1-1536x1024.jpg 1536w, https:\/\/www.tereos.com\/app\/uploads\/sites\/7\/2025\/08\/cruzaltaindustria0058-1-2048x1366.jpg 2048w\" sizes=\"(max-width: 2560px) 100vw, 2560px\" \/><\/p>\n<p>&#8211; Economia circular<br \/>\n<i>100% de subprodutos vegetais valorizados<\/i><\/p>\n<p>&#8211; Objetivo Net Zero<br \/>\n<i>50% de redu\u00e7\u00e3o das emiss\u00f5es de Escopo 1 e 2<\/i><\/p>\n<p>&#8211; Diminui\u00e7\u00e3o do consumo de \u00e1gua<br \/>\n<i>28% de redu\u00e7\u00e3o no consumo de \u00e1gua (em compara\u00e7\u00e3o \u00e0 safra 2019-20)<\/i><\/p>\n"},{"acf_fc_layout":"title_text","anchor_title":"","title":"Cultivar um futuro compartilhado para o planeta e as pessoas","text":"<p><img loading=\"lazy\" decoding=\"async\" class=\"size-full wp-image-11329\" src=\"https:\/\/www.tereos.com\/app\/uploads\/sites\/7\/2025\/08\/dieg5236-scaled.jpg\" alt=\"\" width=\"2560\" height=\"1707\" srcset=\"https:\/\/www.tereos.com\/app\/uploads\/sites\/7\/2025\/08\/dieg5236-scaled.jpg 2560w, https:\/\/www.tereos.com\/app\/uploads\/sites\/7\/2025\/08\/dieg5236-300x200.jpg 300w, https:\/\/www.tereos.com\/app\/uploads\/sites\/7\/2025\/08\/dieg5236-1536x1024.jpg 1536w, https:\/\/www.tereos.com\/app\/uploads\/sites\/7\/2025\/08\/dieg5236-2048x1366.jpg 2048w\" sizes=\"(max-width: 2560px) 100vw, 2560px\" \/><\/p>\n<p>&#8211; Seguran\u00e7a e sa\u00fade dos funcion\u00e1rios e terceiros<br \/>\n<i>30% de redu\u00e7\u00e3o na taxa LWC (dias de trabalho perdidos)<\/i><\/p>\n<p>&#8211; Diversidade, equidade e inclus\u00e3o<br \/>\n<i>27% de mulheres na lideran\u00e7a <\/i><i>e 100% das unidades conscientizadas de defici\u00eancias vis\u00edveis e n\u00e3o-vis\u00edveis<\/i><\/p>\n<p>&#8211; Aprimoramento do modelo cooperativo<\/p>\n"}],"flexible_editorial_clone":{"has_anchors":false,"sections":[{"acf_fc_layout":"rich_text","anchor_title":"","text":"<p>Com base no prop\u00f3sito e nos valores da Tereos, nossos pilares de sustentabilidade foram atualizados com o objetivo de simplific\u00e1-los e integr\u00e1-los aos processos de gest\u00e3o do Grupo.<\/p>\n<p>A nova estrat\u00e9gia est\u00e1 baseada em tr\u00eas pilares:<\/p>\n<p><strong>Cultivar nossa conex\u00e3o com a natureza e nossas comunidades:<\/strong> desenvolver uma agricultura regenerativa, sustent\u00e1vel e de baixo carbono, preservar recursos naturais e biodiversidade, promover a integra\u00e7\u00e3o das comunidades nas regi\u00f5es onde atuamos.<\/p>\n<p><strong>Atender \u00e0s necessidades essenciais di\u00e1rias para uma vida sustent\u00e1vel:<\/strong> apoiar um modelo de economia circular, reduzir emiss\u00f5es de GEEs e consumo de \u00e1gua em nossas unidades e promover solu\u00e7\u00f5es sustent\u00e1veis.<\/p>\n<p><strong>Cultivar um futuro compartilhado para o planeta e as pessoas:<\/strong> promover o modelo cooperativo e garantir a seguran\u00e7a e sa\u00fade dos colaboradores, a diversidade e o cumprimento dos princ\u00edpios \u00e9ticos em toda a nossa cadeia de valor.<\/p>\n"},{"acf_fc_layout":"title_text","anchor_title":"","title":"Cultivar nossa conex\u00e3o com a natureza e nossas comunidades","text":"<p><img loading=\"lazy\" decoding=\"async\" class=\"size-full wp-image-11331\" src=\"https:\/\/www.tereos.com\/app\/uploads\/sites\/7\/2025\/08\/dji-0141-scaled.jpg\" alt=\"\" width=\"2560\" height=\"1438\" srcset=\"https:\/\/www.tereos.com\/app\/uploads\/sites\/7\/2025\/08\/dji-0141-scaled.jpg 2560w, https:\/\/www.tereos.com\/app\/uploads\/sites\/7\/2025\/08\/dji-0141-300x169.jpg 300w, https:\/\/www.tereos.com\/app\/uploads\/sites\/7\/2025\/08\/dji-0141-1536x863.jpg 1536w, https:\/\/www.tereos.com\/app\/uploads\/sites\/7\/2025\/08\/dji-0141-2048x1150.jpg 2048w\" sizes=\"(max-width: 2560px) 100vw, 2560px\" \/><\/p>\n<p>&#8211; Redu\u00e7\u00e3o das emiss\u00f5es agr\u00edcolas<br \/>\n<i>36% de redu\u00e7\u00e3o das emiss\u00f5es de escopo 1 &amp; 3 (FLAG)<\/p>\n<p><\/i>&#8211; Agricultura regenerativa e de baixo carbono<br \/>\n<i>20% das mat\u00e9rias-primas provenientes de agricultura regenerativa \/ de baixo carbono<\/p>\n<p><\/i>&#8211; Mat\u00e9rias-primas sustent\u00e1veis e com desmatamento zero<br \/>\n<i>100% das mat\u00e9rias-primas certificadas e livres de desmatamento<\/i><\/p>\n"},{"acf_fc_layout":"title_text","anchor_title":"","title":"Atender \u00e0s necessidades essenciais di\u00e1rias para uma vida sustent\u00e1vel","text":"<p><img loading=\"lazy\" decoding=\"async\" class=\"size-full wp-image-11330\" src=\"https:\/\/www.tereos.com\/app\/uploads\/sites\/7\/2025\/08\/cruzaltaindustria0058-1-scaled.jpg\" alt=\"\" width=\"2560\" height=\"1707\" srcset=\"https:\/\/www.tereos.com\/app\/uploads\/sites\/7\/2025\/08\/cruzaltaindustria0058-1-scaled.jpg 2560w, https:\/\/www.tereos.com\/app\/uploads\/sites\/7\/2025\/08\/cruzaltaindustria0058-1-300x200.jpg 300w, https:\/\/www.tereos.com\/app\/uploads\/sites\/7\/2025\/08\/cruzaltaindustria0058-1-1536x1024.jpg 1536w, https:\/\/www.tereos.com\/app\/uploads\/sites\/7\/2025\/08\/cruzaltaindustria0058-1-2048x1366.jpg 2048w\" sizes=\"(max-width: 2560px) 100vw, 2560px\" \/><\/p>\n<p>&#8211; Economia circular<br \/>\n<i>100% de subprodutos vegetais valorizados<\/i><\/p>\n<p>&#8211; Objetivo Net Zero<br \/>\n<i>50% de redu\u00e7\u00e3o das emiss\u00f5es de Escopo 1 e 2<\/i><\/p>\n<p>&#8211; Diminui\u00e7\u00e3o do consumo de \u00e1gua<br \/>\n<i>28% de redu\u00e7\u00e3o no consumo de \u00e1gua (em compara\u00e7\u00e3o \u00e0 safra 2019-20)<\/i><\/p>\n"},{"acf_fc_layout":"title_text","anchor_title":"","title":"Cultivar um futuro compartilhado para o planeta e as pessoas","text":"<p><img loading=\"lazy\" decoding=\"async\" class=\"size-full wp-image-11329\" src=\"https:\/\/www.tereos.com\/app\/uploads\/sites\/7\/2025\/08\/dieg5236-scaled.jpg\" alt=\"\" width=\"2560\" height=\"1707\" srcset=\"https:\/\/www.tereos.com\/app\/uploads\/sites\/7\/2025\/08\/dieg5236-scaled.jpg 2560w, https:\/\/www.tereos.com\/app\/uploads\/sites\/7\/2025\/08\/dieg5236-300x200.jpg 300w, https:\/\/www.tereos.com\/app\/uploads\/sites\/7\/2025\/08\/dieg5236-1536x1024.jpg 1536w, https:\/\/www.tereos.com\/app\/uploads\/sites\/7\/2025\/08\/dieg5236-2048x1366.jpg 2048w\" sizes=\"(max-width: 2560px) 100vw, 2560px\" \/><\/p>\n<p>&#8211; Seguran\u00e7a e sa\u00fade dos funcion\u00e1rios e terceiros<br \/>\n<i>30% de redu\u00e7\u00e3o na taxa LWC (dias de trabalho perdidos)<\/i><\/p>\n<p>&#8211; Diversidade, equidade e inclus\u00e3o<br \/>\n<i>27% de mulheres na lideran\u00e7a <\/i><i>e 100% das unidades conscientizadas de defici\u00eancias vis\u00edveis e n\u00e3o-vis\u00edveis<\/i><\/p>\n<p>&#8211; Aprimoramento do modelo cooperativo<\/p>\n"}]}},"yoast_head":"<!-- This site is optimized with the Yoast SEO plugin v23.7 - https:\/\/yoast.com\/wordpress\/plugins\/seo\/ -->\n<title>Pilares de Sustentabilidade - Brasil<\/title>\n<meta name=\"robots\" content=\"index, follow, max-snippet:-1, max-image-preview:large, max-video-preview:-1\" \/>\n<link rel=\"canonical\" href=\"https:\/\/br.tereos.com\/pt-pt\/sustentabilidade\/pilares-sustentabilidade\/\" \/>\n<meta property=\"og:locale\" content=\"pt_PT\" \/>\n<meta property=\"og:type\" content=\"article\" \/>\n<meta property=\"og:title\" content=\"Pilares de Sustentabilidade - Brasil\" \/>\n<meta property=\"og:url\" content=\"https:\/\/br.tereos.com\/pt-pt\/sustentabilidade\/pilares-sustentabilidade\/\" \/>\n<meta property=\"og:site_name\" content=\"Brasil\" \/>\n<meta property=\"og:image\" content=\"https:\/\/www.tereos.com\/app\/uploads\/sites\/7\/2025\/08\/dieg3030-2-1-scaled.jpg\" \/>\n\t<meta property=\"og:image:width\" content=\"2560\" \/>\n\t<meta property=\"og:image:height\" content=\"1707\" \/>\n\t<meta property=\"og:image:type\" content=\"image\/jpeg\" \/>\n<meta name=\"twitter:card\" content=\"summary_large_image\" \/>\n<meta name=\"twitter:label1\" content=\"Est. reading time\" \/>\n\t<meta name=\"twitter:data1\" content=\"1 minute\" \/>\n<script type=\"application\/ld+json\" class=\"yoast-schema-graph\">{\"@context\":\"https:\/\/schema.org\",\"@graph\":[{\"@type\":\"WebPage\",\"@id\":\"https:\/\/br.tereos.com\/pt-pt\/sustentabilidade\/pilares-sustentabilidade\/\",\"url\":\"https:\/\/br.tereos.com\/pt-pt\/sustentabilidade\/pilares-sustentabilidade\/\",\"name\":\"Pilares de Sustentabilidade - Brasil\",\"isPartOf\":{\"@id\":\"https:\/\/br.tereos.com\/pt-pt\/#website\"},\"primaryImageOfPage\":{\"@id\":\"https:\/\/br.tereos.com\/pt-pt\/sustentabilidade\/pilares-sustentabilidade\/#primaryimage\"},\"image\":{\"@id\":\"https:\/\/br.tereos.com\/pt-pt\/sustentabilidade\/pilares-sustentabilidade\/#primaryimage\"},\"thumbnailUrl\":\"https:\/\/www.tereos.com\/app\/uploads\/sites\/7\/2025\/08\/dieg3030-2-1-scaled.jpg\",\"datePublished\":\"2025-08-27T13:33:55+00:00\",\"dateModified\":\"2025-08-27T13:33:55+00:00\",\"breadcrumb\":{\"@id\":\"https:\/\/br.tereos.com\/pt-pt\/sustentabilidade\/pilares-sustentabilidade\/#breadcrumb\"},\"inLanguage\":\"pt-PT\",\"potentialAction\":[{\"@type\":\"ReadAction\",\"target\":[\"https:\/\/br.tereos.com\/pt-pt\/sustentabilidade\/pilares-sustentabilidade\/\"]}]},{\"@type\":\"ImageObject\",\"inLanguage\":\"pt-PT\",\"@id\":\"https:\/\/br.tereos.com\/pt-pt\/sustentabilidade\/pilares-sustentabilidade\/#primaryimage\",\"url\":\"https:\/\/www.tereos.com\/app\/uploads\/sites\/7\/2025\/08\/dieg3030-2-1-scaled.jpg\",\"contentUrl\":\"https:\/\/www.tereos.com\/app\/uploads\/sites\/7\/2025\/08\/dieg3030-2-1-scaled.jpg\",\"width\":2560,\"height\":1707,\"caption\":\"OL\u00cdMPIA, SP, BRASIL - 23.07.2024: Tereos Cruz Alta - (Fotos: Diego Padgurschi \/ Ag\u00eancia Mexerica \/ Tereos Divulga\u00e7\u00e3o)\"},{\"@type\":\"BreadcrumbList\",\"@id\":\"https:\/\/br.tereos.com\/pt-pt\/sustentabilidade\/pilares-sustentabilidade\/#breadcrumb\",\"itemListElement\":[{\"@type\":\"ListItem\",\"position\":1,\"name\":\"Home\",\"item\":\"https:\/\/br.tereos.com\/pt-pt\/\"},{\"@type\":\"ListItem\",\"position\":2,\"name\":\"Sustentabilidade\",\"item\":\"https:\/\/br.tereos.com\/pt-pt\/sustentabilidade\/\"},{\"@type\":\"ListItem\",\"position\":3,\"name\":\"Pilares de Sustentabilidade\"}]},{\"@type\":\"WebSite\",\"@id\":\"https:\/\/br.tereos.com\/pt-pt\/#website\",\"url\":\"https:\/\/br.tereos.com\/pt-pt\/\",\"name\":\"Brasil\",\"description\":\"Un site utilisant WordPress\",\"potentialAction\":[{\"@type\":\"SearchAction\",\"target\":{\"@type\":\"EntryPoint\",\"urlTemplate\":\"https:\/\/br.tereos.com\/pt-pt\/?s={search_term_string}\"},\"query-input\":{\"@type\":\"PropertyValueSpecification\",\"valueRequired\":true,\"valueName\":\"search_term_string\"}}],\"inLanguage\":\"pt-PT\"}]}<\/script>\n<!-- \/ Yoast SEO plugin. -->","yoast_head_json":{"title":"Pilares de Sustentabilidade - Brasil","robots":{"index":"index","follow":"follow","max-snippet":"max-snippet:-1","max-image-preview":"max-image-preview:large","max-video-preview":"max-video-preview:-1"},"canonical":"https:\/\/br.tereos.com\/pt-pt\/sustentabilidade\/pilares-sustentabilidade\/","og_locale":"pt_PT","og_type":"article","og_title":"Pilares de Sustentabilidade - Brasil","og_url":"https:\/\/br.tereos.com\/pt-pt\/sustentabilidade\/pilares-sustentabilidade\/","og_site_name":"Brasil","og_image":[{"width":2560,"height":1707,"url":"https:\/\/www.tereos.com\/app\/uploads\/sites\/7\/2025\/08\/dieg3030-2-1-scaled.jpg","type":"image\/jpeg"}],"twitter_card":"summary_large_image","twitter_misc":{"Est. reading time":"1 minute"},"schema":{"@context":"https:\/\/schema.org","@graph":[{"@type":"WebPage","@id":"https:\/\/br.tereos.com\/pt-pt\/sustentabilidade\/pilares-sustentabilidade\/","url":"https:\/\/br.tereos.com\/pt-pt\/sustentabilidade\/pilares-sustentabilidade\/","name":"Pilares de Sustentabilidade - Brasil","isPartOf":{"@id":"https:\/\/br.tereos.com\/pt-pt\/#website"},"primaryImageOfPage":{"@id":"https:\/\/br.tereos.com\/pt-pt\/sustentabilidade\/pilares-sustentabilidade\/#primaryimage"},"image":{"@id":"https:\/\/br.tereos.com\/pt-pt\/sustentabilidade\/pilares-sustentabilidade\/#primaryimage"},"thumbnailUrl":"https:\/\/www.tereos.com\/app\/uploads\/sites\/7\/2025\/08\/dieg3030-2-1-scaled.jpg","datePublished":"2025-08-27T13:33:55+00:00","dateModified":"2025-08-27T13:33:55+00:00","breadcrumb":{"@id":"https:\/\/br.tereos.com\/pt-pt\/sustentabilidade\/pilares-sustentabilidade\/#breadcrumb"},"inLanguage":"pt-PT","potentialAction":[{"@type":"ReadAction","target":["https:\/\/br.tereos.com\/pt-pt\/sustentabilidade\/pilares-sustentabilidade\/"]}]},{"@type":"ImageObject","inLanguage":"pt-PT","@id":"https:\/\/br.tereos.com\/pt-pt\/sustentabilidade\/pilares-sustentabilidade\/#primaryimage","url":"https:\/\/www.tereos.com\/app\/uploads\/sites\/7\/2025\/08\/dieg3030-2-1-scaled.jpg","contentUrl":"https:\/\/www.tereos.com\/app\/uploads\/sites\/7\/2025\/08\/dieg3030-2-1-scaled.jpg","width":2560,"height":1707,"caption":"OL\u00cdMPIA, SP, BRASIL - 23.07.2024: Tereos Cruz Alta - (Fotos: Diego Padgurschi \/ Ag\u00eancia Mexerica \/ Tereos Divulga\u00e7\u00e3o)"},{"@type":"BreadcrumbList","@id":"https:\/\/br.tereos.com\/pt-pt\/sustentabilidade\/pilares-sustentabilidade\/#breadcrumb","itemListElement":[{"@type":"ListItem","position":1,"name":"Home","item":"https:\/\/br.tereos.com\/pt-pt\/"},{"@type":"ListItem","position":2,"name":"Sustentabilidade","item":"https:\/\/br.tereos.com\/pt-pt\/sustentabilidade\/"},{"@type":"ListItem","position":3,"name":"Pilares de Sustentabilidade"}]},{"@type":"WebSite","@id":"https:\/\/br.tereos.com\/pt-pt\/#website","url":"https:\/\/br.tereos.com\/pt-pt\/","name":"Brasil","description":"Un site utilisant WordPress","potentialAction":[{"@type":"SearchAction","target":{"@type":"EntryPoint","urlTemplate":"https:\/\/br.tereos.com\/pt-pt\/?s={search_term_string}"},"query-input":{"@type":"PropertyValueSpecification","valueRequired":true,"valueName":"search_term_string"}}],"inLanguage":"pt-PT"}]}},"_links":{"self":[{"href":"https:\/\/br.tereos.com\/pt-pt\/wp-json\/wp\/v2\/pages\/11325"}],"collection":[{"href":"https:\/\/br.tereos.com\/pt-pt\/wp-json\/wp\/v2\/pages"}],"about":[{"href":"https:\/\/br.tereos.com\/pt-pt\/wp-json\/wp\/v2\/types\/page"}],"author":[{"embeddable":true,"href":"https:\/\/br.tereos.com\/pt-pt\/wp-json\/wp\/v2\/users\/278"}],"replies":[{"embeddable":true,"href":"https:\/\/br.tereos.com\/pt-pt\/wp-json\/wp\/v2\/comments?post=11325"}],"version-history":[{"count":3,"href":"https:\/\/br.tereos.com\/pt-pt\/wp-json\/wp\/v2\/pages\/11325\/revisions"}],"predecessor-version":[{"id":11333,"href":"https:\/\/br.tereos.com\/pt-pt\/wp-json\/wp\/v2\/pages\/11325\/revisions\/11333"}],"up":[{"embeddable":true,"href":"https:\/\/br.tereos.com\/pt-pt\/wp-json\/wp\/v2\/pages\/9114"}],"wp:featuredmedia":[{"embeddable":true,"href":"https:\/\/br.tereos.com\/pt-pt\/wp-json\/wp\/v2\/media\/11326"}],"wp:attachment":[{"href":"https:\/\/br.tereos.com\/pt-pt\/wp-json\/wp\/v2\/media?parent=11325"}],"curies":[{"name":"wp","href":"https:\/\/api.w.org\/{rel}","templated":true}]}}