{"id":11126,"date":"2025-08-28T19:46:19","date_gmt":"2025-08-28T17:46:19","guid":{"rendered":"https:\/\/br.tereos.com\/?page_id=11126"},"modified":"2026-04-02T13:37:46","modified_gmt":"2026-04-02T16:37:46","slug":"fazendo-acontecer","status":"publish","type":"page","link":"https:\/\/br.tereos.com\/pt-pt\/fazendo-acontecer\/","title":{"rendered":""},"content":{"rendered":"","protected":false},"excerpt":{"rendered":"","protected":false},"author":278,"featured_media":11298,"parent":0,"menu_order":0,"comment_status":"closed","ping_status":"closed","template":"page-editorial.php","meta":{"_acf_changed":false,"footnotes":""},"class_list":["post-11126","page","type-page","status-publish","has-post-thumbnail","hentry"],"acf":{"is_story":false,"is_testimonial":false,"cover_mode":"classic","cover_image":11298,"cover_video_clone":{"cover_mode":"classic","cover_image":11298},"subtitle":"","subtitle_clone":{"subtitle":""},"headline":"","headline_clone":{"headline":""},"has_anchors":true,"sections":[{"acf_fc_layout":"rich_text","anchor_title":"O Programa","text":"<p><img loading=\"lazy\" decoding=\"async\" class=\"aligncenter wp-image-11268 size-full\" src=\"https:\/\/www.tereos.com\/app\/uploads\/sites\/7\/2025\/08\/topo-2-com-foto-novo.png\" alt=\"\" width=\"2560\" height=\"1309\" srcset=\"https:\/\/www.tereos.com\/app\/uploads\/sites\/7\/2025\/08\/topo-2-com-foto-novo.png 2560w, https:\/\/www.tereos.com\/app\/uploads\/sites\/7\/2025\/08\/topo-2-com-foto-novo-300x153.png 300w, https:\/\/www.tereos.com\/app\/uploads\/sites\/7\/2025\/08\/topo-2-com-foto-novo-1536x785.png 1536w, https:\/\/www.tereos.com\/app\/uploads\/sites\/7\/2025\/08\/topo-2-com-foto-novo-2048x1047.png 2048w\" sizes=\"(max-width: 2560px) 100vw, 2560px\" \/><\/p>\n"},{"acf_fc_layout":"rich_text","anchor_title":"Pilares de Atua\u00e7\u00e3o","text":"<p><img loading=\"lazy\" decoding=\"async\" class=\"aligncenter size-full wp-image-11382\" src=\"https:\/\/www.tereos.com\/app\/uploads\/sites\/7\/2025\/08\/pilares-novo.png\" alt=\"\" width=\"2560\" height=\"1410\" srcset=\"https:\/\/www.tereos.com\/app\/uploads\/sites\/7\/2025\/08\/pilares-novo.png 2560w, https:\/\/www.tereos.com\/app\/uploads\/sites\/7\/2025\/08\/pilares-novo-300x165.png 300w, https:\/\/www.tereos.com\/app\/uploads\/sites\/7\/2025\/08\/pilares-novo-1536x846.png 1536w, https:\/\/www.tereos.com\/app\/uploads\/sites\/7\/2025\/08\/pilares-novo-2048x1128.png 2048w\" sizes=\"(max-width: 2560px) 100vw, 2560px\" \/><\/p>\n"},{"acf_fc_layout":"rich_text","anchor_title":"","text":"<p><img loading=\"lazy\" decoding=\"async\" class=\"aligncenter size-full wp-image-11304\" src=\"https:\/\/www.tereos.com\/app\/uploads\/sites\/7\/2025\/08\/unidos-pelo-proposito-2-copiar.png\" alt=\"\" width=\"1920\" height=\"663\" srcset=\"https:\/\/www.tereos.com\/app\/uploads\/sites\/7\/2025\/08\/unidos-pelo-proposito-2-copiar.png 1920w, https:\/\/www.tereos.com\/app\/uploads\/sites\/7\/2025\/08\/unidos-pelo-proposito-2-copiar-300x104.png 300w, https:\/\/www.tereos.com\/app\/uploads\/sites\/7\/2025\/08\/unidos-pelo-proposito-2-copiar-1536x530.png 1536w\" sizes=\"(max-width: 1920px) 100vw, 1920px\" \/><\/p>\n"},{"acf_fc_layout":"media","anchor_title":"","type":"video","video":"<iframe class=\"embed-responsive-item\" title=\"Programa Tereos Fazendo Acontecer\" src=\"https:\/\/www.youtube.com\/embed\/H1n0jP7BhA4?feature=oembed\" frameborder=\"0\" allow=\"accelerometer; autoplay; clipboard-write; encrypted-media; gyroscope; picture-in-picture; web-share\" referrerpolicy=\"strict-origin-when-cross-origin\" allowfullscreen allow=\"autoplay; encrypted-media\"><\/iframe>","image":false,"caption":"","is_downloadable":false,"items":[{"image":11239,"caption":"","is_downloadable":false},{"image":11235,"caption":"","is_downloadable":false},{"image":11237,"caption":"","is_downloadable":false}]},{"acf_fc_layout":"media","anchor_title":"Depoimentos","type":"slider","video":"","image":11359,"caption":"","is_downloadable":false,"items":[{"image":11407,"caption":"","is_downloadable":false},{"image":11413,"caption":"","is_downloadable":false},{"image":11409,"caption":"","is_downloadable":false},{"image":11411,"caption":"","is_downloadable":false},{"image":11415,"caption":"","is_downloadable":false},{"image":11417,"caption":"","is_downloadable":false}]},{"acf_fc_layout":"media","anchor_title":"","type":"video","video":"<iframe class=\"embed-responsive-item\" title=\"Tereos Fazendo Acontecer | Lar de Idosos\" src=\"https:\/\/www.youtube.com\/embed\/NE1KR03RjAQ?feature=oembed\" frameborder=\"0\" allow=\"accelerometer; autoplay; clipboard-write; encrypted-media; gyroscope; picture-in-picture; web-share\" referrerpolicy=\"strict-origin-when-cross-origin\" allowfullscreen allow=\"autoplay; encrypted-media\"><\/iframe>","image":false,"caption":"","is_downloadable":false,"items":[{"image":11270,"caption":"Plantio de mudas de \u00e1rvores nativas","is_downloadable":false},{"image":11273,"caption":"Plantio de mudas de \u00e1rvores nativas","is_downloadable":false},{"image":11275,"caption":"Conscientiza\u00e7\u00e3o sobre preven\u00e7\u00e3o de inc\u00eandios","is_downloadable":false},{"image":11276,"caption":"Limpeza das margens de rios","is_downloadable":false},{"image":11280,"caption":"Limpeza das margens de rios","is_downloadable":false},{"image":11283,"caption":"Conscientiza\u00e7\u00e3o sobre preven\u00e7\u00e3o de inc\u00eandios","is_downloadable":false},{"image":11284,"caption":"Plantio de mudas de \u00e1rvores nativas","is_downloadable":false},{"image":11286,"caption":"Plantio de mudas de \u00e1rvores nativas","is_downloadable":false},{"image":11287,"caption":"Doa\u00e7\u00e3o de sangue","is_downloadable":false},{"image":11288,"caption":"Doa\u00e7\u00e3o de sangue","is_downloadable":false},{"image":11290,"caption":"Visita de estudantes ao Viveiro de Mudas Nativas na Tereos","is_downloadable":false}]},{"acf_fc_layout":"media","anchor_title":"Nossas A\u00e7\u00f5es","type":"slider","video":"","image":false,"caption":"","is_downloadable":false,"items":[{"image":11270,"caption":"Plantio de mudas de \u00e1rvores nativas","is_downloadable":false},{"image":11273,"caption":"Plantio de mudas de \u00e1rvores nativas","is_downloadable":false},{"image":11275,"caption":"Conscientiza\u00e7\u00e3o sobre preven\u00e7\u00e3o de inc\u00eandios","is_downloadable":false},{"image":11276,"caption":"Limpeza das margens de rios","is_downloadable":false},{"image":11280,"caption":"Limpeza das margens de rios","is_downloadable":false},{"image":11283,"caption":"Conscientiza\u00e7\u00e3o sobre preven\u00e7\u00e3o de inc\u00eandios","is_downloadable":false},{"image":11284,"caption":"Plantio de mudas de \u00e1rvores nativas","is_downloadable":false},{"image":11286,"caption":"Plantio de mudas de \u00e1rvores nativas","is_downloadable":false},{"image":11287,"caption":"Doa\u00e7\u00e3o de sangue","is_downloadable":false},{"image":11288,"caption":"Doa\u00e7\u00e3o de sangue","is_downloadable":false},{"image":11290,"caption":"Visita de estudantes ao Viveiro de Mudas Nativas na Tereos","is_downloadable":false},{"image":11546,"caption":"Visita Lar de Idosos Barretos","is_downloadable":false},{"image":11544,"caption":"Visita Lar de Idosos Nova Granada","is_downloadable":false},{"image":11542,"caption":"Visita Lar de Idosos Tanabi","is_downloadable":false},{"image":11621,"caption":"Dia do Rio - Plantio de mudas nativas I Guaraci","is_downloadable":false},{"image":11623,"caption":"Dia do Rio - Plantio de mudas nativas I Guaraci","is_downloadable":false},{"image":11625,"caption":"Dia do Rio - Plantio de mudas nativas I Guaraci","is_downloadable":false},{"image":11627,"caption":"","is_downloadable":false},{"image":11629,"caption":"Dia do Rio - Plantio de mudas nativas I Guaraci","is_downloadable":false},{"image":11631,"caption":"Dia do Rio - Plantio de mudas nativas I Guaraci","is_downloadable":false},{"image":11633,"caption":"Dia do Rio - Plantio de mudas nativas I Guaraci","is_downloadable":false},{"image":11635,"caption":"Dia do Rio - Plantio de mudas nativas I Guaraci","is_downloadable":false},{"image":11637,"caption":"Dia do Rio - Plantio de mudas nativas I Guaraci","is_downloadable":false},{"image":11644,"caption":"Doa\u00e7\u00e3o de Brinquedos - Servi\u00e7o Social S\u00e3o Judas","is_downloadable":false},{"image":11650,"caption":"Doa\u00e7\u00e3o de Brinquedos - Servi\u00e7o Social S\u00e3o Judas","is_downloadable":false},{"image":11652,"caption":"Doa\u00e7\u00e3o de Brinquedos - Servi\u00e7o Social S\u00e3o Judas","is_downloadable":false},{"image":11654,"caption":"Doa\u00e7\u00e3o de Brinquedos - Servi\u00e7o Social S\u00e3o Judas","is_downloadable":false},{"image":11840,"caption":"Dia da \u00c1gua - Revitaliza\u00e7\u00e3o de muro escolar | Ol\u00edmpia","is_downloadable":false},{"image":11844,"caption":"Dia da \u00c1gua - Revitaliza\u00e7\u00e3o de muro escolar | Ol\u00edmpia","is_downloadable":false},{"image":11846,"caption":"Dia da \u00c1gua - Revitaliza\u00e7\u00e3o de muro escolar | Ol\u00edmpia","is_downloadable":false}]},{"acf_fc_layout":"rich_text","anchor_title":"","text":"<p><img loading=\"lazy\" decoding=\"async\" class=\"aligncenter size-full wp-image-11372\" src=\"https:\/\/www.tereos.com\/app\/uploads\/sites\/7\/2025\/08\/encerramento-site.png\" alt=\"\" width=\"2373\" height=\"819\" srcset=\"https:\/\/www.tereos.com\/app\/uploads\/sites\/7\/2025\/08\/encerramento-site.png 2373w, https:\/\/www.tereos.com\/app\/uploads\/sites\/7\/2025\/08\/encerramento-site-300x104.png 300w, https:\/\/www.tereos.com\/app\/uploads\/sites\/7\/2025\/08\/encerramento-site-1536x530.png 1536w, https:\/\/www.tereos.com\/app\/uploads\/sites\/7\/2025\/08\/encerramento-site-2048x707.png 2048w\" sizes=\"(max-width: 2373px) 100vw, 2373px\" \/><\/p>\n"}],"flexible_editorial_clone":{"has_anchors":true,"sections":[{"acf_fc_layout":"rich_text","anchor_title":"O Programa","text":"<p><img loading=\"lazy\" decoding=\"async\" class=\"aligncenter wp-image-11268 size-full\" src=\"https:\/\/www.tereos.com\/app\/uploads\/sites\/7\/2025\/08\/topo-2-com-foto-novo.png\" alt=\"\" width=\"2560\" height=\"1309\" srcset=\"https:\/\/www.tereos.com\/app\/uploads\/sites\/7\/2025\/08\/topo-2-com-foto-novo.png 2560w, https:\/\/www.tereos.com\/app\/uploads\/sites\/7\/2025\/08\/topo-2-com-foto-novo-300x153.png 300w, https:\/\/www.tereos.com\/app\/uploads\/sites\/7\/2025\/08\/topo-2-com-foto-novo-1536x785.png 1536w, https:\/\/www.tereos.com\/app\/uploads\/sites\/7\/2025\/08\/topo-2-com-foto-novo-2048x1047.png 2048w\" sizes=\"(max-width: 2560px) 100vw, 2560px\" \/><\/p>\n"},{"acf_fc_layout":"rich_text","anchor_title":"Pilares de Atua\u00e7\u00e3o","text":"<p><img loading=\"lazy\" decoding=\"async\" class=\"aligncenter size-full wp-image-11382\" src=\"https:\/\/www.tereos.com\/app\/uploads\/sites\/7\/2025\/08\/pilares-novo.png\" alt=\"\" width=\"2560\" height=\"1410\" srcset=\"https:\/\/www.tereos.com\/app\/uploads\/sites\/7\/2025\/08\/pilares-novo.png 2560w, https:\/\/www.tereos.com\/app\/uploads\/sites\/7\/2025\/08\/pilares-novo-300x165.png 300w, https:\/\/www.tereos.com\/app\/uploads\/sites\/7\/2025\/08\/pilares-novo-1536x846.png 1536w, https:\/\/www.tereos.com\/app\/uploads\/sites\/7\/2025\/08\/pilares-novo-2048x1128.png 2048w\" sizes=\"(max-width: 2560px) 100vw, 2560px\" \/><\/p>\n"},{"acf_fc_layout":"rich_text","anchor_title":"","text":"<p><img loading=\"lazy\" decoding=\"async\" class=\"aligncenter size-full wp-image-11304\" src=\"https:\/\/www.tereos.com\/app\/uploads\/sites\/7\/2025\/08\/unidos-pelo-proposito-2-copiar.png\" alt=\"\" width=\"1920\" height=\"663\" srcset=\"https:\/\/www.tereos.com\/app\/uploads\/sites\/7\/2025\/08\/unidos-pelo-proposito-2-copiar.png 1920w, https:\/\/www.tereos.com\/app\/uploads\/sites\/7\/2025\/08\/unidos-pelo-proposito-2-copiar-300x104.png 300w, https:\/\/www.tereos.com\/app\/uploads\/sites\/7\/2025\/08\/unidos-pelo-proposito-2-copiar-1536x530.png 1536w\" sizes=\"(max-width: 1920px) 100vw, 1920px\" \/><\/p>\n"},{"acf_fc_layout":"media","anchor_title":"","type":"video","video":"<iframe class=\"embed-responsive-item\" title=\"Programa Tereos Fazendo Acontecer\" src=\"https:\/\/www.youtube.com\/embed\/H1n0jP7BhA4?feature=oembed\" frameborder=\"0\" allow=\"accelerometer; autoplay; clipboard-write; encrypted-media; gyroscope; picture-in-picture; web-share\" referrerpolicy=\"strict-origin-when-cross-origin\" allowfullscreen allow=\"autoplay; encrypted-media\"><\/iframe>","image":false,"caption":"","is_downloadable":false,"items":[{"image":11239,"caption":"","is_downloadable":false},{"image":11235,"caption":"","is_downloadable":false},{"image":11237,"caption":"","is_downloadable":false}]},{"acf_fc_layout":"media","anchor_title":"Depoimentos","type":"slider","video":"","image":11359,"caption":"","is_downloadable":false,"items":[{"image":11407,"caption":"","is_downloadable":false},{"image":11413,"caption":"","is_downloadable":false},{"image":11409,"caption":"","is_downloadable":false},{"image":11411,"caption":"","is_downloadable":false},{"image":11415,"caption":"","is_downloadable":false},{"image":11417,"caption":"","is_downloadable":false}]},{"acf_fc_layout":"media","anchor_title":"","type":"video","video":"<iframe class=\"embed-responsive-item\" title=\"Tereos Fazendo Acontecer | Lar de Idosos\" src=\"https:\/\/www.youtube.com\/embed\/NE1KR03RjAQ?feature=oembed\" frameborder=\"0\" allow=\"accelerometer; autoplay; clipboard-write; encrypted-media; gyroscope; picture-in-picture; web-share\" referrerpolicy=\"strict-origin-when-cross-origin\" allowfullscreen allow=\"autoplay; encrypted-media\"><\/iframe>","image":false,"caption":"","is_downloadable":false,"items":[{"image":11270,"caption":"Plantio de mudas de \u00e1rvores nativas","is_downloadable":false},{"image":11273,"caption":"Plantio de mudas de \u00e1rvores nativas","is_downloadable":false},{"image":11275,"caption":"Conscientiza\u00e7\u00e3o sobre preven\u00e7\u00e3o de inc\u00eandios","is_downloadable":false},{"image":11276,"caption":"Limpeza das margens de rios","is_downloadable":false},{"image":11280,"caption":"Limpeza das margens de rios","is_downloadable":false},{"image":11283,"caption":"Conscientiza\u00e7\u00e3o sobre preven\u00e7\u00e3o de inc\u00eandios","is_downloadable":false},{"image":11284,"caption":"Plantio de mudas de \u00e1rvores nativas","is_downloadable":false},{"image":11286,"caption":"Plantio de mudas de \u00e1rvores nativas","is_downloadable":false},{"image":11287,"caption":"Doa\u00e7\u00e3o de sangue","is_downloadable":false},{"image":11288,"caption":"Doa\u00e7\u00e3o de sangue","is_downloadable":false},{"image":11290,"caption":"Visita de estudantes ao Viveiro de Mudas Nativas na Tereos","is_downloadable":false}]},{"acf_fc_layout":"media","anchor_title":"Nossas A\u00e7\u00f5es","type":"slider","video":"","image":false,"caption":"","is_downloadable":false,"items":[{"image":11270,"caption":"Plantio de mudas de \u00e1rvores nativas","is_downloadable":false},{"image":11273,"caption":"Plantio de mudas de \u00e1rvores nativas","is_downloadable":false},{"image":11275,"caption":"Conscientiza\u00e7\u00e3o sobre preven\u00e7\u00e3o de inc\u00eandios","is_downloadable":false},{"image":11276,"caption":"Limpeza das margens de rios","is_downloadable":false},{"image":11280,"caption":"Limpeza das margens de rios","is_downloadable":false},{"image":11283,"caption":"Conscientiza\u00e7\u00e3o sobre preven\u00e7\u00e3o de inc\u00eandios","is_downloadable":false},{"image":11284,"caption":"Plantio de mudas de \u00e1rvores nativas","is_downloadable":false},{"image":11286,"caption":"Plantio de mudas de \u00e1rvores nativas","is_downloadable":false},{"image":11287,"caption":"Doa\u00e7\u00e3o de sangue","is_downloadable":false},{"image":11288,"caption":"Doa\u00e7\u00e3o de sangue","is_downloadable":false},{"image":11290,"caption":"Visita de estudantes ao Viveiro de Mudas Nativas na Tereos","is_downloadable":false},{"image":11546,"caption":"Visita Lar de Idosos Barretos","is_downloadable":false},{"image":11544,"caption":"Visita Lar de Idosos Nova Granada","is_downloadable":false},{"image":11542,"caption":"Visita Lar de Idosos Tanabi","is_downloadable":false},{"image":11621,"caption":"Dia do Rio - Plantio de mudas nativas I Guaraci","is_downloadable":false},{"image":11623,"caption":"Dia do Rio - Plantio de mudas nativas I Guaraci","is_downloadable":false},{"image":11625,"caption":"Dia do Rio - Plantio de mudas nativas I Guaraci","is_downloadable":false},{"image":11627,"caption":"","is_downloadable":false},{"image":11629,"caption":"Dia do Rio - Plantio de mudas nativas I Guaraci","is_downloadable":false},{"image":11631,"caption":"Dia do Rio - Plantio de mudas nativas I Guaraci","is_downloadable":false},{"image":11633,"caption":"Dia do Rio - Plantio de mudas nativas I Guaraci","is_downloadable":false},{"image":11635,"caption":"Dia do Rio - Plantio de mudas nativas I Guaraci","is_downloadable":false},{"image":11637,"caption":"Dia do Rio - Plantio de mudas nativas I Guaraci","is_downloadable":false},{"image":11644,"caption":"Doa\u00e7\u00e3o de Brinquedos - Servi\u00e7o Social S\u00e3o Judas","is_downloadable":false},{"image":11650,"caption":"Doa\u00e7\u00e3o de Brinquedos - Servi\u00e7o Social S\u00e3o Judas","is_downloadable":false},{"image":11652,"caption":"Doa\u00e7\u00e3o de Brinquedos - Servi\u00e7o Social S\u00e3o Judas","is_downloadable":false},{"image":11654,"caption":"Doa\u00e7\u00e3o de Brinquedos - Servi\u00e7o Social S\u00e3o Judas","is_downloadable":false},{"image":11840,"caption":"Dia da \u00c1gua - Revitaliza\u00e7\u00e3o de muro escolar | Ol\u00edmpia","is_downloadable":false},{"image":11844,"caption":"Dia da \u00c1gua - Revitaliza\u00e7\u00e3o de muro escolar | Ol\u00edmpia","is_downloadable":false},{"image":11846,"caption":"Dia da \u00c1gua - Revitaliza\u00e7\u00e3o de muro escolar | Ol\u00edmpia","is_downloadable":false}]},{"acf_fc_layout":"rich_text","anchor_title":"","text":"<p><img loading=\"lazy\" decoding=\"async\" class=\"aligncenter size-full wp-image-11372\" src=\"https:\/\/www.tereos.com\/app\/uploads\/sites\/7\/2025\/08\/encerramento-site.png\" alt=\"\" width=\"2373\" height=\"819\" srcset=\"https:\/\/www.tereos.com\/app\/uploads\/sites\/7\/2025\/08\/encerramento-site.png 2373w, https:\/\/www.tereos.com\/app\/uploads\/sites\/7\/2025\/08\/encerramento-site-300x104.png 300w, https:\/\/www.tereos.com\/app\/uploads\/sites\/7\/2025\/08\/encerramento-site-1536x530.png 1536w, https:\/\/www.tereos.com\/app\/uploads\/sites\/7\/2025\/08\/encerramento-site-2048x707.png 2048w\" sizes=\"(max-width: 2373px) 100vw, 2373px\" \/><\/p>\n"}]}},"yoast_head":"<!-- This site is optimized with the Yoast SEO plugin v23.7 - https:\/\/yoast.com\/wordpress\/plugins\/seo\/ -->\n<title>- Brasil<\/title>\n<meta name=\"robots\" content=\"index, follow, max-snippet:-1, max-image-preview:large, max-video-preview:-1\" \/>\n<link rel=\"canonical\" href=\"https:\/\/br.tereos.com\/pt-pt\/fazendo-acontecer\/\" \/>\n<meta property=\"og:locale\" content=\"pt_PT\" \/>\n<meta property=\"og:type\" content=\"article\" \/>\n<meta property=\"og:title\" content=\"- Brasil\" \/>\n<meta property=\"og:url\" content=\"https:\/\/br.tereos.com\/pt-pt\/fazendo-acontecer\/\" \/>\n<meta property=\"og:site_name\" content=\"Brasil\" \/>\n<meta property=\"article:modified_time\" content=\"2026-04-02T16:37:46+00:00\" \/>\n<meta property=\"og:image\" content=\"https:\/\/www.tereos.com\/app\/uploads\/sites\/7\/2025\/08\/topo-novo1.png\" \/>\n\t<meta property=\"og:image:width\" content=\"2560\" \/>\n\t<meta property=\"og:image:height\" content=\"977\" \/>\n\t<meta property=\"og:image:type\" content=\"image\/png\" \/>\n<meta name=\"twitter:card\" content=\"summary_large_image\" \/>\n<meta name=\"twitter:label1\" content=\"Est. reading time\" \/>\n\t<meta name=\"twitter:data1\" content=\"1 minute\" \/>\n<script type=\"application\/ld+json\" class=\"yoast-schema-graph\">{\"@context\":\"https:\/\/schema.org\",\"@graph\":[{\"@type\":\"WebPage\",\"@id\":\"https:\/\/br.tereos.com\/pt-pt\/fazendo-acontecer\/\",\"url\":\"https:\/\/br.tereos.com\/pt-pt\/fazendo-acontecer\/\",\"name\":\"- Brasil\",\"isPartOf\":{\"@id\":\"https:\/\/br.tereos.com\/pt-pt\/#website\"},\"primaryImageOfPage\":{\"@id\":\"https:\/\/br.tereos.com\/pt-pt\/fazendo-acontecer\/#primaryimage\"},\"image\":{\"@id\":\"https:\/\/br.tereos.com\/pt-pt\/fazendo-acontecer\/#primaryimage\"},\"thumbnailUrl\":\"https:\/\/www.tereos.com\/app\/uploads\/sites\/7\/2025\/08\/topo-novo1.png\",\"datePublished\":\"2025-08-28T17:46:19+00:00\",\"dateModified\":\"2026-04-02T16:37:46+00:00\",\"inLanguage\":\"pt-PT\",\"potentialAction\":[{\"@type\":\"ReadAction\",\"target\":[\"https:\/\/br.tereos.com\/pt-pt\/fazendo-acontecer\/\"]}]},{\"@type\":\"ImageObject\",\"inLanguage\":\"pt-PT\",\"@id\":\"https:\/\/br.tereos.com\/pt-pt\/fazendo-acontecer\/#primaryimage\",\"url\":\"https:\/\/www.tereos.com\/app\/uploads\/sites\/7\/2025\/08\/topo-novo1.png\",\"contentUrl\":\"https:\/\/www.tereos.com\/app\/uploads\/sites\/7\/2025\/08\/topo-novo1.png\",\"width\":2560,\"height\":977},{\"@type\":\"WebSite\",\"@id\":\"https:\/\/br.tereos.com\/pt-pt\/#website\",\"url\":\"https:\/\/br.tereos.com\/pt-pt\/\",\"name\":\"Brasil\",\"description\":\"Un site utilisant WordPress\",\"potentialAction\":[{\"@type\":\"SearchAction\",\"target\":{\"@type\":\"EntryPoint\",\"urlTemplate\":\"https:\/\/br.tereos.com\/pt-pt\/?s={search_term_string}\"},\"query-input\":{\"@type\":\"PropertyValueSpecification\",\"valueRequired\":true,\"valueName\":\"search_term_string\"}}],\"inLanguage\":\"pt-PT\"}]}<\/script>\n<!-- \/ Yoast SEO plugin. -->","yoast_head_json":{"title":"- Brasil","robots":{"index":"index","follow":"follow","max-snippet":"max-snippet:-1","max-image-preview":"max-image-preview:large","max-video-preview":"max-video-preview:-1"},"canonical":"https:\/\/br.tereos.com\/pt-pt\/fazendo-acontecer\/","og_locale":"pt_PT","og_type":"article","og_title":"- Brasil","og_url":"https:\/\/br.tereos.com\/pt-pt\/fazendo-acontecer\/","og_site_name":"Brasil","article_modified_time":"2026-04-02T16:37:46+00:00","og_image":[{"width":2560,"height":977,"url":"https:\/\/www.tereos.com\/app\/uploads\/sites\/7\/2025\/08\/topo-novo1.png","type":"image\/png"}],"twitter_card":"summary_large_image","twitter_misc":{"Est. reading time":"1 minute"},"schema":{"@context":"https:\/\/schema.org","@graph":[{"@type":"WebPage","@id":"https:\/\/br.tereos.com\/pt-pt\/fazendo-acontecer\/","url":"https:\/\/br.tereos.com\/pt-pt\/fazendo-acontecer\/","name":"- Brasil","isPartOf":{"@id":"https:\/\/br.tereos.com\/pt-pt\/#website"},"primaryImageOfPage":{"@id":"https:\/\/br.tereos.com\/pt-pt\/fazendo-acontecer\/#primaryimage"},"image":{"@id":"https:\/\/br.tereos.com\/pt-pt\/fazendo-acontecer\/#primaryimage"},"thumbnailUrl":"https:\/\/www.tereos.com\/app\/uploads\/sites\/7\/2025\/08\/topo-novo1.png","datePublished":"2025-08-28T17:46:19+00:00","dateModified":"2026-04-02T16:37:46+00:00","inLanguage":"pt-PT","potentialAction":[{"@type":"ReadAction","target":["https:\/\/br.tereos.com\/pt-pt\/fazendo-acontecer\/"]}]},{"@type":"ImageObject","inLanguage":"pt-PT","@id":"https:\/\/br.tereos.com\/pt-pt\/fazendo-acontecer\/#primaryimage","url":"https:\/\/www.tereos.com\/app\/uploads\/sites\/7\/2025\/08\/topo-novo1.png","contentUrl":"https:\/\/www.tereos.com\/app\/uploads\/sites\/7\/2025\/08\/topo-novo1.png","width":2560,"height":977},{"@type":"WebSite","@id":"https:\/\/br.tereos.com\/pt-pt\/#website","url":"https:\/\/br.tereos.com\/pt-pt\/","name":"Brasil","description":"Un site utilisant WordPress","potentialAction":[{"@type":"SearchAction","target":{"@type":"EntryPoint","urlTemplate":"https:\/\/br.tereos.com\/pt-pt\/?s={search_term_string}"},"query-input":{"@type":"PropertyValueSpecification","valueRequired":true,"valueName":"search_term_string"}}],"inLanguage":"pt-PT"}]}},"_links":{"self":[{"href":"https:\/\/br.tereos.com\/pt-pt\/wp-json\/wp\/v2\/pages\/11126"}],"collection":[{"href":"https:\/\/br.tereos.com\/pt-pt\/wp-json\/wp\/v2\/pages"}],"about":[{"href":"https:\/\/br.tereos.com\/pt-pt\/wp-json\/wp\/v2\/types\/page"}],"author":[{"embeddable":true,"href":"https:\/\/br.tereos.com\/pt-pt\/wp-json\/wp\/v2\/users\/278"}],"replies":[{"embeddable":true,"href":"https:\/\/br.tereos.com\/pt-pt\/wp-json\/wp\/v2\/comments?post=11126"}],"version-history":[{"count":3,"href":"https:\/\/br.tereos.com\/pt-pt\/wp-json\/wp\/v2\/pages\/11126\/revisions"}],"predecessor-version":[{"id":11848,"href":"https:\/\/br.tereos.com\/pt-pt\/wp-json\/wp\/v2\/pages\/11126\/revisions\/11848"}],"wp:featuredmedia":[{"embeddable":true,"href":"https:\/\/br.tereos.com\/pt-pt\/wp-json\/wp\/v2\/media\/11298"}],"wp:attachment":[{"href":"https:\/\/br.tereos.com\/pt-pt\/wp-json\/wp\/v2\/media?parent=11126"}],"curies":[{"name":"wp","href":"https:\/\/api.w.org\/{rel}","templated":true}]}}