{"id":10361,"date":"2024-06-24T09:58:52","date_gmt":"2024-06-24T07:58:52","guid":{"rendered":"https:\/\/br.tereos.com\/?page_id=10361"},"modified":"2025-03-28T22:21:34","modified_gmt":"2025-03-28T21:21:34","slug":"nosso-proposito","status":"publish","type":"page","link":"https:\/\/br.tereos.com\/pt-pt\/nosso-proposito\/","title":{"rendered":"Nosso prop\u00f3sito"},"content":{"rendered":"","protected":false},"excerpt":{"rendered":"","protected":false},"author":1962,"featured_media":10723,"parent":0,"menu_order":0,"comment_status":"closed","ping_status":"closed","template":"page-editorial.php","meta":{"_acf_changed":false,"footnotes":""},"class_list":["post-10361","page","type-page","status-publish","has-post-thumbnail","hentry"],"acf":{"is_story":false,"is_testimonial":false,"cover_mode":"classic","cover_image":10723,"cover_video_clone":{"cover_mode":"classic","cover_image":10723},"subtitle":"","subtitle_clone":{"subtitle":""},"headline":"","headline_clone":{"headline":""},"has_anchors":false,"sections":[{"acf_fc_layout":"rich_text","anchor_title":"","text":"<h1 style=\"text-align: center\"><strong>Manifesto<\/strong><\/h1>\n<p style=\"text-align: center\">Cultivar. Sempre foi a nossa paix\u00e3o.\u00a0<span data-contrast=\"none\"><br \/>\nTodos os dias, n\u00e3o importa o tempo, n\u00f3s cuidamos da Terra e das pessoas.\u00a0<\/span><span data-ccp-props=\"{&quot;335551550&quot;:6,&quot;335551620&quot;:6}\">\u00a0<\/span><\/p>\n<p style=\"text-align: center\">Cultivar. Para a Tereos, \u00e9 o nosso prop\u00f3sito.<span data-contrast=\"none\"><br \/>\nUm prop\u00f3sito verdadeiro, poderoso e compartilhado.<\/span><span data-ccp-props=\"{&quot;335551550&quot;:6,&quot;335551620&quot;:6}\">\u00a0<\/span><span data-contrast=\"none\">De quem produz e transforma as mat\u00e9rias-primas vegetais, com pragmatismo e excel\u00eancia. Sempre voltados para o futuro e para a alta performance. Para nos orgulharmos da nossa presen\u00e7a na vida das pessoas.<\/span><span data-ccp-props=\"{&quot;335551550&quot;:6,&quot;335551620&quot;:6}\">\u00a0<\/span><\/p>\n<p style=\"text-align: center\">Cultivar tamb\u00e9m significa colaborar.<span data-contrast=\"none\"><br \/>\nDo campo \u00e0 ind\u00fastria, dos produtores aos colaboradores at\u00e9 os nossos clientes, somos guiados por nossa expertise e ousadia. Juntos, cultivamos talentos para que, amanh\u00e3, mais pessoas se juntem \u00e0 nossa jornada.\u202f<\/span><span data-ccp-props=\"{&quot;335551550&quot;:6,&quot;335551620&quot;:6}\">\u00a0<\/span><\/p>\n<p style=\"text-align: center\">E finalmente, cultivar significa fortalecer nossos la\u00e7os com a Natureza, protegendo\u00a0 nossos recursos.<span data-contrast=\"none\"><br \/>\nN\u00f3s sabemos que devemos cuidar do planeta. Pois o nosso futuro depende dele.<\/span><span data-ccp-props=\"{&quot;335551550&quot;:6,&quot;335551620&quot;:6}\">\u00a0<\/span><\/p>\n<p style=\"text-align: center\"><b><span data-contrast=\"none\">&#8220;Cultivar um futuro compartilhado para o planeta e para as pessoas, atendendo \u00e0s necessidades di\u00e1rias da vida&#8221;<\/span><\/b><span data-ccp-props=\"{&quot;335551550&quot;:6,&quot;335551620&quot;:6}\">\u00a0<\/span><\/p>\n<p style=\"text-align: center\"><span data-contrast=\"none\">Esta \u00e9 nosso <span class=\"ui-provider a b c d e f g h i j k l m n o p q r s t u v w x y z ab ac ae af ag ah ai aj ak\" dir=\"ltr\">prop\u00f3sito<\/span>.<\/span><span data-ccp-props=\"{}\">\u00a0<\/span><\/p>\n"},{"acf_fc_layout":"media","anchor_title":"","type":"video","video":"<iframe class=\"embed-responsive-item\" title=\"Tereos | Nosso Prop\u00f3sito\" src=\"https:\/\/www.youtube.com\/embed\/hHJOeppnCVM?feature=oembed\" frameborder=\"0\" allow=\"accelerometer; autoplay; clipboard-write; encrypted-media; gyroscope; picture-in-picture; web-share\" referrerpolicy=\"strict-origin-when-cross-origin\" allowfullscreen allow=\"autoplay; encrypted-media\"><\/iframe>","image":false,"caption":"","is_downloadable":false,"items":false},{"acf_fc_layout":"rich_text","anchor_title":"","text":"<h1 style=\"text-align: center\">Prop\u00f3sito<\/h1>\n<h2 style=\"text-align: left\"><strong>Cultivar<\/strong><\/h2>\n<p style=\"text-align: left\">Cultivamos as profiss\u00f5es do planeta. \u00c9 uma profiss\u00e3o que vem do cora\u00e7\u00e3o, um estado de esp\u00edrito e uma paix\u00e3o. Cultivar significa semear, colher e cultivar talentos, nos preparando para o futuro. A natureza vem em primeiro lugar, mas precisa da cultivo, em todas as suas dimens\u00f5es. Cultivar \u00e9 o motor da nossa a\u00e7\u00e3o.<\/p>\n<p><img loading=\"lazy\" decoding=\"async\" class=\"alignnone wp-image-10393\" src=\"https:\/\/www.tereos.com\/app\/uploads\/sites\/7\/2024\/06\/banniere-site-corpo-cultiver-300x175.png\" alt=\"\" width=\"579\" height=\"338\" srcset=\"https:\/\/www.tereos.com\/app\/uploads\/sites\/7\/2024\/06\/banniere-site-corpo-cultiver-300x175.png 300w, https:\/\/www.tereos.com\/app\/uploads\/sites\/7\/2024\/06\/banniere-site-corpo-cultiver-1536x897.png 1536w, https:\/\/www.tereos.com\/app\/uploads\/sites\/7\/2024\/06\/banniere-site-corpo-cultiver-2048x1195.png 2048w\" sizes=\"(max-width: 579px) 100vw, 579px\" \/><\/p>\n<h2><\/h2>\n<p>&nbsp;<\/p>\n<h2 style=\"text-align: right\"><strong>um futuro compartilhado<\/strong><\/h2>\n<p style=\"text-align: right\">Cultivamos para o presente\u2026 e para o futuro. Nossas pr\u00e1ticas agr\u00edcolas respons\u00e1veis e resilientes nos preparam para nos adaptarmos \u00e0s mudan\u00e7as no clima, nos padr\u00f5es de consumo e nas tecnologias. Estamos coletivamente envolvidos, como empresa, na sociedade.<\/p>\n<p style=\"text-align: right\"><img loading=\"lazy\" decoding=\"async\" class=\"alignnone wp-image-10396\" src=\"https:\/\/www.tereos.com\/app\/uploads\/sites\/7\/2024\/06\/banniere-site-corpo-un-avenir-commun-300x175.png\" alt=\"\" width=\"586\" height=\"342\" srcset=\"https:\/\/www.tereos.com\/app\/uploads\/sites\/7\/2024\/06\/banniere-site-corpo-un-avenir-commun-300x175.png 300w, https:\/\/www.tereos.com\/app\/uploads\/sites\/7\/2024\/06\/banniere-site-corpo-un-avenir-commun-1536x897.png 1536w, https:\/\/www.tereos.com\/app\/uploads\/sites\/7\/2024\/06\/banniere-site-corpo-un-avenir-commun-2048x1195.png 2048w\" sizes=\"(max-width: 586px) 100vw, 586px\" \/><\/p>\n<p>&nbsp;<\/p>\n<h2 style=\"text-align: left\"><strong>para o planeta e para as pessoas<\/strong><\/h2>\n<p>Sem o planeta, n\u00e3o h\u00e1 agricultura e nem vida. \u00c9 na terra que a Tereos cresce. \u00c9 nela que tudo come\u00e7a, com nossas mat\u00e9rias-primas vegetais. A terra d\u00e1 nome \u00e0 nossa cooperativa: Tereos. Al\u00e9m do planeta, contamos com as pessoas, com as mulheres e homens que s\u00e3o nossos cooperados, nossos colaboradores, nossos parceiros, nossos clientes e consumidores. S\u00e3o os cidad\u00e3os e as comunidades das regi\u00f5es em que operamos. \u201cPara o planeta e para as pessoas\u2026\u201d enfatiza a nossa interdepend\u00eancia e reciprocidade que rege as nossas rela\u00e7\u00f5es e que confere humanidade \u00e0 nossa a\u00e7\u00e3o.<\/p>\n<p><img loading=\"lazy\" decoding=\"async\" class=\"alignnone wp-image-10394\" src=\"https:\/\/www.tereos.com\/app\/uploads\/sites\/7\/2024\/06\/banniere-site-corpo-pour-la-terre-et-les-hommes-300x175.png\" alt=\"\" width=\"586\" height=\"342\" srcset=\"https:\/\/www.tereos.com\/app\/uploads\/sites\/7\/2024\/06\/banniere-site-corpo-pour-la-terre-et-les-hommes-300x175.png 300w, https:\/\/www.tereos.com\/app\/uploads\/sites\/7\/2024\/06\/banniere-site-corpo-pour-la-terre-et-les-hommes-1536x897.png 1536w, https:\/\/www.tereos.com\/app\/uploads\/sites\/7\/2024\/06\/banniere-site-corpo-pour-la-terre-et-les-hommes-2048x1195.png 2048w\" sizes=\"(max-width: 586px) 100vw, 586px\" \/><\/p>\n<p>&nbsp;<\/p>\n<p>&nbsp;<\/p>\n<h2 style=\"text-align: right\"><strong>atendendo \u00e0s necessidades di\u00e1rias essenciais da vida.<\/strong><\/h2>\n<p style=\"text-align: right\">Essa \u00faltima parte expressa toda a nossa compet\u00eancia, o servi\u00e7o que prestamos diretamente aos consumidores. Ela fala do nosso orgulho em colocar no mercado produtos \u00fateis para a vida. Alimentos, energia, nutri\u00e7\u00e3o animal, qu\u00edmica verde, farm\u00e1cia e cosm\u00e9ticos, papel e papel\u00e3o\u2026 atendemos a muitas necessidades do dia a dia.<\/p>\n<p style=\"text-align: right\"><img loading=\"lazy\" decoding=\"async\" class=\"alignnone wp-image-10392\" src=\"https:\/\/www.tereos.com\/app\/uploads\/sites\/7\/2024\/06\/banniere-site-corpo-besoins-essentiels-du-quotidien-300x175.png\" alt=\"\" width=\"574\" height=\"335\" srcset=\"https:\/\/www.tereos.com\/app\/uploads\/sites\/7\/2024\/06\/banniere-site-corpo-besoins-essentiels-du-quotidien-300x175.png 300w, https:\/\/www.tereos.com\/app\/uploads\/sites\/7\/2024\/06\/banniere-site-corpo-besoins-essentiels-du-quotidien-1536x897.png 1536w, https:\/\/www.tereos.com\/app\/uploads\/sites\/7\/2024\/06\/banniere-site-corpo-besoins-essentiels-du-quotidien-2048x1195.png 2048w\" sizes=\"(max-width: 574px) 100vw, 574px\" \/><\/p>\n<p>&nbsp;<\/p>\n"},{"acf_fc_layout":"rich_text","anchor_title":"","text":"<p>&nbsp;<\/p>\n<h1 style=\"text-align: center\"><strong><span class=\"TextRun SCXW199579742 BCX0\" lang=\"PT-BR\" xml:lang=\"PT-BR\" data-contrast=\"auto\"><span class=\"NormalTextRun SCXW199579742 BCX0\">Dia a dia, cultivando o futuro.<\/span><\/span><\/strong><\/h1>\n<p style=\"text-align: center\"><span class=\"ui-provider a b c d e f g h i j k l m n o p q r s t u v w x y z ab ac ae af ag ah ai aj ak\" dir=\"ltr\">Nossa assinatura desempenha um papel essencial na identidade da Tereos. Ela \u00e9 a express\u00e3o clara do nosso compromisso com nossos colaboradores, parceiros, clientes e comunidades das quais fazemos parte. Nossa assinatura \u00e9 uma maneira de comunicar e incorporar nossa missa\u0303o de uma forma memor\u00e1vel.<\/span><\/p>\n<p><img loading=\"lazy\" decoding=\"async\" class=\" wp-image-10365 aligncenter\" src=\"https:\/\/www.tereos.com\/app\/uploads\/sites\/7\/2024\/06\/logo-tereos-assinatura-rgb-300x133.jpg\" alt=\"\" width=\"266\" height=\"118\" srcset=\"https:\/\/www.tereos.com\/app\/uploads\/sites\/7\/2024\/06\/logo-tereos-assinatura-rgb-300x133.jpg 300w, https:\/\/www.tereos.com\/app\/uploads\/sites\/7\/2024\/06\/logo-tereos-assinatura-rgb-1536x683.jpg 1536w, https:\/\/www.tereos.com\/app\/uploads\/sites\/7\/2024\/06\/logo-tereos-assinatura-rgb-2048x910.jpg 2048w\" sizes=\"(max-width: 266px) 100vw, 266px\" \/><\/p>\n<p>&nbsp;<\/p>\n"}],"flexible_editorial_clone":{"has_anchors":false,"sections":[{"acf_fc_layout":"rich_text","anchor_title":"","text":"<h1 style=\"text-align: center\"><strong>Manifesto<\/strong><\/h1>\n<p style=\"text-align: center\">Cultivar. Sempre foi a nossa paix\u00e3o.\u00a0<span data-contrast=\"none\"><br \/>\nTodos os dias, n\u00e3o importa o tempo, n\u00f3s cuidamos da Terra e das pessoas.\u00a0<\/span><span data-ccp-props=\"{&quot;335551550&quot;:6,&quot;335551620&quot;:6}\">\u00a0<\/span><\/p>\n<p style=\"text-align: center\">Cultivar. Para a Tereos, \u00e9 o nosso prop\u00f3sito.<span data-contrast=\"none\"><br \/>\nUm prop\u00f3sito verdadeiro, poderoso e compartilhado.<\/span><span data-ccp-props=\"{&quot;335551550&quot;:6,&quot;335551620&quot;:6}\">\u00a0<\/span><span data-contrast=\"none\">De quem produz e transforma as mat\u00e9rias-primas vegetais, com pragmatismo e excel\u00eancia. Sempre voltados para o futuro e para a alta performance. Para nos orgulharmos da nossa presen\u00e7a na vida das pessoas.<\/span><span data-ccp-props=\"{&quot;335551550&quot;:6,&quot;335551620&quot;:6}\">\u00a0<\/span><\/p>\n<p style=\"text-align: center\">Cultivar tamb\u00e9m significa colaborar.<span data-contrast=\"none\"><br \/>\nDo campo \u00e0 ind\u00fastria, dos produtores aos colaboradores at\u00e9 os nossos clientes, somos guiados por nossa expertise e ousadia. Juntos, cultivamos talentos para que, amanh\u00e3, mais pessoas se juntem \u00e0 nossa jornada.\u202f<\/span><span data-ccp-props=\"{&quot;335551550&quot;:6,&quot;335551620&quot;:6}\">\u00a0<\/span><\/p>\n<p style=\"text-align: center\">E finalmente, cultivar significa fortalecer nossos la\u00e7os com a Natureza, protegendo\u00a0 nossos recursos.<span data-contrast=\"none\"><br \/>\nN\u00f3s sabemos que devemos cuidar do planeta. Pois o nosso futuro depende dele.<\/span><span data-ccp-props=\"{&quot;335551550&quot;:6,&quot;335551620&quot;:6}\">\u00a0<\/span><\/p>\n<p style=\"text-align: center\"><b><span data-contrast=\"none\">&#8220;Cultivar um futuro compartilhado para o planeta e para as pessoas, atendendo \u00e0s necessidades di\u00e1rias da vida&#8221;<\/span><\/b><span data-ccp-props=\"{&quot;335551550&quot;:6,&quot;335551620&quot;:6}\">\u00a0<\/span><\/p>\n<p style=\"text-align: center\"><span data-contrast=\"none\">Esta \u00e9 nosso <span class=\"ui-provider a b c d e f g h i j k l m n o p q r s t u v w x y z ab ac ae af ag ah ai aj ak\" dir=\"ltr\">prop\u00f3sito<\/span>.<\/span><span data-ccp-props=\"{}\">\u00a0<\/span><\/p>\n"},{"acf_fc_layout":"media","anchor_title":"","type":"video","video":"<iframe class=\"embed-responsive-item\" title=\"Tereos | Nosso Prop\u00f3sito\" src=\"https:\/\/www.youtube.com\/embed\/hHJOeppnCVM?feature=oembed\" frameborder=\"0\" allow=\"accelerometer; autoplay; clipboard-write; encrypted-media; gyroscope; picture-in-picture; web-share\" referrerpolicy=\"strict-origin-when-cross-origin\" allowfullscreen allow=\"autoplay; encrypted-media\"><\/iframe>","image":false,"caption":"","is_downloadable":false,"items":false},{"acf_fc_layout":"rich_text","anchor_title":"","text":"<h1 style=\"text-align: center\">Prop\u00f3sito<\/h1>\n<h2 style=\"text-align: left\"><strong>Cultivar<\/strong><\/h2>\n<p style=\"text-align: left\">Cultivamos as profiss\u00f5es do planeta. \u00c9 uma profiss\u00e3o que vem do cora\u00e7\u00e3o, um estado de esp\u00edrito e uma paix\u00e3o. Cultivar significa semear, colher e cultivar talentos, nos preparando para o futuro. A natureza vem em primeiro lugar, mas precisa da cultivo, em todas as suas dimens\u00f5es. Cultivar \u00e9 o motor da nossa a\u00e7\u00e3o.<\/p>\n<p><img loading=\"lazy\" decoding=\"async\" class=\"alignnone wp-image-10393\" src=\"https:\/\/www.tereos.com\/app\/uploads\/sites\/7\/2024\/06\/banniere-site-corpo-cultiver-300x175.png\" alt=\"\" width=\"579\" height=\"338\" srcset=\"https:\/\/www.tereos.com\/app\/uploads\/sites\/7\/2024\/06\/banniere-site-corpo-cultiver-300x175.png 300w, https:\/\/www.tereos.com\/app\/uploads\/sites\/7\/2024\/06\/banniere-site-corpo-cultiver-1536x897.png 1536w, https:\/\/www.tereos.com\/app\/uploads\/sites\/7\/2024\/06\/banniere-site-corpo-cultiver-2048x1195.png 2048w\" sizes=\"(max-width: 579px) 100vw, 579px\" \/><\/p>\n<h2><\/h2>\n<p>&nbsp;<\/p>\n<h2 style=\"text-align: right\"><strong>um futuro compartilhado<\/strong><\/h2>\n<p style=\"text-align: right\">Cultivamos para o presente\u2026 e para o futuro. Nossas pr\u00e1ticas agr\u00edcolas respons\u00e1veis e resilientes nos preparam para nos adaptarmos \u00e0s mudan\u00e7as no clima, nos padr\u00f5es de consumo e nas tecnologias. Estamos coletivamente envolvidos, como empresa, na sociedade.<\/p>\n<p style=\"text-align: right\"><img loading=\"lazy\" decoding=\"async\" class=\"alignnone wp-image-10396\" src=\"https:\/\/www.tereos.com\/app\/uploads\/sites\/7\/2024\/06\/banniere-site-corpo-un-avenir-commun-300x175.png\" alt=\"\" width=\"586\" height=\"342\" srcset=\"https:\/\/www.tereos.com\/app\/uploads\/sites\/7\/2024\/06\/banniere-site-corpo-un-avenir-commun-300x175.png 300w, https:\/\/www.tereos.com\/app\/uploads\/sites\/7\/2024\/06\/banniere-site-corpo-un-avenir-commun-1536x897.png 1536w, https:\/\/www.tereos.com\/app\/uploads\/sites\/7\/2024\/06\/banniere-site-corpo-un-avenir-commun-2048x1195.png 2048w\" sizes=\"(max-width: 586px) 100vw, 586px\" \/><\/p>\n<p>&nbsp;<\/p>\n<h2 style=\"text-align: left\"><strong>para o planeta e para as pessoas<\/strong><\/h2>\n<p>Sem o planeta, n\u00e3o h\u00e1 agricultura e nem vida. \u00c9 na terra que a Tereos cresce. \u00c9 nela que tudo come\u00e7a, com nossas mat\u00e9rias-primas vegetais. A terra d\u00e1 nome \u00e0 nossa cooperativa: Tereos. Al\u00e9m do planeta, contamos com as pessoas, com as mulheres e homens que s\u00e3o nossos cooperados, nossos colaboradores, nossos parceiros, nossos clientes e consumidores. S\u00e3o os cidad\u00e3os e as comunidades das regi\u00f5es em que operamos. \u201cPara o planeta e para as pessoas\u2026\u201d enfatiza a nossa interdepend\u00eancia e reciprocidade que rege as nossas rela\u00e7\u00f5es e que confere humanidade \u00e0 nossa a\u00e7\u00e3o.<\/p>\n<p><img loading=\"lazy\" decoding=\"async\" class=\"alignnone wp-image-10394\" src=\"https:\/\/www.tereos.com\/app\/uploads\/sites\/7\/2024\/06\/banniere-site-corpo-pour-la-terre-et-les-hommes-300x175.png\" alt=\"\" width=\"586\" height=\"342\" srcset=\"https:\/\/www.tereos.com\/app\/uploads\/sites\/7\/2024\/06\/banniere-site-corpo-pour-la-terre-et-les-hommes-300x175.png 300w, https:\/\/www.tereos.com\/app\/uploads\/sites\/7\/2024\/06\/banniere-site-corpo-pour-la-terre-et-les-hommes-1536x897.png 1536w, https:\/\/www.tereos.com\/app\/uploads\/sites\/7\/2024\/06\/banniere-site-corpo-pour-la-terre-et-les-hommes-2048x1195.png 2048w\" sizes=\"(max-width: 586px) 100vw, 586px\" \/><\/p>\n<p>&nbsp;<\/p>\n<p>&nbsp;<\/p>\n<h2 style=\"text-align: right\"><strong>atendendo \u00e0s necessidades di\u00e1rias essenciais da vida.<\/strong><\/h2>\n<p style=\"text-align: right\">Essa \u00faltima parte expressa toda a nossa compet\u00eancia, o servi\u00e7o que prestamos diretamente aos consumidores. Ela fala do nosso orgulho em colocar no mercado produtos \u00fateis para a vida. Alimentos, energia, nutri\u00e7\u00e3o animal, qu\u00edmica verde, farm\u00e1cia e cosm\u00e9ticos, papel e papel\u00e3o\u2026 atendemos a muitas necessidades do dia a dia.<\/p>\n<p style=\"text-align: right\"><img loading=\"lazy\" decoding=\"async\" class=\"alignnone wp-image-10392\" src=\"https:\/\/www.tereos.com\/app\/uploads\/sites\/7\/2024\/06\/banniere-site-corpo-besoins-essentiels-du-quotidien-300x175.png\" alt=\"\" width=\"574\" height=\"335\" srcset=\"https:\/\/www.tereos.com\/app\/uploads\/sites\/7\/2024\/06\/banniere-site-corpo-besoins-essentiels-du-quotidien-300x175.png 300w, https:\/\/www.tereos.com\/app\/uploads\/sites\/7\/2024\/06\/banniere-site-corpo-besoins-essentiels-du-quotidien-1536x897.png 1536w, https:\/\/www.tereos.com\/app\/uploads\/sites\/7\/2024\/06\/banniere-site-corpo-besoins-essentiels-du-quotidien-2048x1195.png 2048w\" sizes=\"(max-width: 574px) 100vw, 574px\" \/><\/p>\n<p>&nbsp;<\/p>\n"},{"acf_fc_layout":"rich_text","anchor_title":"","text":"<p>&nbsp;<\/p>\n<h1 style=\"text-align: center\"><strong><span class=\"TextRun SCXW199579742 BCX0\" lang=\"PT-BR\" xml:lang=\"PT-BR\" data-contrast=\"auto\"><span class=\"NormalTextRun SCXW199579742 BCX0\">Dia a dia, cultivando o futuro.<\/span><\/span><\/strong><\/h1>\n<p style=\"text-align: center\"><span class=\"ui-provider a b c d e f g h i j k l m n o p q r s t u v w x y z ab ac ae af ag ah ai aj ak\" dir=\"ltr\">Nossa assinatura desempenha um papel essencial na identidade da Tereos. Ela \u00e9 a express\u00e3o clara do nosso compromisso com nossos colaboradores, parceiros, clientes e comunidades das quais fazemos parte. Nossa assinatura \u00e9 uma maneira de comunicar e incorporar nossa missa\u0303o de uma forma memor\u00e1vel.<\/span><\/p>\n<p><img loading=\"lazy\" decoding=\"async\" class=\" wp-image-10365 aligncenter\" src=\"https:\/\/www.tereos.com\/app\/uploads\/sites\/7\/2024\/06\/logo-tereos-assinatura-rgb-300x133.jpg\" alt=\"\" width=\"266\" height=\"118\" srcset=\"https:\/\/www.tereos.com\/app\/uploads\/sites\/7\/2024\/06\/logo-tereos-assinatura-rgb-300x133.jpg 300w, https:\/\/www.tereos.com\/app\/uploads\/sites\/7\/2024\/06\/logo-tereos-assinatura-rgb-1536x683.jpg 1536w, https:\/\/www.tereos.com\/app\/uploads\/sites\/7\/2024\/06\/logo-tereos-assinatura-rgb-2048x910.jpg 2048w\" sizes=\"(max-width: 266px) 100vw, 266px\" \/><\/p>\n<p>&nbsp;<\/p>\n"}]}},"yoast_head":"<!-- This site is optimized with the Yoast SEO plugin v23.7 - https:\/\/yoast.com\/wordpress\/plugins\/seo\/ -->\n<title>Nosso prop\u00f3sito - Brasil<\/title>\n<meta name=\"robots\" content=\"index, follow, max-snippet:-1, max-image-preview:large, max-video-preview:-1\" \/>\n<link rel=\"canonical\" href=\"https:\/\/br.tereos.com\/pt-pt\/nosso-proposito\/\" \/>\n<meta property=\"og:locale\" content=\"pt_PT\" \/>\n<meta property=\"og:type\" content=\"article\" \/>\n<meta property=\"og:title\" content=\"Nosso prop\u00f3sito - Brasil\" \/>\n<meta property=\"og:url\" content=\"https:\/\/br.tereos.com\/pt-pt\/nosso-proposito\/\" \/>\n<meta property=\"og:site_name\" content=\"Brasil\" \/>\n<meta property=\"article:modified_time\" content=\"2025-03-28T21:21:34+00:00\" \/>\n<meta property=\"og:image\" content=\"https:\/\/www.tereos.com\/app\/uploads\/sites\/7\/2025\/03\/banner-site-nosso-proposito.jpg\" \/>\n\t<meta property=\"og:image:width\" content=\"1920\" \/>\n\t<meta property=\"og:image:height\" content=\"751\" \/>\n\t<meta property=\"og:image:type\" content=\"image\/jpeg\" \/>\n<meta name=\"twitter:card\" content=\"summary_large_image\" \/>\n<meta name=\"twitter:label1\" content=\"Est. reading time\" \/>\n\t<meta name=\"twitter:data1\" content=\"1 minute\" \/>\n<script type=\"application\/ld+json\" class=\"yoast-schema-graph\">{\"@context\":\"https:\/\/schema.org\",\"@graph\":[{\"@type\":\"WebPage\",\"@id\":\"https:\/\/br.tereos.com\/pt-pt\/nosso-proposito\/\",\"url\":\"https:\/\/br.tereos.com\/pt-pt\/nosso-proposito\/\",\"name\":\"Nosso prop\u00f3sito - Brasil\",\"isPartOf\":{\"@id\":\"https:\/\/br.tereos.com\/pt-pt\/#website\"},\"primaryImageOfPage\":{\"@id\":\"https:\/\/br.tereos.com\/pt-pt\/nosso-proposito\/#primaryimage\"},\"image\":{\"@id\":\"https:\/\/br.tereos.com\/pt-pt\/nosso-proposito\/#primaryimage\"},\"thumbnailUrl\":\"https:\/\/www.tereos.com\/app\/uploads\/sites\/7\/2025\/03\/banner-site-nosso-proposito.jpg\",\"datePublished\":\"2024-06-24T07:58:52+00:00\",\"dateModified\":\"2025-03-28T21:21:34+00:00\",\"breadcrumb\":{\"@id\":\"https:\/\/br.tereos.com\/pt-pt\/nosso-proposito\/#breadcrumb\"},\"inLanguage\":\"pt-PT\",\"potentialAction\":[{\"@type\":\"ReadAction\",\"target\":[\"https:\/\/br.tereos.com\/pt-pt\/nosso-proposito\/\"]}]},{\"@type\":\"ImageObject\",\"inLanguage\":\"pt-PT\",\"@id\":\"https:\/\/br.tereos.com\/pt-pt\/nosso-proposito\/#primaryimage\",\"url\":\"https:\/\/www.tereos.com\/app\/uploads\/sites\/7\/2025\/03\/banner-site-nosso-proposito.jpg\",\"contentUrl\":\"https:\/\/www.tereos.com\/app\/uploads\/sites\/7\/2025\/03\/banner-site-nosso-proposito.jpg\",\"width\":1920,\"height\":751},{\"@type\":\"BreadcrumbList\",\"@id\":\"https:\/\/br.tereos.com\/pt-pt\/nosso-proposito\/#breadcrumb\",\"itemListElement\":[{\"@type\":\"ListItem\",\"position\":1,\"name\":\"Home\",\"item\":\"https:\/\/br.tereos.com\/pt-pt\/\"},{\"@type\":\"ListItem\",\"position\":2,\"name\":\"Nosso prop\u00f3sito\"}]},{\"@type\":\"WebSite\",\"@id\":\"https:\/\/br.tereos.com\/pt-pt\/#website\",\"url\":\"https:\/\/br.tereos.com\/pt-pt\/\",\"name\":\"Brasil\",\"description\":\"Un site utilisant WordPress\",\"potentialAction\":[{\"@type\":\"SearchAction\",\"target\":{\"@type\":\"EntryPoint\",\"urlTemplate\":\"https:\/\/br.tereos.com\/pt-pt\/?s={search_term_string}\"},\"query-input\":{\"@type\":\"PropertyValueSpecification\",\"valueRequired\":true,\"valueName\":\"search_term_string\"}}],\"inLanguage\":\"pt-PT\"}]}<\/script>\n<!-- \/ Yoast SEO plugin. -->","yoast_head_json":{"title":"Nosso prop\u00f3sito - Brasil","robots":{"index":"index","follow":"follow","max-snippet":"max-snippet:-1","max-image-preview":"max-image-preview:large","max-video-preview":"max-video-preview:-1"},"canonical":"https:\/\/br.tereos.com\/pt-pt\/nosso-proposito\/","og_locale":"pt_PT","og_type":"article","og_title":"Nosso prop\u00f3sito - Brasil","og_url":"https:\/\/br.tereos.com\/pt-pt\/nosso-proposito\/","og_site_name":"Brasil","article_modified_time":"2025-03-28T21:21:34+00:00","og_image":[{"width":1920,"height":751,"url":"https:\/\/www.tereos.com\/app\/uploads\/sites\/7\/2025\/03\/banner-site-nosso-proposito.jpg","type":"image\/jpeg"}],"twitter_card":"summary_large_image","twitter_misc":{"Est. reading time":"1 minute"},"schema":{"@context":"https:\/\/schema.org","@graph":[{"@type":"WebPage","@id":"https:\/\/br.tereos.com\/pt-pt\/nosso-proposito\/","url":"https:\/\/br.tereos.com\/pt-pt\/nosso-proposito\/","name":"Nosso prop\u00f3sito - Brasil","isPartOf":{"@id":"https:\/\/br.tereos.com\/pt-pt\/#website"},"primaryImageOfPage":{"@id":"https:\/\/br.tereos.com\/pt-pt\/nosso-proposito\/#primaryimage"},"image":{"@id":"https:\/\/br.tereos.com\/pt-pt\/nosso-proposito\/#primaryimage"},"thumbnailUrl":"https:\/\/www.tereos.com\/app\/uploads\/sites\/7\/2025\/03\/banner-site-nosso-proposito.jpg","datePublished":"2024-06-24T07:58:52+00:00","dateModified":"2025-03-28T21:21:34+00:00","breadcrumb":{"@id":"https:\/\/br.tereos.com\/pt-pt\/nosso-proposito\/#breadcrumb"},"inLanguage":"pt-PT","potentialAction":[{"@type":"ReadAction","target":["https:\/\/br.tereos.com\/pt-pt\/nosso-proposito\/"]}]},{"@type":"ImageObject","inLanguage":"pt-PT","@id":"https:\/\/br.tereos.com\/pt-pt\/nosso-proposito\/#primaryimage","url":"https:\/\/www.tereos.com\/app\/uploads\/sites\/7\/2025\/03\/banner-site-nosso-proposito.jpg","contentUrl":"https:\/\/www.tereos.com\/app\/uploads\/sites\/7\/2025\/03\/banner-site-nosso-proposito.jpg","width":1920,"height":751},{"@type":"BreadcrumbList","@id":"https:\/\/br.tereos.com\/pt-pt\/nosso-proposito\/#breadcrumb","itemListElement":[{"@type":"ListItem","position":1,"name":"Home","item":"https:\/\/br.tereos.com\/pt-pt\/"},{"@type":"ListItem","position":2,"name":"Nosso prop\u00f3sito"}]},{"@type":"WebSite","@id":"https:\/\/br.tereos.com\/pt-pt\/#website","url":"https:\/\/br.tereos.com\/pt-pt\/","name":"Brasil","description":"Un site utilisant WordPress","potentialAction":[{"@type":"SearchAction","target":{"@type":"EntryPoint","urlTemplate":"https:\/\/br.tereos.com\/pt-pt\/?s={search_term_string}"},"query-input":{"@type":"PropertyValueSpecification","valueRequired":true,"valueName":"search_term_string"}}],"inLanguage":"pt-PT"}]}},"_links":{"self":[{"href":"https:\/\/br.tereos.com\/pt-pt\/wp-json\/wp\/v2\/pages\/10361"}],"collection":[{"href":"https:\/\/br.tereos.com\/pt-pt\/wp-json\/wp\/v2\/pages"}],"about":[{"href":"https:\/\/br.tereos.com\/pt-pt\/wp-json\/wp\/v2\/types\/page"}],"author":[{"embeddable":true,"href":"https:\/\/br.tereos.com\/pt-pt\/wp-json\/wp\/v2\/users\/1962"}],"replies":[{"embeddable":true,"href":"https:\/\/br.tereos.com\/pt-pt\/wp-json\/wp\/v2\/comments?post=10361"}],"version-history":[{"count":4,"href":"https:\/\/br.tereos.com\/pt-pt\/wp-json\/wp\/v2\/pages\/10361\/revisions"}],"predecessor-version":[{"id":10724,"href":"https:\/\/br.tereos.com\/pt-pt\/wp-json\/wp\/v2\/pages\/10361\/revisions\/10724"}],"wp:featuredmedia":[{"embeddable":true,"href":"https:\/\/br.tereos.com\/pt-pt\/wp-json\/wp\/v2\/media\/10723"}],"wp:attachment":[{"href":"https:\/\/br.tereos.com\/pt-pt\/wp-json\/wp\/v2\/media?parent=10361"}],"curies":[{"name":"wp","href":"https:\/\/api.w.org\/{rel}","templated":true}]}}